{"id":21812,"date":"2023-12-28T11:49:39","date_gmt":"2023-12-28T10:49:39","guid":{"rendered":"https:\/\/www.wepaflyer.com\/?post_type=product&#038;p=21812"},"modified":"2026-02-09T11:34:05","modified_gmt":"2026-02-09T10:34:05","slug":"hq-eco-trigger-blaze","status":"publish","type":"product","link":"https:\/\/www.wepaflyer.com\/de\/produkt\/hq-eco-trigger-blaze\/","title":{"rendered":"HQ Eco Trigger Blaze"},"content":{"rendered":"<h3><span style=\"line-height: 1.5em;\">HQ ECO TRIGGER BLAZE<\/span><\/h3>\n<h4><span style=\"line-height: 1.5em;\">175 x 90 cm. | R2F | Next Step f\u00fcr Anf\u00e4nger<\/span><\/h4>\n<p>Drachen der HQ Eco Line sind speziell f\u00fcr den \u201eFerien-Drachenflieger\u201c konzipiert und gefertigt; Der attraktive Preis, die hervorragende Qualit\u00e4t und die guten Flugeigenschaften machen ihn zu einem Favoriten f\u00fcr diejenigen, die ab und zu gerne einen Drachen steigen lassen. Geeignet f\u00fcr Jung und Alt, gute Verarbeitung und gutes Aussehen.<\/p>\n<p>Hergestellt aus robustem Ripstop-Polyestertuch mit 6 mm starkem Glasfaserrahmen.<\/p>\n<p>Der Trigger Blaze fliegt bevorzugt bei Windst\u00e4rken von 2 bis 6 Bft.<\/p>\n<p>Der Kite wird R2F (Ready-to-Fly) mit 2 x 25 m Lenkschn\u00fcren in 40 daN St\u00e4rke auf 2 Drachenringen und in der abgebildeten Farbkombination geliefert. Anweisungen im Paket enthalten. Verpackt in Transporttasche.<\/p>\n<p><strong>Spezifikationen:<\/strong><\/p>\n<ul>\n<li>Fl\u00fcgelspannweite: 175 cm<\/li>\n<li>H\u00f6he: 90 cm<\/li>\n<li>Tuch: Ripstop-Polyester<\/li>\n<li>St\u00e4be: 6 mm Fiberglas<\/li>\n<li>Leinen: Polyester 40 kp, 2 x 25 m auf Drachenringen, inbegriffen<\/li>\n<li>Wind: 2-6 Bft. (8-49 km\/h bzw. 5-31 mph)<\/li>\n<li>Ab 14 Jahren<\/li>\n<\/ul>\n","protected":false},"excerpt":{"rendered":"<p><span style=\"line-height: 1.5em;\">175 x 90 cm. | R2F | Next Step f\u00fcr Anf\u00e4nger<\/span><\/p>\n","protected":false},"featured_media":12587,"comment_status":"closed","ping_status":"closed","template":"","meta":{"_acf_changed":false},"product_brand":[],"product_cat":[1396,2177,2169,1348,1384],"product_tag":[],"class_list":{"0":"post-21812","1":"product","2":"type-product","3":"status-publish","4":"has-post-thumbnail","6":"product_cat-drachen","7":"product_cat-hq-kites","8":"product_cat-lenkdrachen","9":"product_cat-marken","10":"product_cat-sale","11":"pa_breedte-cm-90-de","12":"pa_lengte-cm-175-de","14":"first","15":"instock","16":"sale","17":"taxable","18":"shipping-taxable","19":"purchasable","20":"product-type-simple"},"acf":[],"_links":{"self":[{"href":"https:\/\/www.wepaflyer.com\/de\/wp-json\/wp\/v2\/product\/21812","targetHints":{"allow":["GET"]}}],"collection":[{"href":"https:\/\/www.wepaflyer.com\/de\/wp-json\/wp\/v2\/product"}],"about":[{"href":"https:\/\/www.wepaflyer.com\/de\/wp-json\/wp\/v2\/types\/product"}],"replies":[{"embeddable":true,"href":"https:\/\/www.wepaflyer.com\/de\/wp-json\/wp\/v2\/comments?post=21812"}],"wp:featuredmedia":[{"embeddable":true,"href":"https:\/\/www.wepaflyer.com\/de\/wp-json\/wp\/v2\/media\/12587"}],"wp:attachment":[{"href":"https:\/\/www.wepaflyer.com\/de\/wp-json\/wp\/v2\/media?parent=21812"}],"wp:term":[{"taxonomy":"product_brand","embeddable":true,"href":"https:\/\/www.wepaflyer.com\/de\/wp-json\/wp\/v2\/product_brand?post=21812"},{"taxonomy":"product_cat","embeddable":true,"href":"https:\/\/www.wepaflyer.com\/de\/wp-json\/wp\/v2\/product_cat?post=21812"},{"taxonomy":"product_tag","embeddable":true,"href":"https:\/\/www.wepaflyer.com\/de\/wp-json\/wp\/v2\/product_tag?post=21812"}],"curies":[{"name":"wp","href":"https:\/\/api.w.org\/{rel}","templated":true}]}}