{"id":21811,"date":"2023-12-28T11:49:39","date_gmt":"2023-12-28T10:49:39","guid":{"rendered":"https:\/\/www.wepaflyer.com\/?post_type=product&#038;p=21811"},"modified":"2026-01-21T13:20:48","modified_gmt":"2026-01-21T12:20:48","slug":"hq-eco-swallow-kite-rainbow","status":"publish","type":"product","link":"https:\/\/www.wepaflyer.com\/de\/produkt\/hq-eco-swallow-kite-rainbow\/","title":{"rendered":"HQ Eco Swallow Kite Rainbow"},"content":{"rendered":"<h3>HQ Eco Schwalbendrachen Regenbogen<\/h3>\n<h3>80 x 120 cm | Ready to Fly<\/h3>\n<p>Die HQ Ecoline besteht aus Drachenmodellen zu besonders g\u00fcnstigen Preisen.<\/p>\n<p>Die gute Verarbeitung von Ripstop-Polyester erweist sich im t\u00e4glichen Einsatz als sehr widerstandsf\u00e4hig.<\/p>\n<p >Alle Ecoline-Kinderdrachen werden \u201eReady to Fly\u201c geliefert \u2013 inklusive Griff mit Drachenleine.<\/p>\n<\/p>\n<ul>\n<li>Breite: 120 cm<\/li>\n<li>H\u00f6he: 80 cm< \/li>\n<li>Tuch: Nylon Polyester<\/li>\n<li>St\u00e4be: Fiberglas 2 + 3 mm<\/li>\n<li>inkl. Drachenleine: Polyester 17 daN, 25 m auf Drachenrolle<\/li>\n<li>Wind (Bft.): 1,5-4 (6-28 km\/h l 4-18 mph)<\/li>\n<li>Alter: 5 +<\/li>\n<\/ul>\n<p><b>Staffelrabatte<\/b>; Beim Kauf gr\u00f6\u00dferer Mengen gew\u00e4hren wir folgende Mengenrabatte:<\/p>\n<div>\n<ul>\n<li><b>ab 5 St\u00fcck: 5%<\/b><\/ li >\n<li><b>ab 10 St\u00fcck: 7,5%<\/b><\/li>\n<li><b>ab 25 St\u00fcck: 10%<\/b><\/li>\n<li><b>ab 50 St\u00fcck : 15%<\/b><\/li>\n<\/ul>\n<p>Der Mengenrabatt wird direkt im Warenkorb berechnet.<\/p>\n<\/div>\n","protected":false},"excerpt":{"rendered":"<p>80 x 120 cm Flugbereit<\/p>\n","protected":false},"featured_media":12585,"comment_status":"closed","ping_status":"closed","template":"","meta":{"_acf_changed":false},"product_brand":[],"product_cat":[1396,2184],"product_tag":[],"class_list":{"0":"post-21811","1":"product","2":"type-product","3":"status-publish","4":"has-post-thumbnail","6":"product_cat-drachen","7":"product_cat-kinderdrachen","8":"pa_breedte-cm-120-de","9":"pa_lengte-cm-80-de","11":"first","12":"instock","13":"taxable","14":"shipping-taxable","15":"purchasable","16":"product-type-simple"},"acf":[],"_links":{"self":[{"href":"https:\/\/www.wepaflyer.com\/de\/wp-json\/wp\/v2\/product\/21811","targetHints":{"allow":["GET"]}}],"collection":[{"href":"https:\/\/www.wepaflyer.com\/de\/wp-json\/wp\/v2\/product"}],"about":[{"href":"https:\/\/www.wepaflyer.com\/de\/wp-json\/wp\/v2\/types\/product"}],"replies":[{"embeddable":true,"href":"https:\/\/www.wepaflyer.com\/de\/wp-json\/wp\/v2\/comments?post=21811"}],"wp:featuredmedia":[{"embeddable":true,"href":"https:\/\/www.wepaflyer.com\/de\/wp-json\/wp\/v2\/media\/12585"}],"wp:attachment":[{"href":"https:\/\/www.wepaflyer.com\/de\/wp-json\/wp\/v2\/media?parent=21811"}],"wp:term":[{"taxonomy":"product_brand","embeddable":true,"href":"https:\/\/www.wepaflyer.com\/de\/wp-json\/wp\/v2\/product_brand?post=21811"},{"taxonomy":"product_cat","embeddable":true,"href":"https:\/\/www.wepaflyer.com\/de\/wp-json\/wp\/v2\/product_cat?post=21811"},{"taxonomy":"product_tag","embeddable":true,"href":"https:\/\/www.wepaflyer.com\/de\/wp-json\/wp\/v2\/product_tag?post=21811"}],"curies":[{"name":"wp","href":"https:\/\/api.w.org\/{rel}","templated":true}]}}