{"id":21810,"date":"2023-12-28T11:49:39","date_gmt":"2023-12-28T10:49:39","guid":{"rendered":"https:\/\/www.wepaflyer.com\/?post_type=product&#038;p=21810"},"modified":"2026-05-04T12:30:16","modified_gmt":"2026-05-04T10:30:16","slug":"hq-eco-simple-flyer-85-regenbogen","status":"publish","type":"product","link":"https:\/\/www.wepaflyer.com\/de\/produkt\/hq-eco-simple-flyer-85-regenbogen\/","title":{"rendered":"HQ Eco Simple Flyer 85 Rainbow"},"content":{"rendered":"<h3><span style=\"line-height: 1.5em;\">HQ ECO SIMPLE FLYER 85 RAINBOW<\/span><\/h3>\n<h4><span style=\"line-height: 1.5em;\">85 x 42 cm. | R2F | Mit breitem Schweif<\/span><\/h4>\n<p><span style=\"line-height: 1.5em;\">Die 1-leinigen Simple-Flyer-Drachen der HQ Eco Line-Serie sind speziell f\u00fcr den Einsatz in Schwierigkeiten konzipierte und gefertigte H\u00e4ngegleiter -kostenlos einen Drachen steigen lassen, damit auch die j\u00fcngsten Drachenflieger schnell und einfach einen Drachen steigen lassen k\u00f6nnen!<\/span><\/p>\n<p><span style=\"line-height: 1.5em;\">Dieser kleine Mit dem Simple Flyer 85 Drachen k\u00f6nnen Sie von Hand fliegen, das breite und lange Heck (fast 2 Meter lang!) sorgt daf\u00fcr, dass er extrem stabil fliegt und maximalen Flugspa\u00df zu einem minimalen Preis bietet. Geeignet f\u00fcr alle Altersgruppen.<\/span><\/p>\n<p><span style=\"line-height: 1.5em;\">Hergestellt aus Ripstop-Polyestergewebe mit 3 mm starkem Glasfaserrahmen.<\/span><\/p>\n<p><span style=\"line-height: 1.5em;\">Der HQ Eco Simple Flyer 85 fliegt am besten bei Windst\u00e4rken von 2 bis 5 Bft.<\/span><\/p>\n<p><span style=\"line- h\u00f6he: 1,5 cm;\">Der Drachen wird flugbereit mit 25 Metern Drachenleine auf einer Rolle in 17-daN-St\u00e4rke in Farbe und Design wie abgebildet geliefert. Anweisungen sind im Paket enthalten. Verpackt in einer einfachen H\u00fclle.<\/span><\/p>\n","protected":false},"excerpt":{"rendered":"<p><span style=\"line-height: 1.5em;\">85 x 42 cm. | R2F | Mit breitem Schweif<\/span><\/p>\n","protected":false},"featured_media":12584,"comment_status":"closed","ping_status":"closed","template":"","meta":{"_acf_changed":false},"product_brand":[],"product_cat":[1396,2177,2184,1348,1384],"product_tag":[3631],"class_list":{"0":"post-21810","1":"product","2":"type-product","3":"status-publish","4":"has-post-thumbnail","6":"product_cat-drachen","7":"product_cat-hq-kites","8":"product_cat-kinderdrachen","9":"product_cat-marken","10":"product_cat-sale","11":"product_tag-kindervliegers","12":"pa_breedte-cm-42-de","13":"pa_lengte-cm-85-de","15":"first","16":"instock","17":"sale","18":"taxable","19":"shipping-taxable","20":"purchasable","21":"product-type-simple"},"acf":[],"_links":{"self":[{"href":"https:\/\/www.wepaflyer.com\/de\/wp-json\/wp\/v2\/product\/21810","targetHints":{"allow":["GET"]}}],"collection":[{"href":"https:\/\/www.wepaflyer.com\/de\/wp-json\/wp\/v2\/product"}],"about":[{"href":"https:\/\/www.wepaflyer.com\/de\/wp-json\/wp\/v2\/types\/product"}],"replies":[{"embeddable":true,"href":"https:\/\/www.wepaflyer.com\/de\/wp-json\/wp\/v2\/comments?post=21810"}],"wp:featuredmedia":[{"embeddable":true,"href":"https:\/\/www.wepaflyer.com\/de\/wp-json\/wp\/v2\/media\/12584"}],"wp:attachment":[{"href":"https:\/\/www.wepaflyer.com\/de\/wp-json\/wp\/v2\/media?parent=21810"}],"wp:term":[{"taxonomy":"product_brand","embeddable":true,"href":"https:\/\/www.wepaflyer.com\/de\/wp-json\/wp\/v2\/product_brand?post=21810"},{"taxonomy":"product_cat","embeddable":true,"href":"https:\/\/www.wepaflyer.com\/de\/wp-json\/wp\/v2\/product_cat?post=21810"},{"taxonomy":"product_tag","embeddable":true,"href":"https:\/\/www.wepaflyer.com\/de\/wp-json\/wp\/v2\/product_tag?post=21810"}],"curies":[{"name":"wp","href":"https:\/\/api.w.org\/{rel}","templated":true}]}}