{"id":21809,"date":"2023-12-28T11:49:39","date_gmt":"2023-12-28T10:49:39","guid":{"rendered":"https:\/\/www.wepaflyer.com\/?post_type=product&#038;p=21809"},"modified":"2026-01-21T13:20:46","modified_gmt":"2026-01-21T12:20:46","slug":"hq-eco-simple-flyer-85-strahlender-regenbogen","status":"publish","type":"product","link":"https:\/\/www.wepaflyer.com\/de\/produkt\/hq-eco-simple-flyer-85-strahlender-regenbogen\/","title":{"rendered":"HQ Eco Simple Flyer 85 Strahlender Regenbogen"},"content":{"rendered":"<h3><span style=\"line-height: 1.5em;\">HQ ECO SIMPLE FLYER 85 RADIANT RAINBOW<\/span><\/h3>\n<h3><span style=\"line-height: 1.5em;\">85 x 42 cm.<\/span><\/h3>\n<p><span style=\"line-height: 1.5em;\">Die 1-leinigen einfachen Flyer-Drachen der HQ Eco Line-Serie sind speziell f\u00fcr Drachenflieger konzipiert und hergestellt Problemloses Drachensteigen, sodass auch die j\u00fcngsten Drachenflieger schnell und einfach einen Drachen steigen lassen k\u00f6nnen!<\/span><\/p>\n<p><span style=\"line-height: 1.5em;\">Dieser kleine Simple Flyer 85 Drachen Man kann ihn aus der Hand fliegen und fliegt aufgrund des breiten und langen Schwanzes (fast 2 Meter lang!) extrem stabil, maximaler Flugspa\u00df zum minimalen Preis. Geeignet f\u00fcr alle Altersgruppen.<\/span><\/p>\n<p><span style=\"line-height: 1.5em;\">Hergestellt aus Ripstop-Polyestergewebe mit 3 mm starkem Glasfaserrahmen.<\/span><\/p>\n<p ><span style=\"line-height: 1.5em;\">Der HQ Eco Simple Flyer 85 fliegt am besten bei Windst\u00e4rken von 2 bis 5 Bft.<\/span><\/p>\n<p><span style=\"line- H\u00f6he: 1,5 cm;\">Der Drachen wird flugbereit mit 25 Metern Drachenleine auf einer Rolle in 17-daN-St\u00e4rke in Farbe und Design wie abgebildet geliefert. Anweisungen sind im Paket enthalten. Verpackt in einer einfachen H\u00fclle.<\/span><\/p>\n","protected":false},"excerpt":{"rendered":"<p>85 x 42 cm. Bereit zum Fliegen<\/p>\n","protected":false},"featured_media":12583,"comment_status":"closed","ping_status":"closed","template":"","meta":{"_acf_changed":false},"product_brand":[],"product_cat":[1396,2177,2184],"product_tag":[],"class_list":{"0":"post-21809","1":"product","2":"type-product","3":"status-publish","4":"has-post-thumbnail","6":"product_cat-drachen","7":"product_cat-hq-kites","8":"product_cat-kinderdrachen","9":"pa_breedte-cm-42-de","10":"pa_lengte-cm-85-de","12":"first","13":"instock","14":"taxable","15":"shipping-taxable","16":"purchasable","17":"product-type-simple"},"acf":[],"_links":{"self":[{"href":"https:\/\/www.wepaflyer.com\/de\/wp-json\/wp\/v2\/product\/21809","targetHints":{"allow":["GET"]}}],"collection":[{"href":"https:\/\/www.wepaflyer.com\/de\/wp-json\/wp\/v2\/product"}],"about":[{"href":"https:\/\/www.wepaflyer.com\/de\/wp-json\/wp\/v2\/types\/product"}],"replies":[{"embeddable":true,"href":"https:\/\/www.wepaflyer.com\/de\/wp-json\/wp\/v2\/comments?post=21809"}],"wp:featuredmedia":[{"embeddable":true,"href":"https:\/\/www.wepaflyer.com\/de\/wp-json\/wp\/v2\/media\/12583"}],"wp:attachment":[{"href":"https:\/\/www.wepaflyer.com\/de\/wp-json\/wp\/v2\/media?parent=21809"}],"wp:term":[{"taxonomy":"product_brand","embeddable":true,"href":"https:\/\/www.wepaflyer.com\/de\/wp-json\/wp\/v2\/product_brand?post=21809"},{"taxonomy":"product_cat","embeddable":true,"href":"https:\/\/www.wepaflyer.com\/de\/wp-json\/wp\/v2\/product_cat?post=21809"},{"taxonomy":"product_tag","embeddable":true,"href":"https:\/\/www.wepaflyer.com\/de\/wp-json\/wp\/v2\/product_tag?post=21809"}],"curies":[{"name":"wp","href":"https:\/\/api.w.org\/{rel}","templated":true}]}}