{"id":21807,"date":"2023-12-28T11:49:12","date_gmt":"2023-12-28T10:49:12","guid":{"rendered":"https:\/\/www.wepaflyer.com\/?post_type=product&#038;p=21807"},"modified":"2026-01-21T13:20:44","modified_gmt":"2026-01-21T12:20:44","slug":"hq-eco-simple-flyer-85-jolly-roger","status":"publish","type":"product","link":"https:\/\/www.wepaflyer.com\/de\/produkt\/hq-eco-simple-flyer-85-jolly-roger\/","title":{"rendered":"HQ Eco Simple Flyer 85 Jolly Roger"},"content":{"rendered":"<h3><span style=\"line-height: 1.5em;\">HQ ECO SIMPLE FLYER 85 JOLLY ROGER<\/span><\/h3>\n<h4><span style=\"line-height: 1.5em;\">Einleiner Deltadrachen | 85 x 42 cm. | R2F<\/span><\/h4>\n<p><span style=\"line-height: 1.5em;\">Die 1-leinigen einfachen Flyer-Drachen der HQ Eco Line-Serie sind speziell entwickelt und hergestellt f\u00fcr problemloses Drachensteigen, damit auch die j\u00fcngsten Drachenflieger schnell und einfach einen Drachen steigen lassen k\u00f6nnen!<br \/>\n<\/span><span style=\"line-height: 1,5em;\">Ganz einfach: Sie k\u00f6nnen den Simple Flyer 85-Drachen aus der Hand steigen lassen und der breite und lange Schweif (fast 2 Meter lang!) sorgt daf\u00fcr, dass er extrem stabil fliegt und maximalen Flugspa\u00df zu einem minimalen Preis bietet. Geeignet f\u00fcr alle Altersgruppen.<br \/>\n<\/span><span style=\"line-height: 1.5em;\">Hergestellt aus Ripstop-Polyestergewebe mit 3 mm starkem Glasfaserrahmen.<br \/>\n<\/span><span style=\"line-height: 1.5em;\">Der HQ Eco Simple Flyer 85 fliegt am besten bei Windst\u00e4rken von 2 bis 5 Bft.<br \/>\n<\/span><span style=\"line- h\u00f6he: 1,5em;\">Der Drachen wird flugbereit mit 25 Metern Drachenschnur auf einem Drachengriff in 17-daN-St\u00e4rke in Farbe und Design wie abgebildet geliefert. Anweisungen sind im Paket enthalten. Verpackt in einer einfachen H\u00fclle.<\/span><\/p>\n<p><strong>Spezifikationen:<\/strong><\/p>\n<ul>\n<li>Breite: 85 cm<\/li>\n<li>H\u00f6he: 42 cm<\/li>\n<li>Segel: Polyester<\/li>\n<li>St\u00e4be: Fiberglas 3 mm<\/li>\n<li>inkl. Schnur: Polyester 17 kp, 25 m auf Griff<\/li>\n<li>Wind (Bft.): 2-5 (6-38 km\/h l 4-24 mph)<br \/>\nAlter: 5+<\/li>\n<\/ul>\n","protected":false},"excerpt":{"rendered":"<p><span style=\"line-height: 1.5em;\">Einleiner Deltadrachen | 85 x 42 cm. | R2F<\/span><\/p>\n","protected":false},"featured_media":12580,"comment_status":"closed","ping_status":"closed","template":"","meta":{"_acf_changed":false},"product_brand":[],"product_cat":[1396,2177,2184,1348,1384],"product_tag":[],"class_list":{"0":"post-21807","1":"product","2":"type-product","3":"status-publish","4":"has-post-thumbnail","6":"product_cat-drachen","7":"product_cat-hq-kites","8":"product_cat-kinderdrachen","9":"product_cat-marken","10":"product_cat-sale","11":"pa_breedte-cm-42-de","12":"pa_lengte-cm-85-de","14":"first","15":"instock","16":"sale","17":"taxable","18":"shipping-taxable","19":"purchasable","20":"product-type-simple"},"acf":[],"_links":{"self":[{"href":"https:\/\/www.wepaflyer.com\/de\/wp-json\/wp\/v2\/product\/21807","targetHints":{"allow":["GET"]}}],"collection":[{"href":"https:\/\/www.wepaflyer.com\/de\/wp-json\/wp\/v2\/product"}],"about":[{"href":"https:\/\/www.wepaflyer.com\/de\/wp-json\/wp\/v2\/types\/product"}],"replies":[{"embeddable":true,"href":"https:\/\/www.wepaflyer.com\/de\/wp-json\/wp\/v2\/comments?post=21807"}],"wp:featuredmedia":[{"embeddable":true,"href":"https:\/\/www.wepaflyer.com\/de\/wp-json\/wp\/v2\/media\/12580"}],"wp:attachment":[{"href":"https:\/\/www.wepaflyer.com\/de\/wp-json\/wp\/v2\/media?parent=21807"}],"wp:term":[{"taxonomy":"product_brand","embeddable":true,"href":"https:\/\/www.wepaflyer.com\/de\/wp-json\/wp\/v2\/product_brand?post=21807"},{"taxonomy":"product_cat","embeddable":true,"href":"https:\/\/www.wepaflyer.com\/de\/wp-json\/wp\/v2\/product_cat?post=21807"},{"taxonomy":"product_tag","embeddable":true,"href":"https:\/\/www.wepaflyer.com\/de\/wp-json\/wp\/v2\/product_tag?post=21807"}],"curies":[{"name":"wp","href":"https:\/\/api.w.org\/{rel}","templated":true}]}}