{"id":21806,"date":"2023-12-28T11:49:12","date_gmt":"2023-12-28T10:49:12","guid":{"rendered":"https:\/\/www.wepaflyer.com\/?post_type=product&#038;p=21806"},"modified":"2026-01-21T13:20:43","modified_gmt":"2026-01-21T12:20:43","slug":"hq-eco-simple-flyer-85-ducky","status":"publish","type":"product","link":"https:\/\/www.wepaflyer.com\/de\/produkt\/hq-eco-simple-flyer-85-ducky\/","title":{"rendered":"HQ Eco Simple Flyer 85 Ducky"},"content":{"rendered":"<h3><span style=\"line-height: 1.5em;\">HQ ECO SIMPLE FLYER 85 DUCKY<\/span><\/h3>\n<h3><span style=\"line-height: 1.5em;\">85 x 42 cm.<\/span><\/h3>\n<p><span style=\"line-height: 1.5em;\">Die 1-leinigen Simple-Flyer-Drachen der HQ Eco Line-Serie sind speziell f\u00fcr den Einsatz in Schwierigkeiten konzipierte und gefertigte H\u00e4ngegleiter -kostenlos einen Drachen steigen lassen, damit auch die j\u00fcngsten Drachenflieger schnell und einfach einen Drachen steigen lassen k\u00f6nnen!<\/span><\/p>\n<p><span style=\"line-height: 1.5em;\">Dieser kleine Mit dem Simple Flyer 85 Drachen k\u00f6nnen Sie von Hand fliegen, das breite und lange Heck (fast 2 Meter lang!) sorgt daf\u00fcr, dass er extrem stabil fliegt und maximalen Flugspa\u00df zu einem minimalen Preis bietet. Geeignet f\u00fcr alle Altersgruppen.<\/span><\/p>\n<p><span style=\"line-height: 1.5em;\">Hergestellt aus Ripstop-Polyestergewebe mit 3 mm starkem Glasfaserrahmen.<\/span><\/p>\n<p ><span style=\"line-height: 1.5em;\">Der HQ Eco Simple Flyer 85 fliegt am besten bei Windst\u00e4rken von 2 bis 5 Bft.<\/span><\/p>\n<p><span style=\"line- H\u00f6he: 1,5 cm;\">Der Drachen wird flugbereit mit 25 Metern Drachenleine auf einer Rolle in 17-daN-St\u00e4rke in Farbe und Design wie abgebildet geliefert. Anweisungen sind im Paket enthalten. Verpackt in einer einfachen H\u00fclle.<\/span><\/p>\n","protected":false},"excerpt":{"rendered":"<p>85 x 42 cm. Bereit zum Fliegen<\/p>\n","protected":false},"featured_media":12578,"comment_status":"closed","ping_status":"closed","template":"","meta":{"_acf_changed":false},"product_brand":[],"product_cat":[1396,2177,2184],"product_tag":[],"class_list":{"0":"post-21806","1":"product","2":"type-product","3":"status-publish","4":"has-post-thumbnail","6":"product_cat-drachen","7":"product_cat-hq-kites","8":"product_cat-kinderdrachen","9":"pa_breedte-cm-42-de","10":"pa_lengte-cm-85-de","12":"first","13":"instock","14":"taxable","15":"shipping-taxable","16":"purchasable","17":"product-type-simple"},"acf":[],"_links":{"self":[{"href":"https:\/\/www.wepaflyer.com\/de\/wp-json\/wp\/v2\/product\/21806","targetHints":{"allow":["GET"]}}],"collection":[{"href":"https:\/\/www.wepaflyer.com\/de\/wp-json\/wp\/v2\/product"}],"about":[{"href":"https:\/\/www.wepaflyer.com\/de\/wp-json\/wp\/v2\/types\/product"}],"replies":[{"embeddable":true,"href":"https:\/\/www.wepaflyer.com\/de\/wp-json\/wp\/v2\/comments?post=21806"}],"wp:featuredmedia":[{"embeddable":true,"href":"https:\/\/www.wepaflyer.com\/de\/wp-json\/wp\/v2\/media\/12578"}],"wp:attachment":[{"href":"https:\/\/www.wepaflyer.com\/de\/wp-json\/wp\/v2\/media?parent=21806"}],"wp:term":[{"taxonomy":"product_brand","embeddable":true,"href":"https:\/\/www.wepaflyer.com\/de\/wp-json\/wp\/v2\/product_brand?post=21806"},{"taxonomy":"product_cat","embeddable":true,"href":"https:\/\/www.wepaflyer.com\/de\/wp-json\/wp\/v2\/product_cat?post=21806"},{"taxonomy":"product_tag","embeddable":true,"href":"https:\/\/www.wepaflyer.com\/de\/wp-json\/wp\/v2\/product_tag?post=21806"}],"curies":[{"name":"wp","href":"https:\/\/api.w.org\/{rel}","templated":true}]}}