{"id":21799,"date":"2023-12-28T11:49:12","date_gmt":"2023-12-28T10:49:12","guid":{"rendered":"https:\/\/www.wepaflyer.com\/?post_type=product&#038;p=21799"},"modified":"2026-01-21T13:20:37","modified_gmt":"2026-01-21T12:20:37","slug":"hq-eco-simple-flyer-120-piggy","status":"publish","type":"product","link":"https:\/\/www.wepaflyer.com\/de\/produkt\/hq-eco-simple-flyer-120-piggy\/","title":{"rendered":"HQ Eco Simple Flyer 120 Piggy"},"content":{"rendered":"<h3 style=\"text-align: justify;\"><span style=\"line-height: 1.5em;\">HQ ECO SIMPLE FLYER 120 PIGGY<\/span><\/h3>\n<h4 style=\"text-align: justify;\"><span style=\"line-height: 1.5em;\">120 x 75 cm. | R2F | 2 Meter langer Schweif<\/span><\/h4>\n<p style=\"text-align: justify;\"><span style=\"line -h\u00f6he: 1,5em;\">Die 1-leinigen Einfachflieger-Drachen der HQ Eco Line-Serie sind speziell entwickelte und gefertigte H\u00e4ngegleiter f\u00fcr problemloses Drachenfliegen, sodass auch die j\u00fcngsten Drachenflieger schnell und einfach einen Drachen steigen lassen k\u00f6nnen. Erfolgreich Garantiert!&lt;\/span &gt;<\/span><\/p>\n<p style=\"text-align: justify;\"><span style=\"line-height: 1.5em;\">Dieser mittelgro\u00dfe Simple Flyer 120 Drachen kann von Hand geflogen werden Auf und durch das breite und lange Heck (fast 2 Meter lang!) fliegt er extrem stabil, maximaler Flugspa\u00df zum minimalen Preis. Geeignet f\u00fcr alle Altersgruppen.<\/span><\/p>\n<p style=\"text-align: justify;\"><span style=\"line-height: 1.5em;\">Hergestellt aus Ripstop-Polyestergewebe mit 4-mm-Glasfaserrahmen. <\/span><\/p>\n<p style=\"text-align: justify;\"><span style=\"line-height: 1.5em;\">Der HQ Eco Simple Flyer 120 fliegt am besten bei Windst\u00e4rken von 2 bis 5 Bft.<\/span><\/p>\n<p style=\"text-align: justify;\"><span style=\"line-height: 1.5em;\">Der Drachen wird flugbereit mit 25 Metern Drachenleine geliefert eine Rolle. 17daN St\u00e4rke in Farbe und Design wie abgebildet. Anweisungen sind im Paket enthalten. Verpackt in einer einfachen H\u00fclle.<\/span><\/p>\n","protected":false},"excerpt":{"rendered":"<p style=\"text-align: justify;\"><span style=\"line-height: 1.5em;\">120 x 75 cm. | R2F | 2 Meter langer Schweif<\/span><\/p>\n","protected":false},"featured_media":12565,"comment_status":"closed","ping_status":"closed","template":"","meta":{"_acf_changed":false},"product_brand":[],"product_cat":[1396,2177,2184,1348,1384],"product_tag":[],"class_list":{"0":"post-21799","1":"product","2":"type-product","3":"status-publish","4":"has-post-thumbnail","6":"product_cat-drachen","7":"product_cat-hq-kites","8":"product_cat-kinderdrachen","9":"product_cat-marken","10":"product_cat-sale","11":"pa_breedte-cm-19-de","12":"pa_lengte-cm-120-de","14":"first","15":"instock","16":"sale","17":"taxable","18":"shipping-taxable","19":"purchasable","20":"product-type-simple"},"acf":[],"_links":{"self":[{"href":"https:\/\/www.wepaflyer.com\/de\/wp-json\/wp\/v2\/product\/21799","targetHints":{"allow":["GET"]}}],"collection":[{"href":"https:\/\/www.wepaflyer.com\/de\/wp-json\/wp\/v2\/product"}],"about":[{"href":"https:\/\/www.wepaflyer.com\/de\/wp-json\/wp\/v2\/types\/product"}],"replies":[{"embeddable":true,"href":"https:\/\/www.wepaflyer.com\/de\/wp-json\/wp\/v2\/comments?post=21799"}],"wp:featuredmedia":[{"embeddable":true,"href":"https:\/\/www.wepaflyer.com\/de\/wp-json\/wp\/v2\/media\/12565"}],"wp:attachment":[{"href":"https:\/\/www.wepaflyer.com\/de\/wp-json\/wp\/v2\/media?parent=21799"}],"wp:term":[{"taxonomy":"product_brand","embeddable":true,"href":"https:\/\/www.wepaflyer.com\/de\/wp-json\/wp\/v2\/product_brand?post=21799"},{"taxonomy":"product_cat","embeddable":true,"href":"https:\/\/www.wepaflyer.com\/de\/wp-json\/wp\/v2\/product_cat?post=21799"},{"taxonomy":"product_tag","embeddable":true,"href":"https:\/\/www.wepaflyer.com\/de\/wp-json\/wp\/v2\/product_tag?post=21799"}],"curies":[{"name":"wp","href":"https:\/\/api.w.org\/{rel}","templated":true}]}}