{"id":21796,"date":"2023-12-28T11:49:12","date_gmt":"2023-12-28T10:49:12","guid":{"rendered":"https:\/\/www.wepaflyer.com\/?post_type=product&#038;p=21796"},"modified":"2026-01-21T13:20:35","modified_gmt":"2026-01-21T12:20:35","slug":"hq-eco-simple-flyer-120-jacques-der-clownfisch","status":"publish","type":"product","link":"https:\/\/www.wepaflyer.com\/de\/produkt\/hq-eco-simple-flyer-120-jacques-der-clownfisch\/","title":{"rendered":"HQ Eco Simple Flyer 120 Jacques der Clownfisch"},"content":{"rendered":"<h3>HQ ECO SIMPLE FLYER 120 JACQUES the CLOWNFISH<\/h3>\n<h3>120 x 75 cm.<\/h3>\n<p>Die 1-leinigen Simple Flyer-Drachen der HQ Eco Line-Serie sind speziell entwickelte und hergestellte H\u00e4ngegleiter f\u00fcr problemloses Drachensteigen, damit auch die j\u00fcngsten Drachenflieger schnell und einfach einen Drachen steigen lassen k\u00f6nnen!<\/p>\n<p>Dieser mittelgro\u00dfe Simple Flyer Der 120er-Drachen l\u00e4sst sich aus der Hand fliegen und durch das breite und lange Heck (fast 2 Meter lang!) fliegt er extrem stabil und bietet maximalen Flugspa\u00df zum minimalen Preis. Geeignet f\u00fcr alle Altersgruppen.<\/p>\n<p>Hergestellt aus Ripstop-Polyestergewebe mit einem 4-mm-Glasfaserrahmen.<\/p>\n<p>Der HQ Eco Simple Flyer 120 fliegt am besten bei Windst\u00e4rken von 2 bis 5 Bft.<\/p >\n<p>Der Drachen wird flugbereit mit 25 Metern Drachenleine auf einer Rolle in 17-daN-St\u00e4rke in Farbe und Design wie abgebildet geliefert. Anweisungen sind im Paket enthalten. Verpackt in einfacher H\u00fclle.<\/p>\n","protected":false},"excerpt":{"rendered":"<p>120 x 75 cm. Bereit zum Fliegen<\/p>\n","protected":false},"featured_media":12562,"comment_status":"closed","ping_status":"closed","template":"","meta":{"_acf_changed":false},"product_brand":[],"product_cat":[1396,2177,2184],"product_tag":[],"class_list":{"0":"post-21796","1":"product","2":"type-product","3":"status-publish","4":"has-post-thumbnail","6":"product_cat-drachen","7":"product_cat-hq-kites","8":"product_cat-kinderdrachen","9":"pa_breedte-cm-19-de","10":"pa_lengte-cm-120-de","12":"first","13":"instock","14":"taxable","15":"shipping-taxable","16":"purchasable","17":"product-type-simple"},"acf":[],"_links":{"self":[{"href":"https:\/\/www.wepaflyer.com\/de\/wp-json\/wp\/v2\/product\/21796","targetHints":{"allow":["GET"]}}],"collection":[{"href":"https:\/\/www.wepaflyer.com\/de\/wp-json\/wp\/v2\/product"}],"about":[{"href":"https:\/\/www.wepaflyer.com\/de\/wp-json\/wp\/v2\/types\/product"}],"replies":[{"embeddable":true,"href":"https:\/\/www.wepaflyer.com\/de\/wp-json\/wp\/v2\/comments?post=21796"}],"wp:featuredmedia":[{"embeddable":true,"href":"https:\/\/www.wepaflyer.com\/de\/wp-json\/wp\/v2\/media\/12562"}],"wp:attachment":[{"href":"https:\/\/www.wepaflyer.com\/de\/wp-json\/wp\/v2\/media?parent=21796"}],"wp:term":[{"taxonomy":"product_brand","embeddable":true,"href":"https:\/\/www.wepaflyer.com\/de\/wp-json\/wp\/v2\/product_brand?post=21796"},{"taxonomy":"product_cat","embeddable":true,"href":"https:\/\/www.wepaflyer.com\/de\/wp-json\/wp\/v2\/product_cat?post=21796"},{"taxonomy":"product_tag","embeddable":true,"href":"https:\/\/www.wepaflyer.com\/de\/wp-json\/wp\/v2\/product_tag?post=21796"}],"curies":[{"name":"wp","href":"https:\/\/api.w.org\/{rel}","templated":true}]}}