{"id":21782,"date":"2023-12-28T11:49:12","date_gmt":"2023-12-28T10:49:12","guid":{"rendered":"https:\/\/www.wepaflyer.com\/?post_type=product&#038;p=21782"},"modified":"2026-02-15T10:20:37","modified_gmt":"2026-02-15T09:20:37","slug":"hq-eco-eddy-70-t-rex","status":"publish","type":"product","link":"https:\/\/www.wepaflyer.com\/de\/produkt\/hq-eco-eddy-70-t-rex\/","title":{"rendered":"HQ Eco Eddy 70 T-Rex"},"content":{"rendered":"<h3 style=\"text-align: justify;\"><span style=\"line-height: 1.5em;\">HQ ECO EDDY 70 T-REX<\/span><\/h3>\n<h4 style=\"text-align: justify;\"><span style=\"line-height: 1.5em;\">70 x 58 cm. | R2F | Attraktiver Kinderdrachen<\/span><\/h4>\n<p style=\"text-align: justify;\"><span style=\"line-height: 1.5em;\">Die 1-leiner Diamantdrachen der HQ Eco Line-Serie sind etwas Besonderes. Entwickelt und hergestellt f\u00fcr problemloses Drachensteigen, damit auch die j\u00fcngsten Drachenflieger schnell und einfach einen Drachen steigen lassen k\u00f6nnen!<\/span><\/p>\n<p style=\"text-align: justify;\"><span style=\"line- height: 1.5em;\">Sie k\u00f6nnen diesen mittelgro\u00dfen Eddy 70-Drachen aus der Hand fliegen lassen und so maximalen Flugspa\u00df zu einem minimalen Preis erzielen. F\u00fcr alle Altersgruppen geeignet.<\/span><\/p>\n<p style=\"text-align: justify;\"><span style=\"line-height: 1.5em;\">Hergestellt aus Ripstop-Polyestergewebe mit 4&amp;2 mm starkem Glasfaserrahmen. <\/span><\/p>\n<p style=\"text-align: justify;\"><span style=\"line-height: 1.5em;\">Der HQ Eco Eddy 70 fliegt am liebsten bei Windst\u00e4rken von 2 bis 5 Bft .<\/span><\/p>\n<p style=\"text-align: justify;\"><span style=\"line-height: 1.5em;\">Der Drachen wird flugbereit mit 25 Metern Drachenleine in 17daN St\u00e4rke auf Drachengriff geliefert und in Farbe und Design wie abgebildet. Eine Anleitung und ein sch\u00f6ner Drachenschwanz sind im Paket enthalten. Verpackt in einer einfachen H\u00fclle.<\/span><\/p>\n<ul>\n<li>Breite: 58 cm<\/li>\n<li>H\u00f6he: 70 cm + 2,5m Drachenschwanz<\/li>\n<li>Segel: Ripstop-Polyester<\/li>\n<li>St\u00e4be: 2+4 mm Fiberglas<\/li>\n<li>Schnur: Polyester 17 kp, 25 m auf Griff inkl.<\/li>\n<li>Wind (Bft.): 2-5 (6-38 km\/h l 4-24 mph)<\/li>\n<li>Alter: 5+<\/li>\n<\/ul>\n","protected":false},"excerpt":{"rendered":"<p style=\"text-align: justify;\"><span style=\"line-height: 1.5em;\">70 x 58 cm. | R2F | Attraktiver Kinderdrachen<\/span><\/p>\n","protected":false},"featured_media":12547,"comment_status":"closed","ping_status":"closed","template":"","meta":{"_acf_changed":false},"product_brand":[],"product_cat":[1396,2177,2184,1348],"product_tag":[],"class_list":{"0":"post-21782","1":"product","2":"type-product","3":"status-publish","4":"has-post-thumbnail","6":"product_cat-drachen","7":"product_cat-hq-kites","8":"product_cat-kinderdrachen","9":"product_cat-marken","10":"pa_breedte-cm-58-de","11":"pa_lengte-cm-70-de","13":"first","14":"instock","15":"sale","16":"taxable","17":"shipping-taxable","18":"purchasable","19":"product-type-simple"},"acf":[],"_links":{"self":[{"href":"https:\/\/www.wepaflyer.com\/de\/wp-json\/wp\/v2\/product\/21782","targetHints":{"allow":["GET"]}}],"collection":[{"href":"https:\/\/www.wepaflyer.com\/de\/wp-json\/wp\/v2\/product"}],"about":[{"href":"https:\/\/www.wepaflyer.com\/de\/wp-json\/wp\/v2\/types\/product"}],"replies":[{"embeddable":true,"href":"https:\/\/www.wepaflyer.com\/de\/wp-json\/wp\/v2\/comments?post=21782"}],"wp:featuredmedia":[{"embeddable":true,"href":"https:\/\/www.wepaflyer.com\/de\/wp-json\/wp\/v2\/media\/12547"}],"wp:attachment":[{"href":"https:\/\/www.wepaflyer.com\/de\/wp-json\/wp\/v2\/media?parent=21782"}],"wp:term":[{"taxonomy":"product_brand","embeddable":true,"href":"https:\/\/www.wepaflyer.com\/de\/wp-json\/wp\/v2\/product_brand?post=21782"},{"taxonomy":"product_cat","embeddable":true,"href":"https:\/\/www.wepaflyer.com\/de\/wp-json\/wp\/v2\/product_cat?post=21782"},{"taxonomy":"product_tag","embeddable":true,"href":"https:\/\/www.wepaflyer.com\/de\/wp-json\/wp\/v2\/product_tag?post=21782"}],"curies":[{"name":"wp","href":"https:\/\/api.w.org\/{rel}","templated":true}]}}