{"id":21777,"date":"2023-12-28T11:48:43","date_gmt":"2023-12-28T10:48:43","guid":{"rendered":"https:\/\/www.wepaflyer.com\/?post_type=product&#038;p=21777"},"modified":"2026-05-04T12:30:15","modified_gmt":"2026-05-04T10:30:15","slug":"hq-eco-eddy-50-einhorn","status":"publish","type":"product","link":"https:\/\/www.wepaflyer.com\/de\/produkt\/hq-eco-eddy-50-einhorn\/","title":{"rendered":"HQ Eco Eddy 50 Einhorn"},"content":{"rendered":"<h3><span style=\"line-height: 1.5em;\">HQ ECO EDDY 50 UNICORN (Einhorn)<\/span><\/h3>\n<h3><span style=\"line-height: 1.5em;\"> 50 x 45 cm. | R2F<\/span><\/h3>\n<p><span style=\"line-height: 1.5em;\">Die 1-leinigen Diamantdrachen der HQ Eco Line Serie sind speziell f\u00fcr den problemlosen Drachenflug konzipiert und hergestellt dass auch die j\u00fcngsten Drachenflieger schnell und einfach einen Drachen steigen lassen k\u00f6nnen!<\/span><\/p>\n<p><span style=\"line-height: 1.5em;\">Diesen kleinen Eddy 50 Drachen k\u00f6nnen Sie fliegen lassen von Hand. Maximaler Flugspa\u00df zum minimalen Preis. Geeignet f\u00fcr alle Altersgruppen.<\/span><\/p>\n<p><span style=\"line-height: 1.5em;\">Hergestellt aus Ripstop-Polyestergewebe mit 2 und 1,5 mm starkem Glasfaserrahmen.<\/span><\/p>\n<p><span style=\"line-height: 1.5em;\">Der HQ Eco Eddy 50 fliegt am liebsten bei Windst\u00e4rken von 2 bis 5 Bft.<\/span><\/p>\n<p><span style=\" Leinenh\u00f6he: 1,5 cm;\">Der Kite wird flugbereit mit 25 Metern Drachenleine auf einer Rolle in 10-daN-St\u00e4rke in Farbe und Design wie abgebildet geliefert. Eine Anleitung und ein sch\u00f6ner Drachenschwanz sind im Paket enthalten. Verpackt in einer einfachen H\u00fclle.<\/span><\/p>\n","protected":false},"excerpt":{"rendered":"<p>50 x 45 cm. Bereit zum Fliegen<\/p>\n","protected":false},"featured_media":12536,"comment_status":"closed","ping_status":"closed","template":"","meta":{"_acf_changed":false},"product_brand":[],"product_cat":[1396,2184],"product_tag":[3631],"class_list":{"0":"post-21777","1":"product","2":"type-product","3":"status-publish","4":"has-post-thumbnail","6":"product_cat-drachen","7":"product_cat-kinderdrachen","8":"product_tag-kindervliegers","9":"pa_breedte-cm-45-de","10":"pa_lengte-cm-50-de","12":"first","13":"onbackorder","14":"taxable","15":"shipping-taxable","16":"purchasable","17":"product-type-simple"},"acf":[],"_links":{"self":[{"href":"https:\/\/www.wepaflyer.com\/de\/wp-json\/wp\/v2\/product\/21777","targetHints":{"allow":["GET"]}}],"collection":[{"href":"https:\/\/www.wepaflyer.com\/de\/wp-json\/wp\/v2\/product"}],"about":[{"href":"https:\/\/www.wepaflyer.com\/de\/wp-json\/wp\/v2\/types\/product"}],"replies":[{"embeddable":true,"href":"https:\/\/www.wepaflyer.com\/de\/wp-json\/wp\/v2\/comments?post=21777"}],"wp:featuredmedia":[{"embeddable":true,"href":"https:\/\/www.wepaflyer.com\/de\/wp-json\/wp\/v2\/media\/12536"}],"wp:attachment":[{"href":"https:\/\/www.wepaflyer.com\/de\/wp-json\/wp\/v2\/media?parent=21777"}],"wp:term":[{"taxonomy":"product_brand","embeddable":true,"href":"https:\/\/www.wepaflyer.com\/de\/wp-json\/wp\/v2\/product_brand?post=21777"},{"taxonomy":"product_cat","embeddable":true,"href":"https:\/\/www.wepaflyer.com\/de\/wp-json\/wp\/v2\/product_cat?post=21777"},{"taxonomy":"product_tag","embeddable":true,"href":"https:\/\/www.wepaflyer.com\/de\/wp-json\/wp\/v2\/product_tag?post=21777"}],"curies":[{"name":"wp","href":"https:\/\/api.w.org\/{rel}","templated":true}]}}