{"id":21775,"date":"2023-12-28T11:48:43","date_gmt":"2023-12-28T10:48:43","guid":{"rendered":"https:\/\/www.wepaflyer.com\/?post_type=product&#038;p=21775"},"modified":"2026-01-21T13:20:20","modified_gmt":"2026-01-21T12:20:20","slug":"hq-eco-eddy-50-regenbogenherz","status":"publish","type":"product","link":"https:\/\/www.wepaflyer.com\/de\/produkt\/hq-eco-eddy-50-regenbogenherz\/","title":{"rendered":"HQ Eco Eddy 50 Regenbogenherz"},"content":{"rendered":"<h3>HQ ECO EDDY 50 RAINBOW HEART<\/h3>\n<h5>50 x 45 cm.<\/h5>\n<p>Die 1-leinigen Diamantdrachen der HQ Eco Line Serie sind speziell f\u00fcr problemloses Drachensteigen konzipiert und hergestellt Fliegen, damit die j\u00fcngsten Drachenflieger schnell und einfach einen Drachen steigen lassen k\u00f6nnen!<\/p>\n<p>Diesen kleinen Eddy 50-Drachen k\u00f6nnen Sie f\u00fcr maximalen Drachenflugspa\u00df aus der Hand fliegen lassen. zum Mindestpreis. Geeignet f\u00fcr alle Altersgruppen.<\/p>\n<p>Hergestellt aus Ripstop-Polyestergewebe mit 2 und 1,5 mm starkem Glasfaserrahmen.<\/p>\n<p>Der HQ Eco Eddy 50 fliegt am liebsten bei Windst\u00e4rken von 2 bis 5 Bft.<\/ p \n\n<p>Der Drachen wird flugbereit mit 25 Metern Drachenleine auf einer Rolle in 10-daN-St\u00e4rke in Farbe und Design wie abgebildet geliefert. Eine Anleitung und ein sch\u00f6ner Drachenschwanz sind im Paket enthalten. Verpackt in einfacher H\u00fclle.<\/p>\n","protected":false},"excerpt":{"rendered":"<p>50 x 45 cm. Bereit zum Fliegen<\/p>\n","protected":false},"featured_media":12534,"comment_status":"closed","ping_status":"closed","template":"","meta":{"_acf_changed":false},"product_brand":[],"product_cat":[1396,2184],"product_tag":[],"class_list":{"0":"post-21775","1":"product","2":"type-product","3":"status-publish","4":"has-post-thumbnail","6":"product_cat-drachen","7":"product_cat-kinderdrachen","8":"pa_breedte-cm-45-de","9":"pa_lengte-cm-50-de","11":"first","12":"instock","13":"taxable","14":"shipping-taxable","15":"purchasable","16":"product-type-simple"},"acf":[],"_links":{"self":[{"href":"https:\/\/www.wepaflyer.com\/de\/wp-json\/wp\/v2\/product\/21775","targetHints":{"allow":["GET"]}}],"collection":[{"href":"https:\/\/www.wepaflyer.com\/de\/wp-json\/wp\/v2\/product"}],"about":[{"href":"https:\/\/www.wepaflyer.com\/de\/wp-json\/wp\/v2\/types\/product"}],"replies":[{"embeddable":true,"href":"https:\/\/www.wepaflyer.com\/de\/wp-json\/wp\/v2\/comments?post=21775"}],"wp:featuredmedia":[{"embeddable":true,"href":"https:\/\/www.wepaflyer.com\/de\/wp-json\/wp\/v2\/media\/12534"}],"wp:attachment":[{"href":"https:\/\/www.wepaflyer.com\/de\/wp-json\/wp\/v2\/media?parent=21775"}],"wp:term":[{"taxonomy":"product_brand","embeddable":true,"href":"https:\/\/www.wepaflyer.com\/de\/wp-json\/wp\/v2\/product_brand?post=21775"},{"taxonomy":"product_cat","embeddable":true,"href":"https:\/\/www.wepaflyer.com\/de\/wp-json\/wp\/v2\/product_cat?post=21775"},{"taxonomy":"product_tag","embeddable":true,"href":"https:\/\/www.wepaflyer.com\/de\/wp-json\/wp\/v2\/product_tag?post=21775"}],"curies":[{"name":"wp","href":"https:\/\/api.w.org\/{rel}","templated":true}]}}