{"id":21750,"date":"2023-12-28T11:47:58","date_gmt":"2023-12-28T10:47:58","guid":{"rendered":"https:\/\/www.wepaflyer.com\/?post_type=product&#038;p=21750"},"modified":"2026-01-21T13:19:57","modified_gmt":"2026-01-21T12:19:57","slug":"hq-delta-vortex","status":"publish","type":"product","link":"https:\/\/www.wepaflyer.com\/de\/produkt\/hq-delta-vortex\/","title":{"rendered":"HQ Delta Vortex"},"content":{"rendered":"<h3><span style=\"line-height: 1.5em;\">HQ DELTA VORTEX<\/span><\/h3>\n<h3><span style=\"line-height: 1.5em;\">134 x 68 cm. <\/span><\/h3>\n<p><span style=\"line-height: 1.5em;\">Die HQ Deltas eignen sich hervorragend zum Fliegen bei leichtem Wind. Sie haben alle ein ruhiges Flugverhalten und ziehen nicht zu stark, daher auch f\u00fcr junge Drachenflieger geeignet. Die meisten Deltas aus dieser HQ-Serie verf\u00fcgen \u00fcber Applikationen (Ann\u00e4hteile) und einige \u00fcber extra Schlaufen, damit man Schw\u00e4nze oder andere Dekorationen anbringen kann.<\/span><\/p>\n<p><span style=\" line-height : 1,5em;\">Diese Delta-Drachen fliegen am besten bei Windst\u00e4rken zwischen 2 und 5 Bft., sie k\u00f6nnen sich aber auch bei sehr wenig Wind oder einer starken Brise behaupten.<\/span><\/p>\n<p>< p><span style=\"line-height: 1.5em;\">Der Kite wird R2F (Ready-to-Fly) mit 60 m Kitefaden von 17 kg geliefert. am Drachenring. Der HQ Delta Vortex besteht aus robustem Ripstop-Polyester mit 4 mm. Gestell aus Fiberglas und wird in der abgebildeten Farbe und Motiv geliefert. Einzeln verpackt in einer stabilen H\u00fclle.<\/span><\/p>\n","protected":false},"excerpt":{"rendered":"<p>134 x 68 cm. Bereit zum Fliegen<\/p>\n","protected":false},"featured_media":12465,"comment_status":"closed","ping_status":"closed","template":"","meta":{"_acf_changed":false},"product_brand":[],"product_cat":[1396,2184],"product_tag":[],"class_list":{"0":"post-21750","1":"product","2":"type-product","3":"status-publish","4":"has-post-thumbnail","6":"product_cat-drachen","7":"product_cat-kinderdrachen","8":"pa_breedte-cm-68-de","9":"pa_lengte-cm-134-de","11":"first","12":"instock","13":"taxable","14":"shipping-taxable","15":"purchasable","16":"product-type-simple"},"acf":[],"_links":{"self":[{"href":"https:\/\/www.wepaflyer.com\/de\/wp-json\/wp\/v2\/product\/21750","targetHints":{"allow":["GET"]}}],"collection":[{"href":"https:\/\/www.wepaflyer.com\/de\/wp-json\/wp\/v2\/product"}],"about":[{"href":"https:\/\/www.wepaflyer.com\/de\/wp-json\/wp\/v2\/types\/product"}],"replies":[{"embeddable":true,"href":"https:\/\/www.wepaflyer.com\/de\/wp-json\/wp\/v2\/comments?post=21750"}],"wp:featuredmedia":[{"embeddable":true,"href":"https:\/\/www.wepaflyer.com\/de\/wp-json\/wp\/v2\/media\/12465"}],"wp:attachment":[{"href":"https:\/\/www.wepaflyer.com\/de\/wp-json\/wp\/v2\/media?parent=21750"}],"wp:term":[{"taxonomy":"product_brand","embeddable":true,"href":"https:\/\/www.wepaflyer.com\/de\/wp-json\/wp\/v2\/product_brand?post=21750"},{"taxonomy":"product_cat","embeddable":true,"href":"https:\/\/www.wepaflyer.com\/de\/wp-json\/wp\/v2\/product_cat?post=21750"},{"taxonomy":"product_tag","embeddable":true,"href":"https:\/\/www.wepaflyer.com\/de\/wp-json\/wp\/v2\/product_tag?post=21750"}],"curies":[{"name":"wp","href":"https:\/\/api.w.org\/{rel}","templated":true}]}}