{"id":21746,"date":"2023-12-28T11:47:58","date_gmt":"2023-12-28T10:47:58","guid":{"rendered":"https:\/\/www.wepaflyer.com\/?post_type=product&#038;p=21746"},"modified":"2026-05-04T12:30:14","modified_gmt":"2026-05-04T10:30:14","slug":"hq-delta-rainbow-tails","status":"publish","type":"product","link":"https:\/\/www.wepaflyer.com\/de\/produkt\/hq-delta-rainbow-tails\/","title":{"rendered":"HQ Delta Rainbow Tails"},"content":{"rendered":"<h3><span style=\"line-height: 1.5em;\">HQ DELTA RAINBOW TAILS<\/span><\/h3>\n<h3><span style=\"line-height: 1.5em;\">134 x 200 cm .<\/span><\/h3>\n<p><span style=\"line-height: 1.5em;\">Die HQ Deltas eignen sich hervorragend zum Fliegen bei leichtem Wind. Sie haben alle ein ruhiges Flugverhalten und ziehen nicht zu stark, daher auch f\u00fcr junge Drachenflieger geeignet. Die meisten Deltas aus dieser HQ-Serie verf\u00fcgen \u00fcber Applikationen (Ann\u00e4hteile) und einige \u00fcber extra Schlaufen, damit man Schw\u00e4nze oder andere Dekorationen anbringen kann.<\/span><\/p>\n<p><span style=\" line-height : 1,5em;\">H<\/span><span style=\"line-height: 1,5em;\">Diese Delta-Drachen fliegen am besten bei Windst\u00e4rken zwischen 2 und 5 Bft., aber auch bei sehr wenig Wind oder einer starken Brise halten sie stand.<\/span><\/p>\n<p><span style=\"line-height: 1.5em;\">Drachen werden mit R2F (Ready-to-Fly) mit 60 m L\u00e4nge geliefert Faden von 17 kg. am Drachenring. Der HQ Delta Rainbow besteht aus robustem Ripstop-Polyester mit 4 mm. Gestell aus Fiberglas und wird in der abgebildeten Farbe und Motiv geliefert. Bei diesem Modell sind 10 lange Schw\u00e4nze in Regenbogenfarben angen\u00e4ht. Einzeln verpackt in einer stabilen H\u00fclle.<\/span><\/p>\n","protected":false},"excerpt":{"rendered":"<p>134 x 200 cm. Bereit zum Fliegen<\/p>\n","protected":false},"featured_media":12454,"comment_status":"closed","ping_status":"closed","template":"","meta":{"_acf_changed":false},"product_brand":[],"product_cat":[1396,2184],"product_tag":[3631],"class_list":{"0":"post-21746","1":"product","2":"type-product","3":"status-publish","4":"has-post-thumbnail","6":"product_cat-drachen","7":"product_cat-kinderdrachen","8":"product_tag-kindervliegers","9":"pa_breedte-cm-200-de","10":"pa_lengte-cm-134-de","12":"first","13":"instock","14":"taxable","15":"shipping-taxable","16":"purchasable","17":"product-type-simple"},"acf":[],"_links":{"self":[{"href":"https:\/\/www.wepaflyer.com\/de\/wp-json\/wp\/v2\/product\/21746","targetHints":{"allow":["GET"]}}],"collection":[{"href":"https:\/\/www.wepaflyer.com\/de\/wp-json\/wp\/v2\/product"}],"about":[{"href":"https:\/\/www.wepaflyer.com\/de\/wp-json\/wp\/v2\/types\/product"}],"replies":[{"embeddable":true,"href":"https:\/\/www.wepaflyer.com\/de\/wp-json\/wp\/v2\/comments?post=21746"}],"wp:featuredmedia":[{"embeddable":true,"href":"https:\/\/www.wepaflyer.com\/de\/wp-json\/wp\/v2\/media\/12454"}],"wp:attachment":[{"href":"https:\/\/www.wepaflyer.com\/de\/wp-json\/wp\/v2\/media?parent=21746"}],"wp:term":[{"taxonomy":"product_brand","embeddable":true,"href":"https:\/\/www.wepaflyer.com\/de\/wp-json\/wp\/v2\/product_brand?post=21746"},{"taxonomy":"product_cat","embeddable":true,"href":"https:\/\/www.wepaflyer.com\/de\/wp-json\/wp\/v2\/product_cat?post=21746"},{"taxonomy":"product_tag","embeddable":true,"href":"https:\/\/www.wepaflyer.com\/de\/wp-json\/wp\/v2\/product_tag?post=21746"}],"curies":[{"name":"wp","href":"https:\/\/api.w.org\/{rel}","templated":true}]}}