{"id":21735,"date":"2023-12-28T11:47:01","date_gmt":"2023-12-28T10:47:01","guid":{"rendered":"https:\/\/www.wepaflyer.com\/?post_type=product&#038;p=21735"},"modified":"2026-02-22T15:06:54","modified_gmt":"2026-02-22T14:06:54","slug":"hq-cirrus-smaragd-allround-leichtwind","status":"publish","type":"product","link":"https:\/\/www.wepaflyer.com\/de\/produkt\/hq-cirrus-smaragd-allround-leichtwind\/","title":{"rendered":"HQ Cirrus Emerald | Allround &#038; Lightwind"},"content":{"rendered":"<h3>HQ Cirrus Emerald | Allround &amp; Leichtwind<\/h3>\n<h4>115 x 51 cm. | R2F | Starters Delight++<\/h4>\n<p><b>Easy going\u2026Anf\u00e4ngers Freude\u2026<\/b><\/p>\n<p>Der Cirrus verf\u00fcgt \u00fcber Eigenschaften, mit denen normalerweise nur gr\u00f6\u00dfere Drachen punkten k\u00f6nnen und ist daher nicht nur f\u00fcr Einsteiger eine gute Wahl. Der Vollcarbonrahmen garantiert eine extrem hohe Flugstabilit\u00e4t \u00fcber einen enormen Windbereich. Das sehr detaillierte Design verleiht dem Cirrus ein tolles Aussehen. Selbst erfahrene Piloten und Profis werden sich diesen Kite schnell von der Stange holen und Spa\u00df haben. Er fliegt sehr pr\u00e4zise mit hohem Grunddruck und entwickelt sich \u00fcber 4 Bft. Eine atemberaubende Geschwindigkeit, die vom Piloten gute Reflexe erfordert. Ein idealer Einsteigerdrachen, der bei fast jeder Gelegenheit langanhaltenden Flugspa\u00df garantiert.<\/p>\n<p><b>Spezifikationen<\/b>:<\/p>\n<ul>\n<li>Fl\u00fcgelspannweite: 115 cm<\/li>\n<li>Standh\u00f6he: 51 cm<\/li>\n<li>Tuch: Ripstop-Polyester<\/li>\n<li>St\u00e4be: Carbon 3 mm<\/li>\n<li>Schn\u00fcre: inkl. DyneemaLines 25 daN, 2 x 25 m auf Wickelghriff mit Lenkschlaufen (Straps)<\/li>\n<li>Wind: 1-7 Bft. (4-55 km\/h | 2-34 mph)<\/li>\n<li>Alter: 10+<\/li>\n<\/ul>\n","protected":false},"excerpt":{"rendered":"<p>115 x 51 cm. | R2F | Starters Delight<\/p>\n","protected":false},"featured_media":12410,"comment_status":"closed","ping_status":"closed","template":"","meta":{"_acf_changed":false},"product_brand":[],"product_cat":[1396,2177,2169,1348],"product_tag":[],"class_list":{"0":"post-21735","1":"product","2":"type-product","3":"status-publish","4":"has-post-thumbnail","6":"product_cat-drachen","7":"product_cat-hq-kites","8":"product_cat-lenkdrachen","9":"product_cat-marken","10":"pa_breedte-cm-51-de","11":"pa_lengte-cm-115-de","13":"first","14":"instock","15":"sale","16":"taxable","17":"shipping-taxable","18":"purchasable","19":"product-type-simple"},"acf":[],"_links":{"self":[{"href":"https:\/\/www.wepaflyer.com\/de\/wp-json\/wp\/v2\/product\/21735","targetHints":{"allow":["GET"]}}],"collection":[{"href":"https:\/\/www.wepaflyer.com\/de\/wp-json\/wp\/v2\/product"}],"about":[{"href":"https:\/\/www.wepaflyer.com\/de\/wp-json\/wp\/v2\/types\/product"}],"replies":[{"embeddable":true,"href":"https:\/\/www.wepaflyer.com\/de\/wp-json\/wp\/v2\/comments?post=21735"}],"wp:featuredmedia":[{"embeddable":true,"href":"https:\/\/www.wepaflyer.com\/de\/wp-json\/wp\/v2\/media\/12410"}],"wp:attachment":[{"href":"https:\/\/www.wepaflyer.com\/de\/wp-json\/wp\/v2\/media?parent=21735"}],"wp:term":[{"taxonomy":"product_brand","embeddable":true,"href":"https:\/\/www.wepaflyer.com\/de\/wp-json\/wp\/v2\/product_brand?post=21735"},{"taxonomy":"product_cat","embeddable":true,"href":"https:\/\/www.wepaflyer.com\/de\/wp-json\/wp\/v2\/product_cat?post=21735"},{"taxonomy":"product_tag","embeddable":true,"href":"https:\/\/www.wepaflyer.com\/de\/wp-json\/wp\/v2\/product_tag?post=21735"}],"curies":[{"name":"wp","href":"https:\/\/api.w.org\/{rel}","templated":true}]}}