{"id":21726,"date":"2023-12-28T11:47:01","date_gmt":"2023-12-28T10:47:01","guid":{"rendered":"https:\/\/www.wepaflyer.com\/?post_type=product&#038;p=21726"},"modified":"2026-02-02T17:42:12","modified_gmt":"2026-02-02T16:42:12","slug":"hq-bebop-prisma-rundum","status":"publish","type":"product","link":"https:\/\/www.wepaflyer.com\/de\/produkt\/hq-bebop-prisma-rundum\/","title":{"rendered":"HQ Bebop Prisma | Allround Starter"},"content":{"rendered":"<h3>HQ Bebop Prisma | Allround Starter<\/h3>\n<h4>145 x 69 cm. | R2F | Anf\u00e4nger\u2019s Freude<\/h4>\n<p><strong>Der BEBOP ist ein einfach zu fliegender Lenkdrachen f\u00fcr Piloten ab 8 Jahren.<\/strong><\/p>\n<p>Ausgestattet mit 4- und 5-mm-Glasfaserrohren und einem starken Segeltuch \u00fcberzeugt es auch bei schwachem Wind und ist flexibel und langlebig genug, um St\u00fcrze problemlos zu \u00fcberstehen.<\/p>\n<p>Durch die Verwendung des gleichen intelligenten 4-Punkt-Schiebebugs wie beim Yukon wurde stets sichergestellt, dass der BEBOP auch bei h\u00f6heren Windst\u00e4rken eine gute Leistung erbringt.<\/p>\n<p>Der Drachen fliegt ger\u00e4uschlos und ist daher ideal f\u00fcr den Flug am Strand. Mit seiner einfachen Bedienung in einem weiten Windfenster und ohne \u00dcbersteuern ist der BEBOP die perfekte Wahl f\u00fcr unerfahrene Drachenflieger.<\/p>\n<p>Bebop-Abstandshalter (Whisker) sind jetzt in das Segel integriert, um einen versehentlichen Verlust zu verhindern.<\/p>\n<p><strong>Spezifikationen:<\/strong><\/p>\n<ul>\n<li>Fl\u00fcgelspannweite: 145 cm<\/li>\n<li>H\u00f6he: 69 cm<\/li>\n<li>Stoff: Ripstop-Polyester<\/li>\n<li>Rahmen: Glasfaserrohre 4+5 mm<\/li>\n<li>Leine: inkl. Dyneema 20 daN\/kp; 2 x 20 Meter, auf Wickelgriff mit Lenkschlaufen<\/li>\n<li>Wind: 2,5\u20135 Bft. (14-38 km\/h, 9-24 mph)<\/li>\n<li>Alter: 8+<\/li>\n<\/ul>\n","protected":false},"excerpt":{"rendered":"<p>145 x 69 cm. | R2F | Anf\u00e4nger\u2019s Freude<\/p>\n","protected":false},"featured_media":84820,"comment_status":"closed","ping_status":"closed","template":"","meta":{"_acf_changed":false},"product_brand":[],"product_cat":[1396,2177,2169,1348],"product_tag":[],"class_list":{"0":"post-21726","1":"product","2":"type-product","3":"status-publish","4":"has-post-thumbnail","6":"product_cat-drachen","7":"product_cat-hq-kites","8":"product_cat-lenkdrachen","9":"product_cat-marken","10":"pa_breedte-cm-69-de","11":"pa_lengte-cm-145-de","13":"first","14":"instock","15":"sale","16":"taxable","17":"shipping-taxable","18":"purchasable","19":"product-type-simple"},"acf":[],"_links":{"self":[{"href":"https:\/\/www.wepaflyer.com\/de\/wp-json\/wp\/v2\/product\/21726","targetHints":{"allow":["GET"]}}],"collection":[{"href":"https:\/\/www.wepaflyer.com\/de\/wp-json\/wp\/v2\/product"}],"about":[{"href":"https:\/\/www.wepaflyer.com\/de\/wp-json\/wp\/v2\/types\/product"}],"replies":[{"embeddable":true,"href":"https:\/\/www.wepaflyer.com\/de\/wp-json\/wp\/v2\/comments?post=21726"}],"wp:featuredmedia":[{"embeddable":true,"href":"https:\/\/www.wepaflyer.com\/de\/wp-json\/wp\/v2\/media\/84820"}],"wp:attachment":[{"href":"https:\/\/www.wepaflyer.com\/de\/wp-json\/wp\/v2\/media?parent=21726"}],"wp:term":[{"taxonomy":"product_brand","embeddable":true,"href":"https:\/\/www.wepaflyer.com\/de\/wp-json\/wp\/v2\/product_brand?post=21726"},{"taxonomy":"product_cat","embeddable":true,"href":"https:\/\/www.wepaflyer.com\/de\/wp-json\/wp\/v2\/product_cat?post=21726"},{"taxonomy":"product_tag","embeddable":true,"href":"https:\/\/www.wepaflyer.com\/de\/wp-json\/wp\/v2\/product_tag?post=21726"}],"curies":[{"name":"wp","href":"https:\/\/api.w.org\/{rel}","templated":true}]}}