{"id":21718,"date":"2023-12-28T11:47:01","date_gmt":"2023-12-28T10:47:01","guid":{"rendered":"https:\/\/www.wepaflyer.com\/?post_type=product&#038;p=21718"},"modified":"2026-02-07T11:49:04","modified_gmt":"2026-02-07T10:49:04","slug":"hq-pfeil-xl-geschwindigkeit-und-kraft","status":"publish","type":"product","link":"https:\/\/www.wepaflyer.com\/de\/produkt\/hq-pfeil-xl-geschwindigkeit-und-kraft\/","title":{"rendered":"HQ Arrow XL | Speed&#038;Power"},"content":{"rendered":"<h3>HQ Arrow XLM | Speed &amp; Power<\/h3>\n<h4>Lenkdrachen | 270 x 120 cm. | Kite Only (Nur Drachen)<\/h4>\n<p><strong>Geschwindigkeit &amp; Power | Empfohlene Schn\u00fcre DyneemaLines 100-160daN<\/strong><\/p>\n<p>Der Arrow XL l\u00e4sst keinen Zweifel an seinem Einsatzzweck \u2013 geballte Power und hohe Geschwindigkeit zeichnen diesen Kite aus.<\/p>\n<p>Genau wie seine kleinen Br\u00fcder zieht der Arrow XL auf pr\u00e4zisen Geraden und extremen Loopings sehr dynamisch und schnell durch das Windfenster. Selbst Windb\u00f6en machen auf dem Arrow XL keinen gro\u00dfen Eindruck.<\/p>\n<p>Das Fliegen mit dem Arrow XL ist ein ganz besonderes Erlebnis und garantiert viel Spa\u00df beim Training. Das Design und die anspruchsvolle Carbon-Optik unterstreichen den Charakter dieses Drachens, der in erfahrene H\u00e4nde geh\u00f6rt und vom Piloten Respekt, Aufmerksamkeit und Wachsamkeit erfordert und eine ruhige Hand braucht.<\/p>\n<p>Ausrutscher und zerrissene Hosen sollten als Auszeichnung akzeptiert werden.<\/p>\n<p><b>Spezifikationen:<\/b><\/p>\n<ul>\n<li>Fl\u00fcgelspannweite: 270 cm<\/li>\n<li>Standh\u00f6he: 120 cm<\/li>\n<li>Tuch: Ripstop-Polyester<\/li>\n<li>St\u00e4be: 8 + 10 mm Carbon<\/li>\n<li>Schn\u00fcre: Dyneema Lines 100\u2013160 daN empfohlen<\/li>\n<li>Wind: 2-6 Bft. (10\u201345 km\/h, 6\u201328 mph)<\/li>\n<li>Alter: 18+<\/li>\n<\/ul>\n","protected":false},"excerpt":{"rendered":"<p>Lenkdrachen | 270 x 120 cm. | Kite Only (Nur Drachen)<\/p>\n","protected":false},"featured_media":12363,"comment_status":"closed","ping_status":"closed","template":"","meta":{"_acf_changed":false},"product_brand":[],"product_cat":[1396,2177,2169,1348],"product_tag":[],"class_list":{"0":"post-21718","1":"product","2":"type-product","3":"status-publish","4":"has-post-thumbnail","6":"product_cat-drachen","7":"product_cat-hq-kites","8":"product_cat-lenkdrachen","9":"product_cat-marken","10":"pa_breedte-cm-120-de","11":"pa_lengte-cm-270-de","13":"first","14":"instock","15":"sale","16":"taxable","17":"shipping-taxable","18":"purchasable","19":"product-type-simple"},"acf":[],"_links":{"self":[{"href":"https:\/\/www.wepaflyer.com\/de\/wp-json\/wp\/v2\/product\/21718","targetHints":{"allow":["GET"]}}],"collection":[{"href":"https:\/\/www.wepaflyer.com\/de\/wp-json\/wp\/v2\/product"}],"about":[{"href":"https:\/\/www.wepaflyer.com\/de\/wp-json\/wp\/v2\/types\/product"}],"replies":[{"embeddable":true,"href":"https:\/\/www.wepaflyer.com\/de\/wp-json\/wp\/v2\/comments?post=21718"}],"wp:featuredmedia":[{"embeddable":true,"href":"https:\/\/www.wepaflyer.com\/de\/wp-json\/wp\/v2\/media\/12363"}],"wp:attachment":[{"href":"https:\/\/www.wepaflyer.com\/de\/wp-json\/wp\/v2\/media?parent=21718"}],"wp:term":[{"taxonomy":"product_brand","embeddable":true,"href":"https:\/\/www.wepaflyer.com\/de\/wp-json\/wp\/v2\/product_brand?post=21718"},{"taxonomy":"product_cat","embeddable":true,"href":"https:\/\/www.wepaflyer.com\/de\/wp-json\/wp\/v2\/product_cat?post=21718"},{"taxonomy":"product_tag","embeddable":true,"href":"https:\/\/www.wepaflyer.com\/de\/wp-json\/wp\/v2\/product_tag?post=21718"}],"curies":[{"name":"wp","href":"https:\/\/api.w.org\/{rel}","templated":true}]}}