{"id":21711,"date":"2023-12-28T11:47:01","date_gmt":"2023-12-28T10:47:01","guid":{"rendered":"https:\/\/www.wepaflyer.com\/?post_type=product&#038;p=21711"},"modified":"2026-02-05T18:17:38","modified_gmt":"2026-02-05T17:17:38","slug":"hq-pfeil-m-geschwindigkeit-und-kraft","status":"publish","type":"product","link":"https:\/\/www.wepaflyer.com\/de\/produkt\/hq-pfeil-m-geschwindigkeit-und-kraft\/","title":{"rendered":"HQ Arrow M | Speed&#038;Power"},"content":{"rendered":"<h3>HQ Arrow M | Speed &amp; Power<\/h3>\n<h4>Lenkdrachen | 174 x 64 cm. | Kite Only (Nur Drachen)<\/h4>\n<p><strong>Geschwindigkeit &amp; Power | Empfohlene Schn\u00fcre DyneemaLines 50-100daN<\/strong><\/p>\n<p>Der Arrow M \u2013 hohe Geschwindigkeit gepaart mit \u00fcberschaubarer Leistung. Piloten, die auf der Suche nach diesen Eigenschaften sind, werden den Arrow M sofort zu sch\u00e4tzen wissen. Schneller als Arrow und Arrow XL, einfacher zu fliegen als der Whizz, bietet der Arrow M beeindruckende Pr\u00e4zision und einen angenehmen Zug. Enge Drehungen und messerscharfe Bodenp\u00e4sse sorgen f\u00fcr Action und grenzenlosen Flugspa\u00df. Ein Tuch aus hellgr\u00fcnem Polyester mit Graphitmuster und ein stabiler Kohlefaserrahmen erm\u00f6glichen dem Arrow M das Fliegen in einem weiten Windbereich.<\/p>\n<p><b>Spezifikationen:<\/b><\/p>\n<ul>\n<li>Fl\u00fcgelspannweite: 174 cm<\/li>\n<li>Standh\u00f6he: 64 cm<\/li>\n<li>Tuch: Ripstop-Polyester<\/li>\n<li>St\u00e4be: 6 mm Carbon<\/li>\n<li>Schn\u00fcre: Dyneema Lines 50\u2013100 daN empfohlen<\/li>\n<li>Wind: 2-6 Bft. (11-49 km\/h, 7-31 mph)<\/li>\n<li>Alter: 14+<\/li>\n<\/ul>\n","protected":false},"excerpt":{"rendered":"<p>Lenkdrachen | 174 x 64 cm. | Kite Only (Nur Drachen)<\/p>\n","protected":false},"featured_media":12361,"comment_status":"closed","ping_status":"closed","template":"","meta":{"_acf_changed":false},"product_brand":[],"product_cat":[1396,2177,2169,1348,1384],"product_tag":[],"class_list":{"0":"post-21711","1":"product","2":"type-product","3":"status-publish","4":"has-post-thumbnail","6":"product_cat-drachen","7":"product_cat-hq-kites","8":"product_cat-lenkdrachen","9":"product_cat-marken","10":"product_cat-sale","11":"pa_breedte-cm-64-de","12":"pa_lengte-cm-174-de","14":"first","15":"instock","16":"sale","17":"taxable","18":"shipping-taxable","19":"purchasable","20":"product-type-simple"},"acf":[],"_links":{"self":[{"href":"https:\/\/www.wepaflyer.com\/de\/wp-json\/wp\/v2\/product\/21711","targetHints":{"allow":["GET"]}}],"collection":[{"href":"https:\/\/www.wepaflyer.com\/de\/wp-json\/wp\/v2\/product"}],"about":[{"href":"https:\/\/www.wepaflyer.com\/de\/wp-json\/wp\/v2\/types\/product"}],"replies":[{"embeddable":true,"href":"https:\/\/www.wepaflyer.com\/de\/wp-json\/wp\/v2\/comments?post=21711"}],"wp:featuredmedia":[{"embeddable":true,"href":"https:\/\/www.wepaflyer.com\/de\/wp-json\/wp\/v2\/media\/12361"}],"wp:attachment":[{"href":"https:\/\/www.wepaflyer.com\/de\/wp-json\/wp\/v2\/media?parent=21711"}],"wp:term":[{"taxonomy":"product_brand","embeddable":true,"href":"https:\/\/www.wepaflyer.com\/de\/wp-json\/wp\/v2\/product_brand?post=21711"},{"taxonomy":"product_cat","embeddable":true,"href":"https:\/\/www.wepaflyer.com\/de\/wp-json\/wp\/v2\/product_cat?post=21711"},{"taxonomy":"product_tag","embeddable":true,"href":"https:\/\/www.wepaflyer.com\/de\/wp-json\/wp\/v2\/product_tag?post=21711"}],"curies":[{"name":"wp","href":"https:\/\/api.w.org\/{rel}","templated":true}]}}