{"id":21710,"date":"2023-12-28T11:46:20","date_gmt":"2023-12-28T10:46:20","guid":{"rendered":"https:\/\/www.wepaflyer.com\/?post_type=product&#038;p=21710"},"modified":"2026-01-21T13:19:27","modified_gmt":"2026-01-21T12:19:27","slug":"hq-3d-kite-red-baron-flugzeug","status":"publish","type":"product","link":"https:\/\/www.wepaflyer.com\/de\/produkt\/hq-3d-kite-red-baron-flugzeug\/","title":{"rendered":"HQ 3D-Kite Red Baron Airplane"},"content":{"rendered":"<h3>3D-KITE RED BARON AIRPLANE R2F<\/h3>\n<h4>3D-Kite Red Baron Flugzeug | 100 x 104 cm | Ready to Fly<\/h4>\n<p>Red Baron 3D ist gro\u00dfartige Unterhaltung f\u00fcr einen Familienausflug. Einfacher Start und viel Spa\u00df in der Luft. Sieht aus wie ein echtes dreidimensionales Flugzeug. Mit rotierendem Propeller und cooler Grafik.<\/p>\n<ul>\n<li>Fl\u00fcgelspannweite: 104 cm<\/li>\n<li>H\u00f6he: 100 cm<\/li>\n<li>Tuch: Ripstop Polyester<\/li>\n<li>St\u00e4be: Glasfaser 2 + 3 + 4 mm<\/li>\n<li>Schnur inkl.: Polyester 17 daN, 40 m auf Ringspule<\/li>\n<li>Windbereich: 3 -6 (12-49 km\/h \/ 8-31 mph)<\/li>\n<li>Alter: ab 8 Jahren<\/li>\n<\/ul>\n","protected":false},"excerpt":{"rendered":"<p>3D-Kite Red Baron Flugzeug | 100 x 104 cm | Ready to Fly<\/p>\n","protected":false},"featured_media":12351,"comment_status":"closed","ping_status":"closed","template":"","meta":{"_acf_changed":false},"product_brand":[],"product_cat":[1347,1396,2182,2177,2184,1348],"product_tag":[],"class_list":{"0":"post-21710","1":"product","2":"type-product","3":"status-publish","4":"has-post-thumbnail","6":"product_cat-angebote","7":"product_cat-drachen","8":"product_cat-festival-drachen","9":"product_cat-hq-kites","10":"product_cat-kinderdrachen","11":"product_cat-marken","12":"pa_breedte-cm-104-de","13":"pa_lengte-cm-12-de","15":"first","16":"instock","17":"sale","18":"taxable","19":"shipping-taxable","20":"purchasable","21":"product-type-simple"},"acf":[],"_links":{"self":[{"href":"https:\/\/www.wepaflyer.com\/de\/wp-json\/wp\/v2\/product\/21710","targetHints":{"allow":["GET"]}}],"collection":[{"href":"https:\/\/www.wepaflyer.com\/de\/wp-json\/wp\/v2\/product"}],"about":[{"href":"https:\/\/www.wepaflyer.com\/de\/wp-json\/wp\/v2\/types\/product"}],"replies":[{"embeddable":true,"href":"https:\/\/www.wepaflyer.com\/de\/wp-json\/wp\/v2\/comments?post=21710"}],"wp:featuredmedia":[{"embeddable":true,"href":"https:\/\/www.wepaflyer.com\/de\/wp-json\/wp\/v2\/media\/12351"}],"wp:attachment":[{"href":"https:\/\/www.wepaflyer.com\/de\/wp-json\/wp\/v2\/media?parent=21710"}],"wp:term":[{"taxonomy":"product_brand","embeddable":true,"href":"https:\/\/www.wepaflyer.com\/de\/wp-json\/wp\/v2\/product_brand?post=21710"},{"taxonomy":"product_cat","embeddable":true,"href":"https:\/\/www.wepaflyer.com\/de\/wp-json\/wp\/v2\/product_cat?post=21710"},{"taxonomy":"product_tag","embeddable":true,"href":"https:\/\/www.wepaflyer.com\/de\/wp-json\/wp\/v2\/product_tag?post=21710"}],"curies":[{"name":"wp","href":"https:\/\/api.w.org\/{rel}","templated":true}]}}