{"id":21702,"date":"2023-12-28T11:46:20","date_gmt":"2023-12-28T10:46:20","guid":{"rendered":"https:\/\/www.wepaflyer.com\/?post_type=product&#038;p=21702"},"modified":"2026-01-31T16:03:53","modified_gmt":"2026-01-31T15:03:53","slug":"hq-quickstep-ii-chroma-rundum","status":"publish","type":"product","link":"https:\/\/www.wepaflyer.com\/de\/produkt\/hq-quickstep-ii-chroma-rundum\/","title":{"rendered":"HQ Quickstep II Chroma | Allround"},"content":{"rendered":"<h3>HQ Quickstep II Chroma | Allround<\/h3>\n<h4>135 x 60 cm. | R2F | Anf\u00e4nger Lenkdrachen<\/h4>\n<p><strong><span class=\"Y2IQFc\" lang=\"nl\">Dieser HQ-Einsteigerdrachen zeichnet sich vor allem durch seine robuste Verarbeitung aus.<\/span><\/strong><\/p>\n<p>Hergestellt aus robustem Ripstop-Polyester und nahezu unzerbrechlichem Fiberglas, ist der Quickstep II f\u00fcr seine stabile Konstruktion bekannt, die auch die gef\u00fcrchteten Anf\u00e4nger-Abst\u00fcrze m\u00fchelos \u00fcbersteht. Der Aufbau des Quickstep II ist denkbar einfach, seine Flugeigenschaften sind gutm\u00fctig. Der Quickstep II kann von Anf\u00e4ngern in einem weiten Windbereich sicher und zuverl\u00e4ssig geflogen werden. Die Zugkr\u00e4fte sind moderat, aber deutlich &#8211; die Fluggeschwindigkeit \u00fcberfordert auch Einsteiger nicht. Mit etwas \u00dcbung sind mit dem Quickstep II bereits einfache Tricks m\u00f6glich.<\/p>\n<p>Verbessertes Modell mit unverlierbaren Stand-Offs.<\/p>\n<ul>\n<li>Spannweite: 135 cm<\/li>\n<li>Standh\u00f6he: 60 cm<\/li>\n<li>Segel: Ripstop Polyester<\/li>\n<li>St\u00e4be: Fiberglas 4 +5 mm<\/li>\n<li>Schnur: inkl., Polyester 20 kp, 2 x 20 m auf Winder mit Schlaufen<\/li>\n<li>Wind: 2-5 Bft. (6-38 km\/h, 4-24 mph)<\/li>\n<li>Alter: ab 10 Jahre<\/li>\n<\/ul>\n","protected":false},"excerpt":{"rendered":"<p>135 x 60 cm. | R2F | Anf\u00e4nger Lenkdrachen<\/p>\n","protected":false},"featured_media":12321,"comment_status":"closed","ping_status":"closed","template":"","meta":{"_acf_changed":false},"product_brand":[],"product_cat":[1396,2177,2169,1348,1384],"product_tag":[],"class_list":{"0":"post-21702","1":"product","2":"type-product","3":"status-publish","4":"has-post-thumbnail","6":"product_cat-drachen","7":"product_cat-hq-kites","8":"product_cat-lenkdrachen","9":"product_cat-marken","10":"product_cat-sale","11":"pa_breedte-cm-60-de","12":"pa_lengte-cm-135-de","14":"first","15":"instock","16":"sale","17":"taxable","18":"shipping-taxable","19":"purchasable","20":"product-type-simple"},"acf":[],"_links":{"self":[{"href":"https:\/\/www.wepaflyer.com\/de\/wp-json\/wp\/v2\/product\/21702","targetHints":{"allow":["GET"]}}],"collection":[{"href":"https:\/\/www.wepaflyer.com\/de\/wp-json\/wp\/v2\/product"}],"about":[{"href":"https:\/\/www.wepaflyer.com\/de\/wp-json\/wp\/v2\/types\/product"}],"replies":[{"embeddable":true,"href":"https:\/\/www.wepaflyer.com\/de\/wp-json\/wp\/v2\/comments?post=21702"}],"wp:featuredmedia":[{"embeddable":true,"href":"https:\/\/www.wepaflyer.com\/de\/wp-json\/wp\/v2\/media\/12321"}],"wp:attachment":[{"href":"https:\/\/www.wepaflyer.com\/de\/wp-json\/wp\/v2\/media?parent=21702"}],"wp:term":[{"taxonomy":"product_brand","embeddable":true,"href":"https:\/\/www.wepaflyer.com\/de\/wp-json\/wp\/v2\/product_brand?post=21702"},{"taxonomy":"product_cat","embeddable":true,"href":"https:\/\/www.wepaflyer.com\/de\/wp-json\/wp\/v2\/product_cat?post=21702"},{"taxonomy":"product_tag","embeddable":true,"href":"https:\/\/www.wepaflyer.com\/de\/wp-json\/wp\/v2\/product_tag?post=21702"}],"curies":[{"name":"wp","href":"https:\/\/api.w.org\/{rel}","templated":true}]}}