{"id":21689,"date":"2023-12-28T11:46:20","date_gmt":"2023-12-28T10:46:20","guid":{"rendered":"https:\/\/www.wepaflyer.com\/?post_type=product&#038;p=21689"},"modified":"2026-01-21T13:19:16","modified_gmt":"2026-01-21T12:19:16","slug":"lustiger-tube-kite-2","status":"publish","type":"product","link":"https:\/\/www.wepaflyer.com\/de\/produkt\/lustiger-tube-kite-2\/","title":{"rendered":"Funny Tube Kite 2"},"content":{"rendered":"<h3><span style=\"line-height: 1.5em;\">FUNNY TUBE KITE 2<\/span><\/h3>\n<h4><span style=\"line-height: 1.5em;\">28 x 19 cm | Stablos | R2F<\/span><\/h4>\n<p><span style=\"line-height: 1.5em;\">Der <b>ultimative Kinderspa\u00dfdrachen<\/b>! Stablos, unverw\u00fcstlich und auch f\u00fcr die Allerkleinsten geeignet.<\/span><\/p>\n<p><span style=\"line-height: 1.5em;\">Einleiner Taschendrachen, der auch bei starker Brise gut fliegt. Lustiger Drachen, guter Preis. Da dieser Drachen keine St\u00e4be hat und aus sehr solidem und robustem Material besteht, ist er grunds\u00e4tzlich unzerst\u00f6rbar. Sie k\u00f6nnen es in Ihre Tasche stecken und \u00fcberallhin mitnehmen. Man kann nichts falsch machen, einfach den Drachen steigen lassen! Ein gro\u00dfer Spa\u00df auf Kinderfesten und Ausfl\u00fcgen an den Strand und in die Heide!<\/span><\/p>\n<p><span style=\"line-height: 1.5em;\">Der Drachen wird R2F (Ready-to-Fly) geliefert mit Drachenschnur auf Griff Rolle und zwei angen\u00e4hten Schw\u00e4nze. Hergestellt aus robustem, aber leichtem Spinnaker-Nylontuch in vielen verschiedenen Farbkombinationen. Einzeln verpackt.<\/span><\/p>\n","protected":false},"excerpt":{"rendered":"<p><span style=\"line-height: 1.5em;\">28 x 19 cm | Stablos | R2F<\/span><\/p>\n","protected":false},"featured_media":12306,"comment_status":"closed","ping_status":"closed","template":"","meta":{"_acf_changed":false},"product_brand":[],"product_cat":[1347,1396,2184,1348,2165],"product_tag":[],"class_list":{"0":"post-21689","1":"product","2":"type-product","3":"status-publish","4":"has-post-thumbnail","6":"product_cat-angebote","7":"product_cat-drachen","8":"product_cat-kinderdrachen","9":"product_cat-marken","10":"product_cat-wepa","11":"pa_breedte-cm-19-de","12":"pa_lengte-cm-28-de","14":"first","15":"instock","16":"sale","17":"taxable","18":"shipping-taxable","19":"purchasable","20":"product-type-simple"},"acf":[],"_links":{"self":[{"href":"https:\/\/www.wepaflyer.com\/de\/wp-json\/wp\/v2\/product\/21689","targetHints":{"allow":["GET"]}}],"collection":[{"href":"https:\/\/www.wepaflyer.com\/de\/wp-json\/wp\/v2\/product"}],"about":[{"href":"https:\/\/www.wepaflyer.com\/de\/wp-json\/wp\/v2\/types\/product"}],"replies":[{"embeddable":true,"href":"https:\/\/www.wepaflyer.com\/de\/wp-json\/wp\/v2\/comments?post=21689"}],"wp:featuredmedia":[{"embeddable":true,"href":"https:\/\/www.wepaflyer.com\/de\/wp-json\/wp\/v2\/media\/12306"}],"wp:attachment":[{"href":"https:\/\/www.wepaflyer.com\/de\/wp-json\/wp\/v2\/media?parent=21689"}],"wp:term":[{"taxonomy":"product_brand","embeddable":true,"href":"https:\/\/www.wepaflyer.com\/de\/wp-json\/wp\/v2\/product_brand?post=21689"},{"taxonomy":"product_cat","embeddable":true,"href":"https:\/\/www.wepaflyer.com\/de\/wp-json\/wp\/v2\/product_cat?post=21689"},{"taxonomy":"product_tag","embeddable":true,"href":"https:\/\/www.wepaflyer.com\/de\/wp-json\/wp\/v2\/product_tag?post=21689"}],"curies":[{"name":"wp","href":"https:\/\/api.w.org\/{rel}","templated":true}]}}