{"id":21685,"date":"2023-12-28T11:46:20","date_gmt":"2023-12-28T10:46:20","guid":{"rendered":"https:\/\/www.wepaflyer.com\/?post_type=product&#038;p=21685"},"modified":"2026-01-21T13:19:11","modified_gmt":"2026-01-21T12:19:11","slug":"fixy-pico-craft-drachen","status":"publish","type":"product","link":"https:\/\/www.wepaflyer.com\/de\/produkt\/fixy-pico-craft-drachen\/","title":{"rendered":"Fixy PICO Craft Drachen"},"content":{"rendered":"<h3>Fixy PICO, der Basteldrachen!<\/h3>\n<h3>25 x 25 cm. | Bereit zum Fliegen<\/h3>\n<p>Superspa\u00dfiger Basteldrachen aus Tyvek f\u00fcr Kinder! Komplettes R2F (Ready-to-Fly) mit Garn auf der Spule und allem Zubeh\u00f6r, einschlie\u00dflich St\u00e4bchen, Kappen, Schw\u00e4nzen und Anleitungsblatt. Perfekt zum Ausmalen mit Buntstift, Filzstift, Wasco oder Farbe. Ideal f\u00fcr preisg\u00fcnstige Kinderfeste, Schulen, Vereine und Vereine.<\/p>\n<h3><b>Super Flyer, super Preis, super Spa\u00df, super Angebot!<\/b><\/h3>\n<p>Auch bei Jung und Alt erfreut sich der Fixy PICO gro\u00dfer Beliebtheit. Der Fixy PICO braucht etwas Wind, tanzt dann aber fr\u00f6hlich auf der Drachenleine.<\/p>\n<p>Das Einzigartigste am Fixy PICO-Modell ist die durchdachte Einfachheit der Montage. Mittels Dank der am Kite angebrachten Kappen und \u201eSlips\u201c k\u00f6nnen Sie den Kite schnell und einfach zusammenbauen, spannen und ausbalancieren. Befolgen Sie die beiliegende Anleitung und achten Sie auf die Symmetrie. Man kann nichts falsch machen, einfach einen Drachen steigen lassen! Sie ben\u00f6tigen hierf\u00fcr keine zus\u00e4tzlichen Materialien, alles ist im Koffer.<\/p>\n<p>Der Drachen wird R2F (Ready-to-Fly) mit einer Rolle Drachengarn, Schwanzmaterial und Anleitungsblatt geliefert. Einzeln verpackt in einer PE-H\u00fclle.<\/p>\n<p><b>Ben\u00f6tigen Sie gr\u00f6\u00dfere Mengen? Dann werfen Sie einen Blick auf den Fixy PICO mit einem VPE von 100 St\u00fcck, bei dem Sie auch Mengenrabatte erhalten.<\/b><\/p>\n","protected":false},"excerpt":{"rendered":"<p>25 x 25 cm. &#8211; Bereit zum Fliegen<\/p>\n","protected":false},"featured_media":12266,"comment_status":"closed","ping_status":"closed","template":"","meta":{"_acf_changed":false},"product_brand":[],"product_cat":[2185,1396,2165],"product_tag":[],"class_list":{"0":"post-21685","1":"product","2":"type-product","3":"status-publish","4":"has-post-thumbnail","6":"product_cat-basteldrachen","7":"product_cat-drachen","8":"product_cat-wepa","9":"pa_breedte-cm-25-de","10":"pa_lengte-cm-25-de","12":"first","13":"instock","14":"taxable","15":"shipping-taxable","16":"purchasable","17":"product-type-simple"},"acf":[],"_links":{"self":[{"href":"https:\/\/www.wepaflyer.com\/de\/wp-json\/wp\/v2\/product\/21685","targetHints":{"allow":["GET"]}}],"collection":[{"href":"https:\/\/www.wepaflyer.com\/de\/wp-json\/wp\/v2\/product"}],"about":[{"href":"https:\/\/www.wepaflyer.com\/de\/wp-json\/wp\/v2\/types\/product"}],"replies":[{"embeddable":true,"href":"https:\/\/www.wepaflyer.com\/de\/wp-json\/wp\/v2\/comments?post=21685"}],"wp:featuredmedia":[{"embeddable":true,"href":"https:\/\/www.wepaflyer.com\/de\/wp-json\/wp\/v2\/media\/12266"}],"wp:attachment":[{"href":"https:\/\/www.wepaflyer.com\/de\/wp-json\/wp\/v2\/media?parent=21685"}],"wp:term":[{"taxonomy":"product_brand","embeddable":true,"href":"https:\/\/www.wepaflyer.com\/de\/wp-json\/wp\/v2\/product_brand?post=21685"},{"taxonomy":"product_cat","embeddable":true,"href":"https:\/\/www.wepaflyer.com\/de\/wp-json\/wp\/v2\/product_cat?post=21685"},{"taxonomy":"product_tag","embeddable":true,"href":"https:\/\/www.wepaflyer.com\/de\/wp-json\/wp\/v2\/product_tag?post=21685"}],"curies":[{"name":"wp","href":"https:\/\/api.w.org\/{rel}","templated":true}]}}