{"id":21684,"date":"2023-12-28T11:46:20","date_gmt":"2023-12-28T10:46:20","guid":{"rendered":"https:\/\/www.wepaflyer.com\/?post_type=product&#038;p=21684"},"modified":"2026-01-21T13:19:10","modified_gmt":"2026-01-21T12:19:10","slug":"fixy-diamond-xs","status":"publish","type":"product","link":"https:\/\/www.wepaflyer.com\/de\/produkt\/fixy-diamond-xs\/","title":{"rendered":"Fixy Diamond XS"},"content":{"rendered":"<h3>Fixy Diamant XS Tyvek Werkstattdrachen<\/h3>\n<h3>36 x 35 cm.<\/h3>\n<p align=\"justify\">Der beliebteste aller Werkstattdrachen ist das klassische Diamant- oder Eddy-Modell.<\/p>\n<p>Der FIXY-Diamant-XS ist eine preisg\u00fcnstige Alternative aus der Diamant-Serie. Ben\u00f6tigt etwas mehr Wind als seine gr\u00f6\u00dferen Br\u00fcder, ist aber in Preis und Leistung unschlagbar.<\/p>\n<p align=\"justify\">Die Drachen aus der FIXY-Serie haben alle eines gemeinsam: Sie erfreuen sich gro\u00dfer Beliebtheit bei Jung und Alt. Die Fixies fliegen bei wenig Wind, steigen schnell auf und bleiben stabil am Himmel. Das Einzigartigste an diesem Modell ist die durchdachte Einfachheit der Montage. Mittels Dank der am Kite angebrachten Kappen und \u201eSlips\u201c k\u00f6nnen Sie den Kite schnell und einfach zusammenbauen, spannen und ausbalancieren. Befolgen Sie die Anweisungen und achten Sie auf die Symmetrie. Mit dem Drachensteigen kann man nichts falsch machen, allerdings ben\u00f6tigt man daf\u00fcr keine extra Materialien, alles ist im Koffer dabei.<\/p>\n<p align=\"justify\">Der Kite wird R2F (Ready-to-Fly) mit Kite-Fadenrolle, Schwanz und Anleitungsblatt geliefert. Einzeln verpackt in einer PE-H\u00fclle.<\/p>\n<p><b>Mengenrabatte<\/b>; Beim Kauf gr\u00f6\u00dferer Mengen gew\u00e4hren wir folgende Mengenrabatte:<\/p>\n<ul>\n<li><b>ab 10 St\u00fcck: 5%<\/b><\/li>\n<li><strong>ab 25 St\u00fcck: 7,5%<\/strong><\/li>\n<li><b>ab 50 St\u00fcck: 10%<\/b><\/li>\n<li><b>ab 100 St\u00fcck: 15%<\/b><\/li>\n<li><b>ab 250 St\u00fcck: 20%<\/b><\/li>\n<li><b>ab 500 St\u00fcck: 25%<\/b><\/li>\n<\/ul>\n<p>Der Mengenrabatt wird direkt im Warenkorb abgerechnet.<\/p>\n","protected":false},"excerpt":{"rendered":"<p>36 x 35 cm. &#8211; Bereit zum Fliegen<\/p>\n","protected":false},"featured_media":12295,"comment_status":"closed","ping_status":"closed","template":"","meta":{"_acf_changed":false},"product_brand":[],"product_cat":[2185,1396,2165],"product_tag":[],"class_list":{"0":"post-21684","1":"product","2":"type-product","3":"status-publish","4":"has-post-thumbnail","6":"product_cat-basteldrachen","7":"product_cat-drachen","8":"product_cat-wepa","9":"pa_breedte-cm-35-de","10":"pa_lengte-cm-36-de","12":"first","13":"instock","14":"taxable","15":"shipping-taxable","16":"purchasable","17":"product-type-simple"},"acf":[],"_links":{"self":[{"href":"https:\/\/www.wepaflyer.com\/de\/wp-json\/wp\/v2\/product\/21684","targetHints":{"allow":["GET"]}}],"collection":[{"href":"https:\/\/www.wepaflyer.com\/de\/wp-json\/wp\/v2\/product"}],"about":[{"href":"https:\/\/www.wepaflyer.com\/de\/wp-json\/wp\/v2\/types\/product"}],"replies":[{"embeddable":true,"href":"https:\/\/www.wepaflyer.com\/de\/wp-json\/wp\/v2\/comments?post=21684"}],"wp:featuredmedia":[{"embeddable":true,"href":"https:\/\/www.wepaflyer.com\/de\/wp-json\/wp\/v2\/media\/12295"}],"wp:attachment":[{"href":"https:\/\/www.wepaflyer.com\/de\/wp-json\/wp\/v2\/media?parent=21684"}],"wp:term":[{"taxonomy":"product_brand","embeddable":true,"href":"https:\/\/www.wepaflyer.com\/de\/wp-json\/wp\/v2\/product_brand?post=21684"},{"taxonomy":"product_cat","embeddable":true,"href":"https:\/\/www.wepaflyer.com\/de\/wp-json\/wp\/v2\/product_cat?post=21684"},{"taxonomy":"product_tag","embeddable":true,"href":"https:\/\/www.wepaflyer.com\/de\/wp-json\/wp\/v2\/product_tag?post=21684"}],"curies":[{"name":"wp","href":"https:\/\/api.w.org\/{rel}","templated":true}]}}