{"id":21681,"date":"2023-12-28T11:45:49","date_gmt":"2023-12-28T10:45:49","guid":{"rendered":"https:\/\/www.wepaflyer.com\/?post_type=product&#038;p=21681"},"modified":"2026-05-04T12:44:19","modified_gmt":"2026-05-04T10:44:19","slug":"fixy-diamond-colorkit","status":"publish","type":"product","link":"https:\/\/www.wepaflyer.com\/de\/produkt\/fixy-diamond-colorkit\/","title":{"rendered":"Fixy Diamond ColorKit"},"content":{"rendered":"<h3>Fixy Diamond ColorKit Tyvek-F\u00e4rbedrachen<\/h3>\n<h3>64 x 61 cm. | Bereit zum Fliegen<\/h3>\n<p>Der beliebteste aller Werkstattdrachen ist das klassische Diamant- oder Eddy-Modell.<\/p>\n<p>Besonders beliebt ist das <b>FIXY-Diamant ColorKit<\/b>, da diesem Drachen <b>8 kostenlose Farbfilzstifte<\/b> beiliegen, sodass Sie sofort mit dem Bemalen Ihres Drachens selbst beginnen k\u00f6nnen. Nat\u00fcrlich unschlagbar in Preis und Leistung.<\/p>\n<p>Die Drachen aus der FIXY-Serie haben alle eines gemeinsam: Sie erfreuen sich gro\u00dfer Beliebtheit bei Jung und Alt. Die Fixies fliegen bei wenig Wind, steigen schnell auf und bleiben stabil am Himmel.<\/p>\n<p>Das Einzigartigste an diesem Modell ist die durchdachte Einfachheit der Montage. Mittels Dank der am Kite angebrachten Kappen und \u201eSlips\u201c k\u00f6nnen Sie den Kite schnell und einfach zusammenbauen, spannen und ausbalancieren.<\/p>\n<p>Befolgen Sie die Anweisungen und achten Sie auf die Symmetrie. Man kann nichts falsch machen, einfach einen Drachen steigen lassen! Sie ben\u00f6tigen hierf\u00fcr keine zus\u00e4tzlichen Materialien, alles ist im Koffer.<\/p>\n<p>Der Drachen wird R2F (Ready-to-Fly) mit einer Rolle Drachengarn, Schw\u00e4nzen und einer Anleitung geliefert. Einzeln verpackt in einer PE-H\u00fclle.<\/p>\n<p><b>Dieses ColorKit enth\u00e4lt 8 kostenlose Marker (farbige Filzstifte)!<\/b><\/p>\n<p><b>Mengenrabatte<\/b>; Beim Kauf gr\u00f6\u00dferer Mengen gew\u00e4hren wir folgende Mengenrabatte:<\/p>\n<ul>\n<li><b>ab 10 St\u00fcck: 5%<\/b><\/li>\n<li><strong>ab 25 St\u00fcck: 7,5%<\/strong><\/li>\n<li><b>ab 50 St\u00fcck: 10%<\/b><\/li>\n<li><b>ab 100 St\u00fcck: 15%<\/b><\/li>\n<li><b>ab 250 St\u00fcck: 20%<\/b><\/li>\n<li><b>ab 500 St\u00fcck: 25%<\/b><\/li>\n<\/ul>\n<p>Der Mengenrabatt wird direkt im Warenkorb abgerechnet.<\/p>\n","protected":false},"excerpt":{"rendered":"<p>64 x 61 cm. inkl. Marker \u2013 Ready to Fly<\/p>\n","protected":false},"featured_media":12280,"comment_status":"closed","ping_status":"closed","template":"","meta":{"_acf_changed":false},"product_brand":[],"product_cat":[2185,1396,2165],"product_tag":[3639],"class_list":{"0":"post-21681","1":"product","2":"type-product","3":"status-publish","4":"has-post-thumbnail","6":"product_cat-basteldrachen","7":"product_cat-drachen","8":"product_cat-wepa","9":"product_tag-workshopvliegers","10":"pa_breedte-cm-61-de","11":"pa_lengte-cm-64-de","13":"first","14":"instock","15":"taxable","16":"shipping-taxable","17":"purchasable","18":"product-type-simple"},"acf":[],"_links":{"self":[{"href":"https:\/\/www.wepaflyer.com\/de\/wp-json\/wp\/v2\/product\/21681","targetHints":{"allow":["GET"]}}],"collection":[{"href":"https:\/\/www.wepaflyer.com\/de\/wp-json\/wp\/v2\/product"}],"about":[{"href":"https:\/\/www.wepaflyer.com\/de\/wp-json\/wp\/v2\/types\/product"}],"replies":[{"embeddable":true,"href":"https:\/\/www.wepaflyer.com\/de\/wp-json\/wp\/v2\/comments?post=21681"}],"wp:featuredmedia":[{"embeddable":true,"href":"https:\/\/www.wepaflyer.com\/de\/wp-json\/wp\/v2\/media\/12280"}],"wp:attachment":[{"href":"https:\/\/www.wepaflyer.com\/de\/wp-json\/wp\/v2\/media?parent=21681"}],"wp:term":[{"taxonomy":"product_brand","embeddable":true,"href":"https:\/\/www.wepaflyer.com\/de\/wp-json\/wp\/v2\/product_brand?post=21681"},{"taxonomy":"product_cat","embeddable":true,"href":"https:\/\/www.wepaflyer.com\/de\/wp-json\/wp\/v2\/product_cat?post=21681"},{"taxonomy":"product_tag","embeddable":true,"href":"https:\/\/www.wepaflyer.com\/de\/wp-json\/wp\/v2\/product_tag?post=21681"}],"curies":[{"name":"wp","href":"https:\/\/api.w.org\/{rel}","templated":true}]}}