{"id":21680,"date":"2023-12-28T11:45:49","date_gmt":"2023-12-28T10:45:49","guid":{"rendered":"https:\/\/www.wepaflyer.com\/?post_type=product&#038;p=21680"},"modified":"2026-02-18T18:58:34","modified_gmt":"2026-02-18T17:58:34","slug":"fixy-zizo-craft-kite-vpe100","status":"publish","type":"product","link":"https:\/\/www.wepaflyer.com\/de\/produkt\/fixy-zizo-craft-kite-vpe100\/","title":{"rendered":"Fixy ZIZO Basteldrachen \u2013 SPI-Tuch | VPE100"},"content":{"rendered":"<h3>Fixy ZIZO, der besondere Basteldrachen! VPE 100 St\u00fcck<\/h3>\n<h4>25 x 25 cm. | SPI-Tuch | R2F | VPE von 100 St\u00fcck<\/h4>\n<p>Superspa\u00dfiger Basteldrachen aus <b>SpinnakerNylon-Stoff<\/b> f\u00fcr Kinder! Komplet R2F (Ready-to-Fly) mit Schnur auf Griff und allem Zubeh\u00f6r, einschlie\u00dflich St\u00e4bchen, Kappen, Schw\u00e4nzen und Anleitungsblatt in einer VE mit 100 St\u00fcck. Der Fixy ZIZO wird in <b>allen Farben des Regenbogens, Schwarz, Wei\u00df und verschiedenen Neonfarben<\/b> geliefert, die alle miteinander gemischt ein farbenfrohes Spektakel ergeben. Perfekt zum Selbermalen, funktioniert aber aufgrund des Materials (Nylontuch) nur mit guten Filzstiften oder Markern gut. Diese finden Sie auch in unserem Webshop! Ideal f\u00fcr preisg\u00fcnstige Kinderfeste, Schulen, Vereine und Vereine.<\/p>\n<h3>Super Drachen, super Preis, super Spa\u00df, super Angebot!<\/h3>\n<p>Auch bei Jung und Alt erfreut sich der Fixy ZIZO gro\u00dfer Beliebtheit. Der Fixy ZIZO braucht etwas Wind, tanzt dann aber fr\u00f6hlich an der Drachenleine.<\/p>\n<p>Das Einzigartigste am Modell Fixy ZIZO ist die durchdachte Einfachheit der Montage. Dank der am Kite angebrachten Kappen und \u201eSlips\u201c k\u00f6nnen Sie den Drachen schnell und einfach zusammenbauen, aufspannen und ausbalancieren. Befolgen Sie die beiliegende Anleitung und achten Sie auf die Symmetrie. Man kann nichts falsch machen, einfach einen Drachen steigen lassen! Sie ben\u00f6tigen hierf\u00fcr keine zus\u00e4tzlichen Materialien, alles ist in der T\u00fcte.<\/p>\n<p>Der Drachen wird R2F (Ready-to-Fly) mit Drachenschnur auf Griff, Schw\u00e4nzen und einer Anleitung geliefert. Einzeln verpackt in einer PE-H\u00fclle. <b>Farbig sortiert.<\/b> VE = 100 St\u00fcck.<\/p>\n<p><b>Mengenrabatte<\/b>; Beim Kauf gr\u00f6\u00dferer Mengen gew\u00e4hren wir folgende Mengenrabatte:<\/p>\n<ul>\n<li><b>ab 3 VPE: 5 %<\/b><\/li>\n<li><b>ab 5 VPE: 7,5 %<\/b><\/li>\n<li><b>ab 10 VPE: 10 %<\/b><\/li>\n<\/ul>\n<p>Der Mengenrabatt wird direkt im Warenkorb abgerechnet.<\/p>\n","protected":false},"excerpt":{"rendered":"<p>25 x 25 cm. | SPI-Tuch | R2F | VPE von 100 St\u00fcck<\/p>\n","protected":false},"featured_media":12273,"comment_status":"closed","ping_status":"closed","template":"","meta":{"_acf_changed":false},"product_brand":[],"product_cat":[2185,1396,3553,2184,1348,2165],"product_tag":[],"class_list":{"0":"post-21680","1":"product","2":"type-product","3":"status-publish","4":"has-post-thumbnail","6":"product_cat-basteldrachen","7":"product_cat-drachen","8":"product_cat-drachenpakete","9":"product_cat-kinderdrachen","10":"product_cat-marken","11":"product_cat-wepa","12":"pa_breedte-cm-25-de","13":"pa_lengte-cm-25-de","15":"first","16":"instock","17":"sale","18":"taxable","19":"shipping-taxable","20":"purchasable","21":"product-type-simple"},"acf":[],"_links":{"self":[{"href":"https:\/\/www.wepaflyer.com\/de\/wp-json\/wp\/v2\/product\/21680","targetHints":{"allow":["GET"]}}],"collection":[{"href":"https:\/\/www.wepaflyer.com\/de\/wp-json\/wp\/v2\/product"}],"about":[{"href":"https:\/\/www.wepaflyer.com\/de\/wp-json\/wp\/v2\/types\/product"}],"replies":[{"embeddable":true,"href":"https:\/\/www.wepaflyer.com\/de\/wp-json\/wp\/v2\/comments?post=21680"}],"wp:featuredmedia":[{"embeddable":true,"href":"https:\/\/www.wepaflyer.com\/de\/wp-json\/wp\/v2\/media\/12273"}],"wp:attachment":[{"href":"https:\/\/www.wepaflyer.com\/de\/wp-json\/wp\/v2\/media?parent=21680"}],"wp:term":[{"taxonomy":"product_brand","embeddable":true,"href":"https:\/\/www.wepaflyer.com\/de\/wp-json\/wp\/v2\/product_brand?post=21680"},{"taxonomy":"product_cat","embeddable":true,"href":"https:\/\/www.wepaflyer.com\/de\/wp-json\/wp\/v2\/product_cat?post=21680"},{"taxonomy":"product_tag","embeddable":true,"href":"https:\/\/www.wepaflyer.com\/de\/wp-json\/wp\/v2\/product_tag?post=21680"}],"curies":[{"name":"wp","href":"https:\/\/api.w.org\/{rel}","templated":true}]}}