{"id":21676,"date":"2023-12-28T11:45:49","date_gmt":"2023-12-28T10:45:49","guid":{"rendered":"https:\/\/www.wepaflyer.com\/?post_type=product&#038;p=21676"},"modified":"2026-02-27T14:16:53","modified_gmt":"2026-02-27T13:16:53","slug":"f-leitwerk-delta-xxl-pyro-weiss","status":"publish","type":"product","link":"https:\/\/www.wepaflyer.com\/de\/produkt\/f-leitwerk-delta-xxl-pyro-weiss\/","title":{"rendered":"CiM F-Tail Delta XXL PYRO \/ WHITE"},"content":{"rendered":"<h3>CiM F-TAIL DELTA XXL PYRO\/WHITE<\/h3>\n<h4>400 x 1400 cm. | Kite Only | Liftkite\/Hebedrachen<\/h4>\n<p>Megagro\u00dfer F-Tail Deltadrachen. Dieser gigantische Drachen braucht Platz und schreit nach Aufmerksamkeit. Braucht etwas Wind, steigt dann aber in gro\u00dfe H\u00f6hen. Die sehr langen Schw\u00e4nze verleihen diesem Drachen ein fantastisches Aussehen. Die Gr\u00f6\u00dfe mag auf den ersten Blick abschreckend sein, aber der F-Tail-Delta fliegt \u00e4u\u00dferst gutm\u00fctig.<\/p>\n<p>Ein beliebter Drachen auf Festivals, der alle Blicke auf sich ziehen wird. Erh\u00e4ltlich in der abgebildeten reinwei\u00dfen Farbe, ein Drachen der wahrscheinlich\u00a0 f\u00fcr Ihren Geschmack gemacht ist. Stabiles Fliegen bei einem Windbereich von 2 bis 5 Bft. Die langen F-Tails aus Taffeta-Nylon lassen diesen Drachen so gut fliegen, dass er eigentlich f\u00fcr immer am Himmel bleiben m\u00f6chte.<\/p>\n<p><strong>Der Pyro-\/Wei\u00df Deltadrachen wird oft bei Drachenfesten am Abend oder in der Nacht steigen gelassen und mit Taschenlampen oder Scheinwerfern beleuchtet, was einen besonders sch\u00f6nen und leicht unheimlichen Anblick bietet \u2013 ein wahrer \u201eGruseldrachen\u201c.<\/strong><\/p>\n<p>Der Kite wird \u00f8LH geliefert (ohne Leine und Drachenring). Die empfohlene Drachenschnur muss mindestens 100 daN sein und am besten ist eine geflochtene Dacron-Qualit\u00e4t. Sie finden diese Schn\u00fcre beim Drachenzubeh\u00f6r, Dacron Climax BlackLines oder HI-Dacron Lines.<\/p>\n<p>Der F-Tail Delta XXL besteht aus Paratex-Ripstop-Nylon mit langen Taffeta-Nylon-Schw\u00e4nzen und wird in der wei\u00dfen Farbgestaltung wie abgebildet geliefert. Ausgestattet mit Glasfaserrohren in 8 und 12 mm Durchmesser, so dass er einiges aush\u00e4lt. Einzeln verpackt in einer stabilen Transporttasche.<\/p>\n","protected":false},"excerpt":{"rendered":"<p>400 x 1400 cm. | Kite Only | Liftkite\/Hebedrachen<\/p>\n","protected":false},"featured_media":12256,"comment_status":"closed","ping_status":"closed","template":"","meta":{"_acf_changed":false},"product_brand":[],"product_cat":[2187,1396,2182,1348],"product_tag":[],"class_list":{"0":"post-21676","1":"product","2":"type-product","3":"status-publish","4":"has-post-thumbnail","6":"product_cat-colours-in-motion","7":"product_cat-drachen","8":"product_cat-festival-drachen","9":"product_cat-marken","10":"pa_breedte-cm-1400-de","11":"pa_lengte-cm-400-de","13":"first","14":"instock","15":"sale","16":"taxable","17":"shipping-taxable","18":"purchasable","19":"product-type-simple"},"acf":[],"_links":{"self":[{"href":"https:\/\/www.wepaflyer.com\/de\/wp-json\/wp\/v2\/product\/21676","targetHints":{"allow":["GET"]}}],"collection":[{"href":"https:\/\/www.wepaflyer.com\/de\/wp-json\/wp\/v2\/product"}],"about":[{"href":"https:\/\/www.wepaflyer.com\/de\/wp-json\/wp\/v2\/types\/product"}],"replies":[{"embeddable":true,"href":"https:\/\/www.wepaflyer.com\/de\/wp-json\/wp\/v2\/comments?post=21676"}],"wp:featuredmedia":[{"embeddable":true,"href":"https:\/\/www.wepaflyer.com\/de\/wp-json\/wp\/v2\/media\/12256"}],"wp:attachment":[{"href":"https:\/\/www.wepaflyer.com\/de\/wp-json\/wp\/v2\/media?parent=21676"}],"wp:term":[{"taxonomy":"product_brand","embeddable":true,"href":"https:\/\/www.wepaflyer.com\/de\/wp-json\/wp\/v2\/product_brand?post=21676"},{"taxonomy":"product_cat","embeddable":true,"href":"https:\/\/www.wepaflyer.com\/de\/wp-json\/wp\/v2\/product_cat?post=21676"},{"taxonomy":"product_tag","embeddable":true,"href":"https:\/\/www.wepaflyer.com\/de\/wp-json\/wp\/v2\/product_tag?post=21676"}],"curies":[{"name":"wp","href":"https:\/\/api.w.org\/{rel}","templated":true}]}}