{"id":21672,"date":"2023-12-28T11:45:49","date_gmt":"2023-12-28T10:45:49","guid":{"rendered":"https:\/\/www.wepaflyer.com\/?post_type=product&#038;p=21672"},"modified":"2026-01-21T13:18:55","modified_gmt":"2026-01-21T12:18:55","slug":"eddy-emil-ente-von-heidi-perc","status":"publish","type":"product","link":"https:\/\/www.wepaflyer.com\/de\/produkt\/eddy-emil-ente-von-heidi-perc\/","title":{"rendered":"Eddy &#8211; Emil Ente von Heidi Perc"},"content":{"rendered":"<h3>Eddy &#8211; Emil Ente von Heidi Perc<\/h3>\n<h5>Einleinerdrachen | 75 x 75 cm. | R2F<\/h5>\n<p>Kinderdrachen by Heidi Perc &#8211; verspielt, lebendig, farbenfroh, frei und fr\u00f6hlich ist die Eddy-Drachen-Kollektion, welche von der K\u00fcnstlerin Heidi Perc entworfen wurde. Selbstsicher und mit viel Humor blicken ihre Freunde in unsere Welt.<\/p>\n<p>Unsere Kinderdrachen sind nicht nur kinderleicht aufzubauen, sondern ebenfalls ausgezeichnete Leichtwindflieger. Ihre \u00e4u\u00dferst stabilen Flugeigenschaften tragen sehr zur Erh\u00f6hung des Spa\u00dffaktors der Kinder bei. Wenn Sie sich \u00fcber die leuchtenden Augen ihrer J\u00fcngsten freuen, schicken Sie doch einfach einen \u201eDanke-Brief\u201c mit Drachenpost nach oben &#8230;<\/p>\n<p>Der Eddy-Drachen aus Spinnaker-Nylon und 4 mm Glasfiber St\u00e4ben h\u00e4lt einiges aus, steigt schon bei recht wenig Wind in die Luft und ist geeignet bei Windst\u00e4rken zwischen 1,5 und 5 Beaufort. Er ist au\u00dferdem kinderleicht aufzubauen und zeigt stabile Flugeigenschaften.<\/p>\n<ul>\n<li>Kinderdrachen entworfen von Heidi Perc<\/li>\n<li>verspielt, lebhaft, bunt, frei und fr\u00f6hlich<\/li>\n<li>einfach und schnell aufzubauen \/ einfach zu fliegen<\/li>\n<li>f\u00fcr Kinder ab 5 Jahren<\/li>\n<li>inkl. Drachenschwanz, Rolle mit 30 m Drachenleine<\/li>\n<li>Spinnaker-Nylon mit 4 mm. Glasfaserst\u00e4be<\/li>\n<li>Windbereich 1,5 &#8211; 5 Bft.<\/li>\n<\/ul>\n","protected":false},"excerpt":{"rendered":"<p>Einleinerdrachen | 75 x 75 cm. | R2F<\/p>\n","protected":false},"featured_media":12246,"comment_status":"closed","ping_status":"closed","template":"","meta":{"_acf_changed":false},"product_brand":[],"product_cat":[1396,2702,2184,1348],"product_tag":[],"class_list":{"0":"post-21672","1":"product","2":"type-product","3":"status-publish","4":"has-post-thumbnail","6":"product_cat-drachen","7":"product_cat-elliot","8":"product_cat-kinderdrachen","9":"product_cat-marken","10":"pa_breedte-cm-19-de","11":"pa_lengte-cm-75-de","13":"first","14":"onbackorder","15":"sale","16":"taxable","17":"shipping-taxable","18":"purchasable","19":"product-type-simple"},"acf":[],"_links":{"self":[{"href":"https:\/\/www.wepaflyer.com\/de\/wp-json\/wp\/v2\/product\/21672","targetHints":{"allow":["GET"]}}],"collection":[{"href":"https:\/\/www.wepaflyer.com\/de\/wp-json\/wp\/v2\/product"}],"about":[{"href":"https:\/\/www.wepaflyer.com\/de\/wp-json\/wp\/v2\/types\/product"}],"replies":[{"embeddable":true,"href":"https:\/\/www.wepaflyer.com\/de\/wp-json\/wp\/v2\/comments?post=21672"}],"wp:featuredmedia":[{"embeddable":true,"href":"https:\/\/www.wepaflyer.com\/de\/wp-json\/wp\/v2\/media\/12246"}],"wp:attachment":[{"href":"https:\/\/www.wepaflyer.com\/de\/wp-json\/wp\/v2\/media?parent=21672"}],"wp:term":[{"taxonomy":"product_brand","embeddable":true,"href":"https:\/\/www.wepaflyer.com\/de\/wp-json\/wp\/v2\/product_brand?post=21672"},{"taxonomy":"product_cat","embeddable":true,"href":"https:\/\/www.wepaflyer.com\/de\/wp-json\/wp\/v2\/product_cat?post=21672"},{"taxonomy":"product_tag","embeddable":true,"href":"https:\/\/www.wepaflyer.com\/de\/wp-json\/wp\/v2\/product_tag?post=21672"}],"curies":[{"name":"wp","href":"https:\/\/api.w.org\/{rel}","templated":true}]}}