{"id":21670,"date":"2023-12-28T11:45:49","date_gmt":"2023-12-28T10:45:49","guid":{"rendered":"https:\/\/www.wepaflyer.com\/?post_type=product&#038;p=21670"},"modified":"2026-05-04T12:38:09","modified_gmt":"2026-05-04T10:38:09","slug":"dual-power-griffe-krallen-set","status":"publish","type":"product","link":"https:\/\/www.wepaflyer.com\/de\/produkt\/dual-power-griffe-krallen-set\/","title":{"rendered":"Dual-Power-Griffe \u2013 Krallen-Set"},"content":{"rendered":"<h3>DUAL POWER GRIFFE \u2013 KRALLEN-SET<\/h3>\n<h5>Robuste Krallen | Metallkern<\/h5>\n<p>Dual Power Handles sind eigentlich eine Kombination aus Drachenrollen, Handgelenkschlaufen und Steuerstangen. Sie bedienen und halten sie wie die Drachenrollen (oder Ringe), haben aber die gleiche angenehme Art der Drachenkontrolle wie die Handgelenkschlaufen und einen perfekten Halt.<\/p>\n<p>Der Dual Mit Power Handles kannst du richtig stecken bleiben, sie sind extrem langlebig und werden daher oft zum Power Kiten verwendet.<\/p>\n<p>Die Dual Power Handles haben einen Metallkern und sind daher besonders stabil, sind mit rotem und rotem \u00dcberzug \u00fcberzogen Sie bestehen aus blauem Schaumstoff und haben schwarze Kordelschlaufen mit Draht, an denen Sie die Flugleinen befestigen. Ein Schiebeknoten ist angebracht.<\/p>\n<p>Einfach befestigen und den Drachen antreiben!<\/p>\n<p>Erh\u00e4ltlich in den Farben wie abgebildet, 1x Rot und 1x Blau pro Set.<\/p>\n<p><b >Mengenrabatte<\/p>\n<p><b> b>; Beim Kauf gr\u00f6\u00dferer Mengen gew\u00e4hren wir folgende Mengenrabatte:<\/p>\n<\/p>\n<ul>\n<li><b>ab 2 St\u00fcck: 2,5%<\/b><\/li >\n<li ><b>ab 4 St\u00fcck: 5%<\/b><\/li>\n<li><b>ab 8 St\u00fcck: 7,5%<\/b><\/li>\n<li><b>ab 16 St\u00fcck: 10% <\/b><\/li>\n<\/ul>\n<p>Der Mengenrabatt wird direkt im Warenkorb abgezogen.<\/p>\n","protected":false},"excerpt":{"rendered":"<p>Extrem starke Griffe \u2013 Krallen<\/p>\n","protected":false},"featured_media":12239,"comment_status":"closed","ping_status":"closed","template":"","meta":{"_acf_changed":false},"product_brand":[],"product_cat":[1385,2186],"product_tag":[3637],"class_list":{"0":"post-21670","1":"product","2":"type-product","3":"status-publish","4":"has-post-thumbnail","6":"product_cat-drachen-zubehor","7":"product_cat-drachen-lenkschlaufen","8":"product_tag-accessoires","10":"first","11":"instock","12":"taxable","13":"shipping-taxable","14":"purchasable","15":"product-type-simple"},"acf":[],"_links":{"self":[{"href":"https:\/\/www.wepaflyer.com\/de\/wp-json\/wp\/v2\/product\/21670","targetHints":{"allow":["GET"]}}],"collection":[{"href":"https:\/\/www.wepaflyer.com\/de\/wp-json\/wp\/v2\/product"}],"about":[{"href":"https:\/\/www.wepaflyer.com\/de\/wp-json\/wp\/v2\/types\/product"}],"replies":[{"embeddable":true,"href":"https:\/\/www.wepaflyer.com\/de\/wp-json\/wp\/v2\/comments?post=21670"}],"wp:featuredmedia":[{"embeddable":true,"href":"https:\/\/www.wepaflyer.com\/de\/wp-json\/wp\/v2\/media\/12239"}],"wp:attachment":[{"href":"https:\/\/www.wepaflyer.com\/de\/wp-json\/wp\/v2\/media?parent=21670"}],"wp:term":[{"taxonomy":"product_brand","embeddable":true,"href":"https:\/\/www.wepaflyer.com\/de\/wp-json\/wp\/v2\/product_brand?post=21670"},{"taxonomy":"product_cat","embeddable":true,"href":"https:\/\/www.wepaflyer.com\/de\/wp-json\/wp\/v2\/product_cat?post=21670"},{"taxonomy":"product_tag","embeddable":true,"href":"https:\/\/www.wepaflyer.com\/de\/wp-json\/wp\/v2\/product_tag?post=21670"}],"curies":[{"name":"wp","href":"https:\/\/api.w.org\/{rel}","templated":true}]}}