{"id":21669,"date":"2023-12-28T11:45:49","date_gmt":"2023-12-28T10:45:49","guid":{"rendered":"https:\/\/www.wepaflyer.com\/?post_type=product&#038;p=21669"},"modified":"2026-05-04T15:57:07","modified_gmt":"2026-05-04T13:57:07","slug":"dodo-der-tyvek-basteldrachen","status":"publish","type":"product","link":"https:\/\/www.wepaflyer.com\/de\/produkt\/dodo-der-tyvek-basteldrachen\/","title":{"rendered":"DODO Der Tyvek-Basteldrachen"},"content":{"rendered":"<h3>DODO, Tyveks Basteldrachen!<\/h3>\n<h5>A4-Blatt Tyvek | Drachen 27 x 19 cm.<\/h5>\n<p>Sehr sch\u00f6ner Basteldrachen aus rei\u00dffestem Tyvek DRY f\u00fcr die Kinder! Was gibt es Sch\u00f6neres, als seinen eigenen Drachen zu bemalen, ihn auszuschneiden, zusammenzusetzen und ihn dann fliegen zu lassen?!<\/p>\n<p>Kompletter R2F (Ready-to-Fly) mit Garn auf einer Rolle, verschiedenem Zubeh\u00f6r, einschlie\u00dflich Glasfaserst\u00e4ben, Verbindungsh\u00fclse, Schwanz und super klarer Anleitung auf Niederl\u00e4ndisch, wie Sie Ihren Drachen in die Luft bringen! Sie m\u00fcssen sich noch eine Schere und ein paar St\u00fccke Klebeband besorgen, aber dann kann es losgehen.<\/p>\n<p>Perfekt zum Ausmalen mit Buntstift, Filzstift, Wasco oder Farbe. Ideal f\u00fcr preisg\u00fcnstige Kinderfeste, Schulen, Vereine und Vereine.<\/p>\n<h3><b>Super Flyer, super Preis, super Spa\u00df, super Angebot!<\/b><\/h3>\n<p>Auch der DODO Craft Kite erfreut sich bei Jung und Alt gro\u00dfer Beliebtheit. Der DODO braucht etwas Wind, tanzt dann aber fr\u00f6hlich auf der Drachenleine.<\/p>\n<p>Befolgen Sie die gedruckte Anleitung (auf Niederl\u00e4ndisch) und achten Sie auf die Symmetrie. Man kann nichts falsch machen, einfach einen Drachen steigen lassen!<\/p>\n<p>Der Drachen wird im R2F-Format (Ready-to-Fly) mit einer Rolle Drachengarn, einem Schwanz und einer Anleitung geliefert. Einzeln verpackt in einer PE-H\u00fclle.<\/p>\n<p><b>Sind Sie auf der Suche nach gr\u00f6\u00dferen Mengen? Dann schauen Sie sich diesen Basteldrachen in der VPE von 25 St\u00fcck mit dazugeh\u00f6rigen Mengenrabatten an!<\/b><\/p>\n","protected":false},"excerpt":{"rendered":"<p>A4 Format: 27x19cm TyvekDRYrei\u00dffest-Ready-to-Fly<\/p>\n","protected":false},"featured_media":10408,"comment_status":"closed","ping_status":"closed","template":"","meta":{"_acf_changed":false},"product_brand":[],"product_cat":[2185,1396,2165],"product_tag":[3626],"class_list":{"0":"post-21669","1":"product","2":"type-product","3":"status-publish","4":"has-post-thumbnail","6":"product_cat-basteldrachen","7":"product_cat-drachen","8":"product_cat-wepa","9":"product_tag-vliegerdoek","10":"pa_breedte-cm-19-de","11":"pa_lengte-cm-27-de","13":"first","14":"instock","15":"taxable","16":"shipping-taxable","17":"purchasable","18":"product-type-simple"},"acf":[],"_links":{"self":[{"href":"https:\/\/www.wepaflyer.com\/de\/wp-json\/wp\/v2\/product\/21669","targetHints":{"allow":["GET"]}}],"collection":[{"href":"https:\/\/www.wepaflyer.com\/de\/wp-json\/wp\/v2\/product"}],"about":[{"href":"https:\/\/www.wepaflyer.com\/de\/wp-json\/wp\/v2\/types\/product"}],"replies":[{"embeddable":true,"href":"https:\/\/www.wepaflyer.com\/de\/wp-json\/wp\/v2\/comments?post=21669"}],"wp:featuredmedia":[{"embeddable":true,"href":"https:\/\/www.wepaflyer.com\/de\/wp-json\/wp\/v2\/media\/10408"}],"wp:attachment":[{"href":"https:\/\/www.wepaflyer.com\/de\/wp-json\/wp\/v2\/media?parent=21669"}],"wp:term":[{"taxonomy":"product_brand","embeddable":true,"href":"https:\/\/www.wepaflyer.com\/de\/wp-json\/wp\/v2\/product_brand?post=21669"},{"taxonomy":"product_cat","embeddable":true,"href":"https:\/\/www.wepaflyer.com\/de\/wp-json\/wp\/v2\/product_cat?post=21669"},{"taxonomy":"product_tag","embeddable":true,"href":"https:\/\/www.wepaflyer.com\/de\/wp-json\/wp\/v2\/product_tag?post=21669"}],"curies":[{"name":"wp","href":"https:\/\/api.w.org\/{rel}","templated":true}]}}