{"id":21665,"date":"2023-12-28T11:45:19","date_gmt":"2023-12-28T10:45:19","guid":{"rendered":"https:\/\/www.wepaflyer.com\/?post_type=product&#038;p=21665"},"modified":"2026-01-21T13:18:50","modified_gmt":"2026-01-21T12:18:50","slug":"hoehepunkt-winder-l","status":"publish","type":"product","link":"https:\/\/www.wepaflyer.com\/de\/produkt\/hoehepunkt-winder-l\/","title":{"rendered":"Climax Winder L Wickelgriff"},"content":{"rendered":"<h3>CLIMAX WINDER \u2013 L<\/h3>\n<h5>Wickelgriff | 22cm breit<strong>\u00a0<\/strong><\/h5>\n<p>Winder (Wickelgriff) f\u00fcr 2- oder 4-fache Lenkschn\u00fcre von Lenkdrachen. Dieses Modell ist gedacht f\u00fcr dickere Lenkschn\u00fcre, f\u00fcr d\u00fcnnere Schn\u00fcre w\u00e4hlst du den Climax Winder &#8211; S.<br \/>\nDie Climax Winder sind im Prinzip identisch an die Winder 8 (Eight), aber sind aus ein was anderem, flexiberem Material gefertigt als diese letztgenannten und haben mehr Aussparungen f\u00fcr Leinenabstimmung.<\/p>\n<p>Erh\u00e4ltlich in vielen Farben. Gefertigt aus robustem und flexibelem PE-Material.<\/p>\n<p><strong>Staffelrabatte<\/strong>; bei Abnahme von gr\u00f6\u00dferen Mengen bieten wir die folgenden Staffelrabatte an:<\/p>\n<ul>\n<li><strong>ab\u00a0 \u00a0 \u00a05 St\u00fcck: 5%<\/strong><\/li>\n<li><strong>ab\u00a0 \u00a010 St\u00fcck: 7,5%<\/strong><\/li>\n<li><strong>ab\u00a0 \u00a025 St\u00fcck: 10%<\/strong><\/li>\n<\/ul>\n<p>Der Staffelrabatt wird sofort im Einkaufskorb verrechnet.<\/p>\n","protected":false},"excerpt":{"rendered":"<p>Wickelgriff | 22cm breit<strong>\u00a0<\/strong><\/p>\n","protected":false},"featured_media":12235,"comment_status":"closed","ping_status":"closed","template":"","meta":{"_acf_changed":false},"product_brand":[],"product_cat":[2159,2190,2172,1348],"product_tag":[],"class_list":{"0":"post-21665","1":"product","2":"type-product","3":"status-publish","4":"has-post-thumbnail","6":"product_cat-climax","7":"product_cat-drachengriffe","8":"product_cat-drachenleinen","9":"product_cat-marken","10":"pa_breedte-cm-22-de","12":"first","13":"instock","14":"taxable","15":"shipping-taxable","16":"purchasable","17":"product-type-simple"},"acf":[],"_links":{"self":[{"href":"https:\/\/www.wepaflyer.com\/de\/wp-json\/wp\/v2\/product\/21665","targetHints":{"allow":["GET"]}}],"collection":[{"href":"https:\/\/www.wepaflyer.com\/de\/wp-json\/wp\/v2\/product"}],"about":[{"href":"https:\/\/www.wepaflyer.com\/de\/wp-json\/wp\/v2\/types\/product"}],"replies":[{"embeddable":true,"href":"https:\/\/www.wepaflyer.com\/de\/wp-json\/wp\/v2\/comments?post=21665"}],"wp:featuredmedia":[{"embeddable":true,"href":"https:\/\/www.wepaflyer.com\/de\/wp-json\/wp\/v2\/media\/12235"}],"wp:attachment":[{"href":"https:\/\/www.wepaflyer.com\/de\/wp-json\/wp\/v2\/media?parent=21665"}],"wp:term":[{"taxonomy":"product_brand","embeddable":true,"href":"https:\/\/www.wepaflyer.com\/de\/wp-json\/wp\/v2\/product_brand?post=21665"},{"taxonomy":"product_cat","embeddable":true,"href":"https:\/\/www.wepaflyer.com\/de\/wp-json\/wp\/v2\/product_cat?post=21665"},{"taxonomy":"product_tag","embeddable":true,"href":"https:\/\/www.wepaflyer.com\/de\/wp-json\/wp\/v2\/product_tag?post=21665"}],"curies":[{"name":"wp","href":"https:\/\/api.w.org\/{rel}","templated":true}]}}