{"id":21658,"date":"2023-12-28T11:45:19","date_gmt":"2023-12-28T10:45:19","guid":{"rendered":"https:\/\/www.wepaflyer.com\/?post_type=product&#038;p=21658"},"modified":"2026-05-04T12:34:10","modified_gmt":"2026-05-04T10:34:10","slug":"cim-windsock-100-regenbogen","status":"publish","type":"product","link":"https:\/\/www.wepaflyer.com\/de\/produkt\/cim-windsock-100-regenbogen\/","title":{"rendered":"CiM WindSock 100 Rainbow"},"content":{"rendered":"<h3>CIM WINDSOCK 100 RAINBOW<\/h3>\n<h4>\u00f8 11 x 100 cm.<\/h4>\n<p>Klassische amerikanische Winds\u00e4cke, wie man sie zu Hunderten an den nordamerikanischen Str\u00e4nden an der Ostk\u00fcste sehen kann, vielleicht gesehen in einem amerikanischen Film, der am Strand spielt?<\/p>\n<p>Aus stabilem Spinnakertuch, UV- und witterungsbest\u00e4ndig, inkl. Karabinerhaken.<\/p>\n","protected":false},"excerpt":{"rendered":"<p>Windsock | \u00f8 11 x 100 cm.<\/p>\n","protected":false},"featured_media":87484,"comment_status":"closed","ping_status":"closed","template":"","meta":{"_acf_changed":false},"product_brand":[],"product_cat":[2187,1348,1403,2188],"product_tag":[3634],"class_list":{"0":"post-21658","1":"product","2":"type-product","3":"status-publish","4":"has-post-thumbnail","6":"product_cat-colours-in-motion","7":"product_cat-marken","8":"product_cat-windspiele","9":"product_cat-windspiele-garten","10":"product_tag-windspelen","11":"pa_breedte-cm-100-de","12":"pa_lengte-cm-11-de","14":"first","15":"instock","16":"sale","17":"taxable","18":"shipping-taxable","19":"purchasable","20":"product-type-simple"},"acf":[],"_links":{"self":[{"href":"https:\/\/www.wepaflyer.com\/de\/wp-json\/wp\/v2\/product\/21658","targetHints":{"allow":["GET"]}}],"collection":[{"href":"https:\/\/www.wepaflyer.com\/de\/wp-json\/wp\/v2\/product"}],"about":[{"href":"https:\/\/www.wepaflyer.com\/de\/wp-json\/wp\/v2\/types\/product"}],"replies":[{"embeddable":true,"href":"https:\/\/www.wepaflyer.com\/de\/wp-json\/wp\/v2\/comments?post=21658"}],"wp:featuredmedia":[{"embeddable":true,"href":"https:\/\/www.wepaflyer.com\/de\/wp-json\/wp\/v2\/media\/87484"}],"wp:attachment":[{"href":"https:\/\/www.wepaflyer.com\/de\/wp-json\/wp\/v2\/media?parent=21658"}],"wp:term":[{"taxonomy":"product_brand","embeddable":true,"href":"https:\/\/www.wepaflyer.com\/de\/wp-json\/wp\/v2\/product_brand?post=21658"},{"taxonomy":"product_cat","embeddable":true,"href":"https:\/\/www.wepaflyer.com\/de\/wp-json\/wp\/v2\/product_cat?post=21658"},{"taxonomy":"product_tag","embeddable":true,"href":"https:\/\/www.wepaflyer.com\/de\/wp-json\/wp\/v2\/product_tag?post=21658"}],"curies":[{"name":"wp","href":"https:\/\/api.w.org\/{rel}","templated":true}]}}