{"id":21656,"date":"2023-12-28T11:45:19","date_gmt":"2023-12-28T10:45:19","guid":{"rendered":"https:\/\/www.wepaflyer.com\/?post_type=product&#038;p=21656"},"modified":"2026-01-21T13:18:39","modified_gmt":"2026-01-21T12:18:39","slug":"cim-saturn-35-globe-rainbow","status":"publish","type":"product","link":"https:\/\/www.wepaflyer.com\/de\/produkt\/cim-saturn-35-globe-rainbow\/","title":{"rendered":"CiM Globe Rainbow Saturn 35"},"content":{"rendered":"<h3>CIM GLOBE RAINBOW SATORN 35<\/h3>\n<h5>\u00f8 35 x 115 cm.<\/h5>\n<p>Sat\u00f8rn Wind Games Teil 1 sind Windspiele in runder Kugel- oder Globusform der Extraklasse. Original entworfen von Wolfgang Grimsel. Form und Design sind so gestaltet, dass diese Windspiele auch bei leichtem Wind mit voller Geschwindigkeit laufen und so ein wundersch\u00f6nes Farbspiel entsteht.<\/p>\n<p>Hergestellt aus rei\u00dffestem Spinnakerstoff. UV- und witterungsbest\u00e4ndig, mit Stativstange und Bodend\u00fcbel aus Glasfaser.<\/p>\n","protected":false},"excerpt":{"rendered":"<p>Kugelwindspiel | \u00f8 35 x 115 cm.<\/p>\n","protected":false},"featured_media":12214,"comment_status":"closed","ping_status":"closed","template":"","meta":{"_acf_changed":false},"product_brand":[],"product_cat":[2187,1403,2188],"product_tag":[],"class_list":{"0":"post-21656","1":"product","2":"type-product","3":"status-publish","4":"has-post-thumbnail","6":"product_cat-colours-in-motion","7":"product_cat-windspiele","8":"product_cat-windspiele-garten","9":"pa_breedte-cm-115-de","10":"pa_lengte-cm-35-de","12":"first","13":"instock","14":"sale","15":"taxable","16":"shipping-taxable","17":"purchasable","18":"product-type-simple"},"acf":[],"_links":{"self":[{"href":"https:\/\/www.wepaflyer.com\/de\/wp-json\/wp\/v2\/product\/21656","targetHints":{"allow":["GET"]}}],"collection":[{"href":"https:\/\/www.wepaflyer.com\/de\/wp-json\/wp\/v2\/product"}],"about":[{"href":"https:\/\/www.wepaflyer.com\/de\/wp-json\/wp\/v2\/types\/product"}],"replies":[{"embeddable":true,"href":"https:\/\/www.wepaflyer.com\/de\/wp-json\/wp\/v2\/comments?post=21656"}],"wp:featuredmedia":[{"embeddable":true,"href":"https:\/\/www.wepaflyer.com\/de\/wp-json\/wp\/v2\/media\/12214"}],"wp:attachment":[{"href":"https:\/\/www.wepaflyer.com\/de\/wp-json\/wp\/v2\/media?parent=21656"}],"wp:term":[{"taxonomy":"product_brand","embeddable":true,"href":"https:\/\/www.wepaflyer.com\/de\/wp-json\/wp\/v2\/product_brand?post=21656"},{"taxonomy":"product_cat","embeddable":true,"href":"https:\/\/www.wepaflyer.com\/de\/wp-json\/wp\/v2\/product_cat?post=21656"},{"taxonomy":"product_tag","embeddable":true,"href":"https:\/\/www.wepaflyer.com\/de\/wp-json\/wp\/v2\/product_tag?post=21656"}],"curies":[{"name":"wp","href":"https:\/\/api.w.org\/{rel}","templated":true}]}}