{"id":21650,"date":"2023-12-28T11:45:19","date_gmt":"2023-12-28T10:45:19","guid":{"rendered":"https:\/\/www.wepaflyer.com\/?post_type=product&#038;p=21650"},"modified":"2026-03-01T14:13:16","modified_gmt":"2026-03-01T13:13:16","slug":"cim-maya-eddy-blue-newlook","status":"publish","type":"product","link":"https:\/\/www.wepaflyer.com\/de\/produkt\/cim-maya-eddy-blue-newlook\/","title":{"rendered":"CiM Maya EDDY Blue NEWLOOK"},"content":{"rendered":"<h3>CIM MAYA-EDDY BLUE NEWLOOK<\/h3>\n<h4>65 x 74 cm. | R2F | Klassischer Eddy Drachen<\/h4>\n<h6>New Look, besonders leuchtende Farben<\/h6>\n<p>Originaler, exklusiver und besonders sch\u00f6ner 1-Leiner-Diamantdrachen, geeignet f\u00fcr Jung und Alt und fliegt bei jedem Wind. Der Maya Eddy hat sich aufgrund seines sch\u00f6nen Designs und der Farbgebung von Anfang an als beliebtes Modell erwiesen, insbesondere als dekorativer Drachen.<\/p>\n<p>Der Drachen wird R2F (Ready-to-Fly) mit Drachenschnur auf Griff und 40 Fransenschw\u00e4nzen rundherum sowie 2 langen Streifenschw\u00e4nzen in Regenbogenfarben geliefert. In der abgebildeten Ausf\u00fchrung aus starkem Spinnakertuch gefertigt. Einzeln verpackt in einer stabilen Aufbewahrungstasche.<\/p>\n","protected":false},"excerpt":{"rendered":"<p>65 x 74 cm. | R2F | Klassischer Eddy Drachen<\/p>\n","protected":false},"featured_media":12200,"comment_status":"closed","ping_status":"closed","template":"","meta":{"_acf_changed":false},"product_brand":[],"product_cat":[2187,1396,2184,1348],"product_tag":[],"class_list":{"0":"post-21650","1":"product","2":"type-product","3":"status-publish","4":"has-post-thumbnail","6":"product_cat-colours-in-motion","7":"product_cat-drachen","8":"product_cat-kinderdrachen","9":"product_cat-marken","10":"pa_breedte-cm-74-de","11":"pa_lengte-cm-65-de","13":"first","14":"instock","15":"sale","16":"taxable","17":"shipping-taxable","18":"purchasable","19":"product-type-simple"},"acf":[],"_links":{"self":[{"href":"https:\/\/www.wepaflyer.com\/de\/wp-json\/wp\/v2\/product\/21650","targetHints":{"allow":["GET"]}}],"collection":[{"href":"https:\/\/www.wepaflyer.com\/de\/wp-json\/wp\/v2\/product"}],"about":[{"href":"https:\/\/www.wepaflyer.com\/de\/wp-json\/wp\/v2\/types\/product"}],"replies":[{"embeddable":true,"href":"https:\/\/www.wepaflyer.com\/de\/wp-json\/wp\/v2\/comments?post=21650"}],"wp:featuredmedia":[{"embeddable":true,"href":"https:\/\/www.wepaflyer.com\/de\/wp-json\/wp\/v2\/media\/12200"}],"wp:attachment":[{"href":"https:\/\/www.wepaflyer.com\/de\/wp-json\/wp\/v2\/media?parent=21650"}],"wp:term":[{"taxonomy":"product_brand","embeddable":true,"href":"https:\/\/www.wepaflyer.com\/de\/wp-json\/wp\/v2\/product_brand?post=21650"},{"taxonomy":"product_cat","embeddable":true,"href":"https:\/\/www.wepaflyer.com\/de\/wp-json\/wp\/v2\/product_cat?post=21650"},{"taxonomy":"product_tag","embeddable":true,"href":"https:\/\/www.wepaflyer.com\/de\/wp-json\/wp\/v2\/product_tag?post=21650"}],"curies":[{"name":"wp","href":"https:\/\/api.w.org\/{rel}","templated":true}]}}