{"id":21648,"date":"2023-12-28T11:45:19","date_gmt":"2023-12-28T10:45:19","guid":{"rendered":"https:\/\/www.wepaflyer.com\/?post_type=product&#038;p=21648"},"modified":"2026-04-05T14:17:01","modified_gmt":"2026-04-05T12:17:01","slug":"cim-kleine-magische-biene-biene","status":"publish","type":"product","link":"https:\/\/www.wepaflyer.com\/de\/produkt\/cim-kleine-magische-biene-biene\/","title":{"rendered":"CiM Little Magic Bee \/ Biene"},"content":{"rendered":"<h3>LITTLE MAGIC BEE \/ BIENE<\/h3>\n<h4>\u00f8 28 \/ 35 x 13 x 85 cm. |\u00a0Farbenfrohes Magic Windspiel<\/h4>\n<p>Neben den Magic Wheels und Magic Flowers sind die Magic Animals eine dritte Gruppe von Magic Wind-Spielen und vielleicht die gefragteste. Die sich drehenden Insekten und Tiere \u00fcben eine magische Anziehungskraft auf Kinder aus, die nicht genug davon bekommen k\u00f6nnen. Sie lassen sich im Handumdrehen aufbauen und auch die Magic Animals gibt es in verschiedenen Ausf\u00fchrungen, also suchen Sie das sch\u00f6nste Tier heraus!<\/p>\n<p><strong>Die Magic Bee \/ Biene ist eigentlich eine Wasp \/ Wespe, aber what\u2019s in a name\u2026?<\/strong><\/p>\n<p>Hergestellt aus rei\u00dffestem Spinnakertuch und PET-Material. Ausgestattet mit Applikationen und Bedruckungen. UV- und witterungsbest\u00e4ndig, mit Glasfaserst\u00e4ben.<\/p>\n","protected":false},"excerpt":{"rendered":"<p>\u00f8 28 \/ 35 x 13 x 85 cm. |\u00a0Farbenfrohes Magic Windspiel<\/p>\n","protected":false},"featured_media":87429,"comment_status":"closed","ping_status":"closed","template":"","meta":{"_acf_changed":false},"product_brand":[],"product_cat":[2187,1348,1403,2188],"product_tag":[],"class_list":{"0":"post-21648","1":"product","2":"type-product","3":"status-publish","4":"has-post-thumbnail","6":"product_cat-colours-in-motion","7":"product_cat-marken","8":"product_cat-windspiele","9":"product_cat-windspiele-garten","10":"pa_breedte-cm-13-de","11":"pa_hoogte-cm-85-de","12":"pa_lengte-cm-35-de","14":"first","15":"instock","16":"sale","17":"taxable","18":"shipping-taxable","19":"purchasable","20":"product-type-simple"},"acf":[],"_links":{"self":[{"href":"https:\/\/www.wepaflyer.com\/de\/wp-json\/wp\/v2\/product\/21648","targetHints":{"allow":["GET"]}}],"collection":[{"href":"https:\/\/www.wepaflyer.com\/de\/wp-json\/wp\/v2\/product"}],"about":[{"href":"https:\/\/www.wepaflyer.com\/de\/wp-json\/wp\/v2\/types\/product"}],"replies":[{"embeddable":true,"href":"https:\/\/www.wepaflyer.com\/de\/wp-json\/wp\/v2\/comments?post=21648"}],"wp:featuredmedia":[{"embeddable":true,"href":"https:\/\/www.wepaflyer.com\/de\/wp-json\/wp\/v2\/media\/87429"}],"wp:attachment":[{"href":"https:\/\/www.wepaflyer.com\/de\/wp-json\/wp\/v2\/media?parent=21648"}],"wp:term":[{"taxonomy":"product_brand","embeddable":true,"href":"https:\/\/www.wepaflyer.com\/de\/wp-json\/wp\/v2\/product_brand?post=21648"},{"taxonomy":"product_cat","embeddable":true,"href":"https:\/\/www.wepaflyer.com\/de\/wp-json\/wp\/v2\/product_cat?post=21648"},{"taxonomy":"product_tag","embeddable":true,"href":"https:\/\/www.wepaflyer.com\/de\/wp-json\/wp\/v2\/product_tag?post=21648"}],"curies":[{"name":"wp","href":"https:\/\/api.w.org\/{rel}","templated":true}]}}