{"id":21644,"date":"2023-12-28T11:44:49","date_gmt":"2023-12-28T10:44:49","guid":{"rendered":"https:\/\/www.wepaflyer.com\/?post_type=product&#038;p=21644"},"modified":"2026-05-04T12:34:10","modified_gmt":"2026-05-04T10:34:10","slug":"cim-avia-socke-s","status":"publish","type":"product","link":"https:\/\/www.wepaflyer.com\/de\/produkt\/cim-avia-socke-s\/","title":{"rendered":"CiM Avia Windsock &#8211; S"},"content":{"rendered":"<h3>CIM AVIA WINDSOCK \u2013 S<\/h3>\n<h4>\u00f8 13 x 36 cm. | Windsock<\/h4>\n<p>Verkleinerte Kopie der Original-Winds\u00e4cke, wie sie fr\u00fcher auf allen Flugh\u00e4fen zu sehen waren. Heutzutage sieht man auf kleineren (Segel-)Flugpl\u00e4tzen noch die Originale. Soll den Piloten zeigen, aus welcher Richtung und wie stark der Wind weht.<\/p>\n<p>Aus festem Spinnakertuch, UV- und witterungsbest\u00e4ndig, mit Glasfaserstab.<\/p>\n","protected":false},"excerpt":{"rendered":"<p>\u00f8 13 x 36 cm. | Windsock<\/p>\n","protected":false},"featured_media":12187,"comment_status":"closed","ping_status":"closed","template":"","meta":{"_acf_changed":false},"product_brand":[],"product_cat":[2187,1348,1403,2188],"product_tag":[3634],"class_list":{"0":"post-21644","1":"product","2":"type-product","3":"status-publish","4":"has-post-thumbnail","6":"product_cat-colours-in-motion","7":"product_cat-marken","8":"product_cat-windspiele","9":"product_cat-windspiele-garten","10":"product_tag-windspelen","11":"pa_breedte-cm-36-de","12":"pa_lengte-cm-13-de","14":"first","15":"instock","16":"sale","17":"taxable","18":"shipping-taxable","19":"purchasable","20":"product-type-simple"},"acf":[],"_links":{"self":[{"href":"https:\/\/www.wepaflyer.com\/de\/wp-json\/wp\/v2\/product\/21644","targetHints":{"allow":["GET"]}}],"collection":[{"href":"https:\/\/www.wepaflyer.com\/de\/wp-json\/wp\/v2\/product"}],"about":[{"href":"https:\/\/www.wepaflyer.com\/de\/wp-json\/wp\/v2\/types\/product"}],"replies":[{"embeddable":true,"href":"https:\/\/www.wepaflyer.com\/de\/wp-json\/wp\/v2\/comments?post=21644"}],"wp:featuredmedia":[{"embeddable":true,"href":"https:\/\/www.wepaflyer.com\/de\/wp-json\/wp\/v2\/media\/12187"}],"wp:attachment":[{"href":"https:\/\/www.wepaflyer.com\/de\/wp-json\/wp\/v2\/media?parent=21644"}],"wp:term":[{"taxonomy":"product_brand","embeddable":true,"href":"https:\/\/www.wepaflyer.com\/de\/wp-json\/wp\/v2\/product_brand?post=21644"},{"taxonomy":"product_cat","embeddable":true,"href":"https:\/\/www.wepaflyer.com\/de\/wp-json\/wp\/v2\/product_cat?post=21644"},{"taxonomy":"product_tag","embeddable":true,"href":"https:\/\/www.wepaflyer.com\/de\/wp-json\/wp\/v2\/product_tag?post=21644"}],"curies":[{"name":"wp","href":"https:\/\/api.w.org\/{rel}","templated":true}]}}