{"id":21642,"date":"2023-12-28T11:44:49","date_gmt":"2023-12-28T10:44:49","guid":{"rendered":"https:\/\/www.wepaflyer.com\/?post_type=product&#038;p=21642"},"modified":"2026-05-04T15:55:29","modified_gmt":"2026-05-04T13:55:29","slug":"chitex-ripstop-40d-stahlset","status":"publish","type":"product","link":"https:\/\/www.wepaflyer.com\/de\/produkt\/chitex-ripstop-40d-stahlset\/","title":{"rendered":"CHITEX: Ripstop 40D Mustersatz"},"content":{"rendered":"<h3>Chitex 40D Mustersatz<\/h3>\n<h5>Mustersatz Chitex 40D | Alle 23 Farben | 50 cm\u00b2 pro Farbe<\/h5>\n<p><span style=\"line-height: 1.5em;\">Mustersatz des Chitex 40D-Tuches, damit Sie Ihre Farben zu Hause in Ruhe ausw\u00e4hlen k\u00f6nnen.<\/span><\/p>\n<p><span style=\"line-height: 1.5em;\">Das Chitex 40D ist ein leichtes Spinnakertuch von ausgezeichneter Qualit\u00e4t mit einem effektiven Nettogewicht von ca. 40 g\/m\u00b2. Die Tuchbreite betr\u00e4gt 150 cm.<\/span><\/p>\n<p><span style=\"line-height: 1.5em;\">Chitex 40D eignet sich sehr gut f\u00fcr den Bau aller Arten von Drachen, insbesondere von leichten Modellen, wie Trickdrachen, Parafoils und auch 1-Leiner. Dar\u00fcber hinaus wird das Spinnakertuch auch f\u00fcr viele andere Zwecke verwendet, unter anderem als Bettlaken, f\u00fcr Taschen, Inflatables und Blow-Ups sowie Kunstobjekte.<\/span><\/p>\n<p>Erh\u00e4ltlich in vielen Farben gem\u00e4\u00df der Farbnummernliste unten, die auch die Farbbeschreibung enth\u00e4lt.<\/p>\n<p><b>Farbnummern\/Farben\/Mustersatz:<\/b><\/p>\n<ul>\n<li><b style=\"line-height: 1.5em;\">01 Wei\u00df\/White<\/b><\/li>\n<li><b style=\"line-height: 1.5em;\">02 Grau\/Grey<\/b><\/li>\n<li><b style=\"line-height: 1.5em;\">03 Anthrazit\/Cool Grey<\/b><\/li>\n<li><b style=\"line-height: 1.5em;\">04 Schwarz\/Black<\/b><\/li>\n<li><b style=\"line-height: 1.5em;\">05 Neonpink\/Fluopink<\/b><\/li>\n<li><b style=\"line-height: 1.5em;\">06 Neonorange\/Fluoorange<\/b><\/li>\n<li><b style=\"line-height: 1.5em;\">07 Neongelb\/Fluoyellow<\/b><\/li>\n<li><b style=\"line-height: 1.5em;\">08 Neongr\u00fcn\/Fluogreen<\/b><\/li>\n<li><b style=\"line-height: 1.5em;\">09 Processblue\/Processblue<\/b><\/li>\n<li><b style=\"line-height: 1.5em;\">10 K\u00f6nigsblau\/Royalblue<\/b><\/li>\n<li><b style=\"line-height: 1.5em;\">11 Dunkelblau\/Darkblue<\/b><\/li>\n<li><b style=\"line-height: 1.5em;\">12 Apfelgr\u00fcn\/Applegreen<\/b><\/li>\n<li><b style=\"line-height: 1.5em;\">13 Gr\u00fcn\/Green<\/b><\/li>\n<li><b style=\"line-height: 1.5em;\">14 Orange\/Orange<\/b><\/li>\n<li><b style=\"line-height: 1.5em;\">15 Warmred\/Warmred<\/b><\/li>\n<li><b style=\"line-height: 1.5em;\">16 Rot\/Red<\/b><\/li>\n<li><b style=\"line-height: 1.5em;\">17 Mitternachtsblau\/Midnightblue<\/b><\/li>\n<li><b style=\"line-height: 1.5em;\">18 Lila\/Purple<\/b><\/li>\n<li><b style=\"line-height: 1.5em;\">19 Dunkelviolett\/Darkviolet<\/b><\/li>\n<li><b style=\"line-height: 1.5em;\">20 Gelb\/Yellow<\/b><\/li>\n<li><b style=\"line-height: 1.5em;\">21 Goldgelb\/Goldyellow<\/b><\/li>\n<li><b style=\"line-height: 1.5em;\">22 Hautfarbe\/Skin<\/b><\/li>\n<li><strong>23 Dunkelbraun\/Darkbrown<\/strong><\/li>\n<\/ul>\n<p><strong>F\u00fcr dieses Musterset fallen keine Versandkosten an.<\/strong><\/p>\n","protected":false},"excerpt":{"rendered":"<p>Mustersatz Chitex 40D | Alle 23 Farben | 50 cm\u00b2 pro Farbe<\/p>\n","protected":false},"featured_media":12183,"comment_status":"closed","ping_status":"closed","template":"","meta":{"_acf_changed":false},"product_brand":[],"product_cat":[2155,1385,2154,1348],"product_tag":[3626],"class_list":{"0":"post-21642","1":"product","2":"type-product","3":"status-publish","4":"has-post-thumbnail","6":"product_cat-chitex","7":"product_cat-drachen-zubehor","8":"product_cat-drachentuch","9":"product_cat-marken","10":"product_tag-vliegerdoek","11":"product_shipping_class-proben-set","13":"first","14":"instock","15":"taxable","16":"shipping-taxable","17":"purchasable","18":"product-type-simple"},"acf":[],"_links":{"self":[{"href":"https:\/\/www.wepaflyer.com\/de\/wp-json\/wp\/v2\/product\/21642","targetHints":{"allow":["GET"]}}],"collection":[{"href":"https:\/\/www.wepaflyer.com\/de\/wp-json\/wp\/v2\/product"}],"about":[{"href":"https:\/\/www.wepaflyer.com\/de\/wp-json\/wp\/v2\/types\/product"}],"replies":[{"embeddable":true,"href":"https:\/\/www.wepaflyer.com\/de\/wp-json\/wp\/v2\/comments?post=21642"}],"wp:featuredmedia":[{"embeddable":true,"href":"https:\/\/www.wepaflyer.com\/de\/wp-json\/wp\/v2\/media\/12183"}],"wp:attachment":[{"href":"https:\/\/www.wepaflyer.com\/de\/wp-json\/wp\/v2\/media?parent=21642"}],"wp:term":[{"taxonomy":"product_brand","embeddable":true,"href":"https:\/\/www.wepaflyer.com\/de\/wp-json\/wp\/v2\/product_brand?post=21642"},{"taxonomy":"product_cat","embeddable":true,"href":"https:\/\/www.wepaflyer.com\/de\/wp-json\/wp\/v2\/product_cat?post=21642"},{"taxonomy":"product_tag","embeddable":true,"href":"https:\/\/www.wepaflyer.com\/de\/wp-json\/wp\/v2\/product_tag?post=21642"}],"curies":[{"name":"wp","href":"https:\/\/api.w.org\/{rel}","templated":true}]}}