{"id":21641,"date":"2023-12-28T11:44:49","date_gmt":"2023-12-28T10:44:49","guid":{"rendered":"https:\/\/www.wepaflyer.com\/?post_type=product&#038;p=21641"},"modified":"2026-01-21T13:18:21","modified_gmt":"2026-01-21T12:18:21","slug":"c-rolle-25-m-8-kg-garn","status":"publish","type":"product","link":"https:\/\/www.wepaflyer.com\/de\/produkt\/c-rolle-25-m-8-kg-garn\/","title":{"rendered":"C-Rolle + 25 m 8 kg Garn"},"content":{"rendered":"<h3>C-REEL + 25 m. 8 kg Schnur<\/h3>\n<h5>Verschiedene Farben | 9 x 5 cm.<\/h5>\n<p>Einfache Drachenrolle f\u00fcr kleinere 1-Leiner-Drachen. Ca. 25 Meter PZ-Drachenfaden in einer Bruchfestigkeit von 8 kg. ist abgewickelt.<\/p>\n<p>Erh\u00e4ltlich in den abgebildeten Farben.<\/p>\n<p>Aus robustem PE-Material. Diese Rolle ist ideal f\u00fcr kleine 1-Leiner-Drachen.<\/p>\n<p><b>Mengenrabatte<\/b>; Beim Kauf gr\u00f6\u00dferer Mengen gew\u00e4hren wir folgende Mengenrabatte:<\/p>\n<ul>\n<li><b>ab 50 St\u00fcck: 5%<\/b><\/li>\n<li><strong>ab 100 St\u00fcck: 7,5%<\/strong><\/li>\n<li><b>ab 250 St\u00fcck: 10%<\/b><\/li>\n<li><b>ab 500 St\u00fcck: 20%<\/b><\/li>\n<li><b>ab 1.000 St\u00fcck: 30%<\/b><\/li>\n<li><b>ab 2.500 St\u00fcck: 40%<\/b><\/li>\n<\/ul>\n<p>Der Mengenrabatt wird direkt im Warenkorb abgerechnet.<\/p>\n","protected":false},"excerpt":{"rendered":"<p>Verschiedene Farben | 9 x 5 cm.<\/p>\n","protected":false},"featured_media":12182,"comment_status":"closed","ping_status":"closed","template":"","meta":{"_acf_changed":false},"product_brand":[],"product_cat":[1385,2190,2186],"product_tag":[],"class_list":{"0":"post-21641","1":"product","2":"type-product","3":"status-publish","4":"has-post-thumbnail","6":"product_cat-drachen-zubehor","7":"product_cat-drachengriffe","8":"product_cat-drachen-lenkschlaufen","9":"pa_breedte-cm-9-de","10":"pa_gewicht-kg-8-de","11":"pa_hoogte-cm-5-de","12":"pa_lengte-cm-25-de","14":"first","15":"instock","16":"taxable","17":"shipping-taxable","18":"purchasable","19":"product-type-simple"},"acf":[],"_links":{"self":[{"href":"https:\/\/www.wepaflyer.com\/de\/wp-json\/wp\/v2\/product\/21641","targetHints":{"allow":["GET"]}}],"collection":[{"href":"https:\/\/www.wepaflyer.com\/de\/wp-json\/wp\/v2\/product"}],"about":[{"href":"https:\/\/www.wepaflyer.com\/de\/wp-json\/wp\/v2\/types\/product"}],"replies":[{"embeddable":true,"href":"https:\/\/www.wepaflyer.com\/de\/wp-json\/wp\/v2\/comments?post=21641"}],"wp:featuredmedia":[{"embeddable":true,"href":"https:\/\/www.wepaflyer.com\/de\/wp-json\/wp\/v2\/media\/12182"}],"wp:attachment":[{"href":"https:\/\/www.wepaflyer.com\/de\/wp-json\/wp\/v2\/media?parent=21641"}],"wp:term":[{"taxonomy":"product_brand","embeddable":true,"href":"https:\/\/www.wepaflyer.com\/de\/wp-json\/wp\/v2\/product_brand?post=21641"},{"taxonomy":"product_cat","embeddable":true,"href":"https:\/\/www.wepaflyer.com\/de\/wp-json\/wp\/v2\/product_cat?post=21641"},{"taxonomy":"product_tag","embeddable":true,"href":"https:\/\/www.wepaflyer.com\/de\/wp-json\/wp\/v2\/product_tag?post=21641"}],"curies":[{"name":"wp","href":"https:\/\/api.w.org\/{rel}","templated":true}]}}