{"id":21639,"date":"2023-12-28T11:44:49","date_gmt":"2023-12-28T10:44:49","guid":{"rendered":"https:\/\/www.wepaflyer.com\/?post_type=product&#038;p=21639"},"modified":"2026-01-21T13:18:19","modified_gmt":"2026-01-21T12:18:19","slug":"b-rolle-ohne-faden","status":"publish","type":"product","link":"https:\/\/www.wepaflyer.com\/de\/produkt\/b-rolle-ohne-faden\/","title":{"rendered":"B-Rolle ohne Faden"},"content":{"rendered":"<h3>B-ROLLEN LEER<\/h3>\n<h5>Verschiedene Farben | 12 x 7,5 cm.<\/h5>\n<p>Solide Drachenrolle f\u00fcr 1-Leiner-Drachen. Hier l\u00e4sst sich der Drachenfaden ganz einfach aufwickeln und die Leine an der Rolle befestigen, indem man sie durch das Loch in der Rolle f\u00fchrt und festknotet.<\/p>\n<p>Erh\u00e4ltlich in den abgebildeten Farben.<\/p>\n<p>Aus robustem PE-Material. Diese Rolle ist ideal f\u00fcr kleine 1-Leiner-Drachen.<\/p>\n<p><b>Mengenrabatte<\/b>; Beim Kauf gr\u00f6\u00dferer Mengen gew\u00e4hren wir folgende Mengenrabatte:<\/p>\n<ul>\n<li><b>ab 100 St\u00fcck: 5%<\/b><\/li>\n<li><b>ab 250 St\u00fcck: 10%<\/b><\/li>\n<li><b>ab 500 St\u00fcck: 15%<\/b><\/li>\n<li><b>ab 1.000 St\u00fcck: 20%<\/b><\/li>\n<\/ul>\n<p>Der Mengenrabatt wird direkt im Warenkorb abgerechnet.<\/p>\n","protected":false},"excerpt":{"rendered":"<p>Verschiedene Farben | 12 x 7,5 cm.<\/p>\n","protected":false},"featured_media":12171,"comment_status":"closed","ping_status":"closed","template":"","meta":{"_acf_changed":false},"product_brand":[],"product_cat":[1385,2190,2186],"product_tag":[],"class_list":{"0":"post-21639","1":"product","2":"type-product","3":"status-publish","4":"has-post-thumbnail","6":"product_cat-drachen-zubehor","7":"product_cat-drachengriffe","8":"product_cat-drachen-lenkschlaufen","9":"pa_breedte-cm-19-de","10":"pa_lengte-cm-12-de","12":"first","13":"instock","14":"taxable","15":"shipping-taxable","16":"purchasable","17":"product-type-simple"},"acf":[],"_links":{"self":[{"href":"https:\/\/www.wepaflyer.com\/de\/wp-json\/wp\/v2\/product\/21639","targetHints":{"allow":["GET"]}}],"collection":[{"href":"https:\/\/www.wepaflyer.com\/de\/wp-json\/wp\/v2\/product"}],"about":[{"href":"https:\/\/www.wepaflyer.com\/de\/wp-json\/wp\/v2\/types\/product"}],"replies":[{"embeddable":true,"href":"https:\/\/www.wepaflyer.com\/de\/wp-json\/wp\/v2\/comments?post=21639"}],"wp:featuredmedia":[{"embeddable":true,"href":"https:\/\/www.wepaflyer.com\/de\/wp-json\/wp\/v2\/media\/12171"}],"wp:attachment":[{"href":"https:\/\/www.wepaflyer.com\/de\/wp-json\/wp\/v2\/media?parent=21639"}],"wp:term":[{"taxonomy":"product_brand","embeddable":true,"href":"https:\/\/www.wepaflyer.com\/de\/wp-json\/wp\/v2\/product_brand?post=21639"},{"taxonomy":"product_cat","embeddable":true,"href":"https:\/\/www.wepaflyer.com\/de\/wp-json\/wp\/v2\/product_cat?post=21639"},{"taxonomy":"product_tag","embeddable":true,"href":"https:\/\/www.wepaflyer.com\/de\/wp-json\/wp\/v2\/product_tag?post=21639"}],"curies":[{"name":"wp","href":"https:\/\/api.w.org\/{rel}","templated":true}]}}