{"id":21637,"date":"2023-12-28T11:44:49","date_gmt":"2023-12-28T10:44:49","guid":{"rendered":"https:\/\/www.wepaflyer.com\/?post_type=product&#038;p=21637"},"modified":"2026-01-21T13:18:17","modified_gmt":"2026-01-21T12:18:17","slug":"afghanischer-kampfdrachen-s","status":"publish","type":"product","link":"https:\/\/www.wepaflyer.com\/de\/produkt\/afghanischer-kampfdrachen-s\/","title":{"rendered":"Afghanischer Kampfdrachen S"},"content":{"rendered":"<h3>AFGHANISCHER KAMPFDRACHEN | COMBAT-KITE &#8211; S<\/h3>\n<h4>Originaler Kampfdrachen nach afghanischem Vorbild | 55 x 75 cm. | R2F<\/h4>\n<p>Original afghanischer Kampfdrachen, bekannt aus dem Buch und Film \u201eDer Drachenl\u00e4ufer von Kabul\u201c. Bei diesem Einleiner-Kampfdrachen handelt es sich um einen klassischen Drachen, der seit jeher von Kindern in Afghanistan geflogen wird und mit dem sie durch geschicktes Man\u00f6vrieren und taktisches Gesp\u00fcr zeigen, wer den besten Drachen hat und wer letztlich der beste Drachenflieger ist.<\/p>\n<p>Der Drachen ist nach einem original afghanischen Vorbild gefertigt und wird in verschiedenen Farben geliefert. Das Drachentuch besteht aus starkem Ripstop-Nylon, der Rahmen aus flexiblem Fiberglas. Farbw\u00fcnsche k\u00f6nnen Sie in den Bestellnotizen angeben, wir versuchen diese bestm\u00f6glich zu ber\u00fccksichtigen.<\/p>\n<p>Der Drachen wird R2F (Ready-to-Fly) mit Drachenleine auf Griff geliefert. Verpackt in PE-H\u00fclle.<\/p>\n<p><strong>Dieser Afghanischer Kampfdrachen wird in sortierten Farben ausgeliefert.<\/strong><\/p>\n","protected":false},"excerpt":{"rendered":"<p>Originaler Kampfdrachen nach afghanischem Vorbild | 55 x 75 cm. | R2F<\/p>\n","protected":false},"featured_media":12163,"comment_status":"closed","ping_status":"closed","template":"","meta":{"_acf_changed":false},"product_brand":[],"product_cat":[1396,2184,1348,1384,2165],"product_tag":[],"class_list":{"0":"post-21637","1":"product","2":"type-product","3":"status-publish","4":"has-post-thumbnail","6":"product_cat-drachen","7":"product_cat-kinderdrachen","8":"product_cat-marken","9":"product_cat-sale","10":"product_cat-wepa","11":"pa_breedte-cm-19-de","12":"pa_lengte-cm-55-de","14":"first","15":"instock","16":"sale","17":"taxable","18":"shipping-taxable","19":"purchasable","20":"product-type-simple"},"acf":[],"_links":{"self":[{"href":"https:\/\/www.wepaflyer.com\/de\/wp-json\/wp\/v2\/product\/21637","targetHints":{"allow":["GET"]}}],"collection":[{"href":"https:\/\/www.wepaflyer.com\/de\/wp-json\/wp\/v2\/product"}],"about":[{"href":"https:\/\/www.wepaflyer.com\/de\/wp-json\/wp\/v2\/types\/product"}],"replies":[{"embeddable":true,"href":"https:\/\/www.wepaflyer.com\/de\/wp-json\/wp\/v2\/comments?post=21637"}],"wp:featuredmedia":[{"embeddable":true,"href":"https:\/\/www.wepaflyer.com\/de\/wp-json\/wp\/v2\/media\/12163"}],"wp:attachment":[{"href":"https:\/\/www.wepaflyer.com\/de\/wp-json\/wp\/v2\/media?parent=21637"}],"wp:term":[{"taxonomy":"product_brand","embeddable":true,"href":"https:\/\/www.wepaflyer.com\/de\/wp-json\/wp\/v2\/product_brand?post=21637"},{"taxonomy":"product_cat","embeddable":true,"href":"https:\/\/www.wepaflyer.com\/de\/wp-json\/wp\/v2\/product_cat?post=21637"},{"taxonomy":"product_tag","embeddable":true,"href":"https:\/\/www.wepaflyer.com\/de\/wp-json\/wp\/v2\/product_tag?post=21637"}],"curies":[{"name":"wp","href":"https:\/\/api.w.org\/{rel}","templated":true}]}}