{"id":21635,"date":"2023-12-28T11:44:49","date_gmt":"2023-12-28T10:44:49","guid":{"rendered":"https:\/\/www.wepaflyer.com\/?post_type=product&#038;p=21635"},"modified":"2026-01-21T13:18:14","modified_gmt":"2026-01-21T12:18:14","slug":"acro-racer-verbindungsset-stark","status":"publish","type":"product","link":"https:\/\/www.wepaflyer.com\/de\/produkt\/acro-racer-verbindungsset-stark\/","title":{"rendered":"Acro Racer Verbindungsset stark"},"content":{"rendered":"<h3>Acro Racer Connector Set Strong<\/h3>\n<h5>Komplett \u2013 3 Leinen<\/h5>\n<p>Wenn Sie die Acro Racer in einer gr\u00f6\u00dferen Formation fliegen m\u00f6chten, m\u00fcssen Sie f\u00fcr die vorderen Drachen der Kette, wo Dabei wird die meiste Kraft ausge\u00fcbt, Verbindungsleitungen erfordern eine h\u00f6here Bruchkraft. Hier finden Sie dieses Verbindungsset bestehend aus 3 extra starken Leitungen und k\u00f6nnen es sofort bestellen. Diese Verbindungsleinen \u201eStrong\u201c sind ma\u00dfgeschneidert f\u00fcr die Acro Racer, Sie k\u00f6nnen sie also einfach anklicken und losfliegen!<\/p>\n<p><i>Wenn Sie in Formation zu viert oder mehr fliegen m\u00f6chten, sind Sie hier genau richtig Bei st\u00e4rkerem Wind sind st\u00e4rkere Verbindungsleinen erforderlich. Dies betrifft vor allem die Verbindungslinien zwischen den f\u00fchrenden Piloten der Formation, da hier die gr\u00f6\u00dfte Kraft ausge\u00fcbt wird. Wenn Sie gerne bei starkem Wind fliegen, k\u00f6nnen Sie dieses Verbindungsset auch mit einem TRIO verwenden.<\/i><\/p>\n","protected":false},"excerpt":{"rendered":"<p>Verbindungsset f\u00fcr Acro Racer 90kg Bruchkraft<\/p>\n","protected":false},"featured_media":12156,"comment_status":"closed","ping_status":"closed","template":"","meta":{"_acf_changed":false},"product_brand":[],"product_cat":[2151,1396],"product_tag":[],"class_list":{"0":"post-21635","1":"product","2":"type-product","3":"status-publish","4":"has-post-thumbnail","6":"product_cat-acro-racer","7":"product_cat-drachen","9":"first","10":"instock","11":"taxable","12":"shipping-taxable","13":"purchasable","14":"product-type-simple"},"acf":[],"_links":{"self":[{"href":"https:\/\/www.wepaflyer.com\/de\/wp-json\/wp\/v2\/product\/21635","targetHints":{"allow":["GET"]}}],"collection":[{"href":"https:\/\/www.wepaflyer.com\/de\/wp-json\/wp\/v2\/product"}],"about":[{"href":"https:\/\/www.wepaflyer.com\/de\/wp-json\/wp\/v2\/types\/product"}],"replies":[{"embeddable":true,"href":"https:\/\/www.wepaflyer.com\/de\/wp-json\/wp\/v2\/comments?post=21635"}],"wp:featuredmedia":[{"embeddable":true,"href":"https:\/\/www.wepaflyer.com\/de\/wp-json\/wp\/v2\/media\/12156"}],"wp:attachment":[{"href":"https:\/\/www.wepaflyer.com\/de\/wp-json\/wp\/v2\/media?parent=21635"}],"wp:term":[{"taxonomy":"product_brand","embeddable":true,"href":"https:\/\/www.wepaflyer.com\/de\/wp-json\/wp\/v2\/product_brand?post=21635"},{"taxonomy":"product_cat","embeddable":true,"href":"https:\/\/www.wepaflyer.com\/de\/wp-json\/wp\/v2\/product_cat?post=21635"},{"taxonomy":"product_tag","embeddable":true,"href":"https:\/\/www.wepaflyer.com\/de\/wp-json\/wp\/v2\/product_tag?post=21635"}],"curies":[{"name":"wp","href":"https:\/\/api.w.org\/{rel}","templated":true}]}}