{"id":21633,"date":"2023-12-28T11:44:49","date_gmt":"2023-12-28T10:44:49","guid":{"rendered":"https:\/\/www.wepaflyer.com\/?post_type=product&#038;p=21633"},"modified":"2026-05-04T12:50:03","modified_gmt":"2026-05-04T10:50:03","slug":"acro-racer-uni-trio-lenkdrachen","status":"publish","type":"product","link":"https:\/\/www.wepaflyer.com\/de\/produkt\/acro-racer-uni-trio-lenkdrachen\/","title":{"rendered":"Acro Racer UNI TRIO Lenkdrachen"},"content":{"rendered":"<h3>WUS ACRO RACER UNI TRIO DRACHEN<\/h3>\n<h5>93 x 91 cm. (3x)<\/h5>\n<p>Der Acro Racer TRIO ist ein Komplettset bestehend aus einem Frontkite und zwei Trailerkites, die du als TRIO in die Luft starten und einfach steuern kannst. Sobald Sie den Dreh raus haben, k\u00f6nnen Sie mehrere Anh\u00e4ngerdrachen dahinter h\u00e4ngen, sodass Sie in Gruppen von 4, 5 oder mehr in Formation fliegen k\u00f6nnen.<\/p>\n<p>Der Acro Racer eignet sich sehr gut f\u00fcr den Formationsflug, als Duo, Trio, Quattro oder vieles mehr. Mit diesem Modell wurden bereits viele Weltrekorde f\u00fcr Lenkdrachen auf zwei Leinen aufgestellt. Geben Sie einem (gro\u00dfen) Kind einen Acro Racer als ersten Lenkdrachen und Sie werden es in den ersten Stunden nicht wieder sehen, wenn es damit besch\u00e4ftigt ist, einen Drachen zu fliegen. Ob bei leichter Brise oder starkem Sturm, der Acro Racer fliegt immer . Durch den langen, mitgelieferten Rohrschwanz fliegt der Acro Racer extrem stabil. <strong>Aus robustem Spinnakerstoff in vielen Farbkombinationen.<\/strong> Fiberglasrahmen in 4 mm.<\/p>\n<p>Die Uni, die Version, mit der alles begann, ist in vielen Farben erh\u00e4ltlich, siehe beigef\u00fcgte Farbpalette.<\/p>\n<p><i><b>Wenn Sie eine Sonderfarbe w\u00fcnschen, geben Sie dies bitte bei der Bestellung deutlich an. Farbw\u00fcnsche kannst du zwar bei der Bestellung angeben, da die Drachen aber speziell f\u00fcr dich angefertigt und verpackt werden, ist ein Umtausch oder eine R\u00fcckgabe nicht m\u00f6glich.<\/b><\/i><\/p>\n<p>Dieses TRIO-Set wird komplett mit Zaumzeug und zwei Verbindungssets sowie drei 13 Meter langen Rohrschw\u00e4nzen geliefert. Zus\u00e4tzlich sind extra stabile Drachenleinen mit einer Bruchkraft von 48kg im Lieferumfang enthalten. Anweisungen im Paket enthalten. Verpackt in PE-H\u00fclle.<\/p>\n<p><b>Mengenrabatte<\/b>; Beim Kauf gr\u00f6\u00dferer Mengen gew\u00e4hren wir folgende Mengenrabatte:<\/p>\n<ul>\n<li><b>ab 2 St\u00fcck: 5%<\/b><\/li>\n<li><b>ab 3 St\u00fcck: 10%<\/b><\/li>\n<li><b>ab 6 St\u00fcck: 20%<\/b><\/li>\n<\/ul>\n<p>Der Mengenrabatt wird direkt im Warenkorb abgerechnet.<\/p>\n<p><i>Hinweis!: Wenn Sie mit vielen Drachen in Formation fliegen m\u00f6chten, ersetzen Sie die Waage- und Verbindungsleinen durch st\u00e4rkere Leinen, verwenden Sie Flugschn\u00fcre mit h\u00f6herer Bruchkraft und ersetzen Sie den Fiberglasrahmen des Frontdrachens durch mindestens 6 mm starkes Fiberglas Massive St\u00e4be.&lt; \/i&gt;<\/i><\/p>\n","protected":false},"excerpt":{"rendered":"<p>93 x 91 cm. (3x) Flugbereit<\/p>\n","protected":false},"featured_media":10543,"comment_status":"closed","ping_status":"closed","template":"","meta":{"_acf_changed":false},"product_brand":[],"product_cat":[2151,1396,2152],"product_tag":[3631],"class_list":{"0":"post-21633","1":"product","2":"type-product","3":"status-publish","4":"has-post-thumbnail","6":"product_cat-acro-racer","7":"product_cat-drachen","8":"product_cat-wepa-ultra-sports","9":"product_tag-kindervliegers","10":"pa_breedte-cm-59-de","11":"pa_lengte-cm-93-de","13":"first","14":"instock","15":"taxable","16":"shipping-taxable","17":"purchasable","18":"product-type-simple"},"acf":[],"_links":{"self":[{"href":"https:\/\/www.wepaflyer.com\/de\/wp-json\/wp\/v2\/product\/21633","targetHints":{"allow":["GET"]}}],"collection":[{"href":"https:\/\/www.wepaflyer.com\/de\/wp-json\/wp\/v2\/product"}],"about":[{"href":"https:\/\/www.wepaflyer.com\/de\/wp-json\/wp\/v2\/types\/product"}],"replies":[{"embeddable":true,"href":"https:\/\/www.wepaflyer.com\/de\/wp-json\/wp\/v2\/comments?post=21633"}],"wp:featuredmedia":[{"embeddable":true,"href":"https:\/\/www.wepaflyer.com\/de\/wp-json\/wp\/v2\/media\/10543"}],"wp:attachment":[{"href":"https:\/\/www.wepaflyer.com\/de\/wp-json\/wp\/v2\/media?parent=21633"}],"wp:term":[{"taxonomy":"product_brand","embeddable":true,"href":"https:\/\/www.wepaflyer.com\/de\/wp-json\/wp\/v2\/product_brand?post=21633"},{"taxonomy":"product_cat","embeddable":true,"href":"https:\/\/www.wepaflyer.com\/de\/wp-json\/wp\/v2\/product_cat?post=21633"},{"taxonomy":"product_tag","embeddable":true,"href":"https:\/\/www.wepaflyer.com\/de\/wp-json\/wp\/v2\/product_tag?post=21633"}],"curies":[{"name":"wp","href":"https:\/\/api.w.org\/{rel}","templated":true}]}}