{"id":21632,"date":"2023-12-28T11:44:49","date_gmt":"2023-12-28T10:44:49","guid":{"rendered":"https:\/\/www.wepaflyer.com\/?post_type=product&#038;p=21632"},"modified":"2026-01-21T13:18:11","modified_gmt":"2026-01-21T12:18:11","slug":"acro-racer-toom-formation-stapel","status":"publish","type":"product","link":"https:\/\/www.wepaflyer.com\/de\/produkt\/acro-racer-toom-formation-stapel\/","title":{"rendered":"Acro Racer Toom-Formation\/Stapel"},"content":{"rendered":"<h3>Acro Racer Schwarmformation \/ Stapel<\/h3>\n<h5>Abgeschlossen<\/h5>\n<p>Wenn Sie in einer Formation (Stapel) von 4 oder mehr Teilen fliegen m\u00f6chten oder der Formationsschwarm Ihres Acro Racers aktiviert ist Als Ersatz k\u00f6nnen Sie hier einen komplett neuen Formationsschwarm bestellen. Die Trense ist ma\u00dfgeschneidert f\u00fcr die Acro Racer in Formation, Sie k\u00f6nnen sie also wieder anklicken und losfliegen!<\/p>\n<p><i>Wenn Sie in Formation zu viert oder mehr fliegen m\u00f6chten, ben\u00f6tigen Sie einen st\u00e4rkeren \u00dcberbr\u00fcckungsgarn und eine etwas l\u00e4ngere \u00dcberbr\u00fcckung erforderlich. Daher diese Formation Toom. Wenn Sie gerne bei starkem Wind fliegen, k\u00f6nnen Sie diese Waage auch mit einem TRIO verwenden.<\/i><\/p>\n","protected":false},"excerpt":{"rendered":"<p>Zaumzeug f\u00fcr Acro Racer Formation \/ Stack<\/p>\n","protected":false},"featured_media":12153,"comment_status":"closed","ping_status":"closed","template":"","meta":{"_acf_changed":false},"product_brand":[],"product_cat":[2151,1396],"product_tag":[],"class_list":{"0":"post-21632","1":"product","2":"type-product","3":"status-publish","4":"has-post-thumbnail","6":"product_cat-acro-racer","7":"product_cat-drachen","9":"first","10":"instock","11":"taxable","12":"shipping-taxable","13":"purchasable","14":"product-type-simple"},"acf":[],"_links":{"self":[{"href":"https:\/\/www.wepaflyer.com\/de\/wp-json\/wp\/v2\/product\/21632","targetHints":{"allow":["GET"]}}],"collection":[{"href":"https:\/\/www.wepaflyer.com\/de\/wp-json\/wp\/v2\/product"}],"about":[{"href":"https:\/\/www.wepaflyer.com\/de\/wp-json\/wp\/v2\/types\/product"}],"replies":[{"embeddable":true,"href":"https:\/\/www.wepaflyer.com\/de\/wp-json\/wp\/v2\/comments?post=21632"}],"wp:featuredmedia":[{"embeddable":true,"href":"https:\/\/www.wepaflyer.com\/de\/wp-json\/wp\/v2\/media\/12153"}],"wp:attachment":[{"href":"https:\/\/www.wepaflyer.com\/de\/wp-json\/wp\/v2\/media?parent=21632"}],"wp:term":[{"taxonomy":"product_brand","embeddable":true,"href":"https:\/\/www.wepaflyer.com\/de\/wp-json\/wp\/v2\/product_brand?post=21632"},{"taxonomy":"product_cat","embeddable":true,"href":"https:\/\/www.wepaflyer.com\/de\/wp-json\/wp\/v2\/product_cat?post=21632"},{"taxonomy":"product_tag","embeddable":true,"href":"https:\/\/www.wepaflyer.com\/de\/wp-json\/wp\/v2\/product_tag?post=21632"}],"curies":[{"name":"wp","href":"https:\/\/api.w.org\/{rel}","templated":true}]}}