{"id":21631,"date":"2023-12-28T11:44:49","date_gmt":"2023-12-28T10:44:49","guid":{"rendered":"https:\/\/www.wepaflyer.com\/?post_type=product&#038;p=21631"},"modified":"2026-01-21T13:18:10","modified_gmt":"2026-01-21T12:18:10","slug":"acro-racer-toom-basic-starter","status":"publish","type":"product","link":"https:\/\/www.wepaflyer.com\/de\/produkt\/acro-racer-toom-basic-starter\/","title":{"rendered":"Acro Racer Toom Basic\/Starter"},"content":{"rendered":"<h3>Acro Racer Flock Basic \/ Starter<\/h3>\n<h5>Komplett<\/h5>\n<p>Wenn die Trense Ihres Acro Racers ausgetauscht werden muss, k\u00f6nnen Sie hier eine komplett neue Trense bestellen. Die Trense ist ma\u00dfgeschneidert f\u00fcr die Acro Racer, Sie k\u00f6nnen sie also wieder anklicken und einen Drachen steigen lassen!<\/p>\n<p><i>Wenn Sie in Formation von 4 oder mehr fliegen m\u00f6chten, ben\u00f6tigen Sie st\u00e4rkeres Bridle-Garn und erfordert eine etwas l\u00e4ngere Z\u00fcgelf\u00fchrung. Dann werfen Sie einen Blick auf die <b>Acro Racer Toom \u201eFormation\u201c<\/b>. Wenn Sie gerne bei starkem Wind fliegen, k\u00f6nnen Sie diese Waage auch mit einem TRIO verwenden.<\/i><\/p>\n","protected":false},"excerpt":{"rendered":"<p>Toom f\u00fcr Acro Racer Solo &#8211; Duo &#8211; Trio<\/p>\n","protected":false},"featured_media":12152,"comment_status":"closed","ping_status":"closed","template":"","meta":{"_acf_changed":false},"product_brand":[],"product_cat":[2151,1396],"product_tag":[],"class_list":{"0":"post-21631","1":"product","2":"type-product","3":"status-publish","4":"has-post-thumbnail","6":"product_cat-acro-racer","7":"product_cat-drachen","9":"first","10":"instock","11":"taxable","12":"shipping-taxable","13":"purchasable","14":"product-type-simple"},"acf":[],"_links":{"self":[{"href":"https:\/\/www.wepaflyer.com\/de\/wp-json\/wp\/v2\/product\/21631","targetHints":{"allow":["GET"]}}],"collection":[{"href":"https:\/\/www.wepaflyer.com\/de\/wp-json\/wp\/v2\/product"}],"about":[{"href":"https:\/\/www.wepaflyer.com\/de\/wp-json\/wp\/v2\/types\/product"}],"replies":[{"embeddable":true,"href":"https:\/\/www.wepaflyer.com\/de\/wp-json\/wp\/v2\/comments?post=21631"}],"wp:featuredmedia":[{"embeddable":true,"href":"https:\/\/www.wepaflyer.com\/de\/wp-json\/wp\/v2\/media\/12152"}],"wp:attachment":[{"href":"https:\/\/www.wepaflyer.com\/de\/wp-json\/wp\/v2\/media?parent=21631"}],"wp:term":[{"taxonomy":"product_brand","embeddable":true,"href":"https:\/\/www.wepaflyer.com\/de\/wp-json\/wp\/v2\/product_brand?post=21631"},{"taxonomy":"product_cat","embeddable":true,"href":"https:\/\/www.wepaflyer.com\/de\/wp-json\/wp\/v2\/product_cat?post=21631"},{"taxonomy":"product_tag","embeddable":true,"href":"https:\/\/www.wepaflyer.com\/de\/wp-json\/wp\/v2\/product_tag?post=21631"}],"curies":[{"name":"wp","href":"https:\/\/api.w.org\/{rel}","templated":true}]}}