{"id":21628,"date":"2023-12-28T11:44:49","date_gmt":"2023-12-28T10:44:49","guid":{"rendered":"https:\/\/www.wepaflyer.com\/?post_type=product&#038;p=21628"},"modified":"2026-01-21T13:18:06","modified_gmt":"2026-01-21T12:18:06","slug":"acro-racer-querstange-komplett","status":"publish","type":"product","link":"https:\/\/www.wepaflyer.com\/de\/produkt\/acro-racer-querstange-komplett\/","title":{"rendered":"Acro Racer Querstange komplett"},"content":{"rendered":"<h3>Ersatz-Quertr\u00e4ger f\u00fcr Acro Racer<\/h3>\n<h5>Komplett<\/h5>\n<p>Sollte dieser Tr\u00e4ger Ihres Acro Racer einmal kaputt gehen, k\u00f6nnen Sie hier einen Ersatz komplett mit allen Teilen bestellen, den Sie wieder einsetzen k\u00f6nnen in Ihrem Acro Racer.<\/p>\n<p>Passt in alle Acro Racer.<\/p>\n","protected":false},"excerpt":{"rendered":"<p>Komplette Ersatzstange horizontal<\/p>\n","protected":false},"featured_media":12145,"comment_status":"closed","ping_status":"closed","template":"","meta":{"_acf_changed":false},"product_brand":[],"product_cat":[2151,1396],"product_tag":[],"class_list":{"0":"post-21628","1":"product","2":"type-product","3":"status-publish","4":"has-post-thumbnail","6":"product_cat-acro-racer","7":"product_cat-drachen","9":"first","10":"instock","11":"taxable","12":"shipping-taxable","13":"purchasable","14":"product-type-simple"},"acf":[],"_links":{"self":[{"href":"https:\/\/www.wepaflyer.com\/de\/wp-json\/wp\/v2\/product\/21628","targetHints":{"allow":["GET"]}}],"collection":[{"href":"https:\/\/www.wepaflyer.com\/de\/wp-json\/wp\/v2\/product"}],"about":[{"href":"https:\/\/www.wepaflyer.com\/de\/wp-json\/wp\/v2\/types\/product"}],"replies":[{"embeddable":true,"href":"https:\/\/www.wepaflyer.com\/de\/wp-json\/wp\/v2\/comments?post=21628"}],"wp:featuredmedia":[{"embeddable":true,"href":"https:\/\/www.wepaflyer.com\/de\/wp-json\/wp\/v2\/media\/12145"}],"wp:attachment":[{"href":"https:\/\/www.wepaflyer.com\/de\/wp-json\/wp\/v2\/media?parent=21628"}],"wp:term":[{"taxonomy":"product_brand","embeddable":true,"href":"https:\/\/www.wepaflyer.com\/de\/wp-json\/wp\/v2\/product_brand?post=21628"},{"taxonomy":"product_cat","embeddable":true,"href":"https:\/\/www.wepaflyer.com\/de\/wp-json\/wp\/v2\/product_cat?post=21628"},{"taxonomy":"product_tag","embeddable":true,"href":"https:\/\/www.wepaflyer.com\/de\/wp-json\/wp\/v2\/product_tag?post=21628"}],"curies":[{"name":"wp","href":"https:\/\/api.w.org\/{rel}","templated":true}]}}