{"id":21627,"date":"2023-12-28T11:44:39","date_gmt":"2023-12-28T10:44:39","guid":{"rendered":"https:\/\/www.wepaflyer.com\/?post_type=product&#038;p=21627"},"modified":"2026-05-04T12:50:03","modified_gmt":"2026-05-04T10:50:03","slug":"acro-racer-triopack-lenkdrachen","status":"publish","type":"product","link":"https:\/\/www.wepaflyer.com\/de\/produkt\/acro-racer-triopack-lenkdrachen\/","title":{"rendered":"Acro Racer .TrioPack Lenkdrachen"},"content":{"rendered":"<h1 style=\"text-align: justify;\">Acro Racer Trio Pack Lenkdrachen<\/h3>\n<h5>Acro Racer Uni, Multi &#038; Cinco!<\/h5>\n<p style=\"text-align: justify;\" > Ein fantastisches Lenkdrachen-Angebot f\u00fcr Kinder und Anf\u00e4nger. Drei Acro Racer Lenkdrachen zum Preis von zwei! Sie erhalten den Acro Racer in der UNI-, MULTI- und CINCO-Version f\u00fcr nur 29,95 statt 50,85! M\u00f6chten Sie drei Kindern eine Freude machen? Oder m\u00f6chten Sie sie einfach alle f\u00fcr sich behalten? Wie auch immer, machen Sie jetzt Ihren Zug!<\/p>\n<p style=\"text-align: justify;\">Der Acro Racer ist seit den 1970er Jahren der mit Abstand beliebteste Lenkdrachen f\u00fcr Kinder und Anf\u00e4nger Bestseller in unserer Sammlung. Geeignet f\u00fcr Jung und Alt, felsenfest, praktisch unzerst\u00f6rbar und fliegt von der leichtesten Brise bis zum st\u00e4rksten Sturmwind. Fliegt extrem stabil. Hergestellt aus robustem Spinnakertuch in den Ausf\u00fchrungen UNI (1-farbig), MULTI (3-farbig) und CINCO (5-farbig). Fiberglasrahmen.<\/p>\n<p style=\"text-align: justify;\">Mit ein wenig Geschick und der Verwendung von&#8230; Verbindungsleinensets erm\u00f6glichen es Ihnen, diese ACRO RACER miteinander zu verbinden und auch als DUO oder TRIO zu fliegen. Extra viel Spa\u00df!<\/p>\n<p style=\"text-align: justify;\">Alle Drachen werden R2F (Ready-to-Fly) in verschiedenen Farbschemata mit passenden Steuerleinen auf 2 Ringrollen und einer L\u00e4nge von 13 Metern geliefert Rohrschwanz. Anweisungen im Paket enthalten. Verpackt in PE-H\u00fclle.<\/p>\n","protected":false},"excerpt":{"rendered":"<p>Acro Racer Uni, Multi &#038; Cinco! 3 Drachen zum Preis von 2!<\/p>\n","protected":false},"featured_media":10505,"comment_status":"closed","ping_status":"closed","template":"","meta":{"_acf_changed":false},"product_brand":[],"product_cat":[2151,1396],"product_tag":[3631],"class_list":{"0":"post-21627","1":"product","2":"type-product","3":"status-publish","4":"has-post-thumbnail","6":"product_cat-acro-racer","7":"product_cat-drachen","8":"product_tag-kindervliegers","10":"first","11":"instock","12":"taxable","13":"shipping-taxable","14":"purchasable","15":"product-type-simple"},"acf":[],"_links":{"self":[{"href":"https:\/\/www.wepaflyer.com\/de\/wp-json\/wp\/v2\/product\/21627","targetHints":{"allow":["GET"]}}],"collection":[{"href":"https:\/\/www.wepaflyer.com\/de\/wp-json\/wp\/v2\/product"}],"about":[{"href":"https:\/\/www.wepaflyer.com\/de\/wp-json\/wp\/v2\/types\/product"}],"replies":[{"embeddable":true,"href":"https:\/\/www.wepaflyer.com\/de\/wp-json\/wp\/v2\/comments?post=21627"}],"wp:featuredmedia":[{"embeddable":true,"href":"https:\/\/www.wepaflyer.com\/de\/wp-json\/wp\/v2\/media\/10505"}],"wp:attachment":[{"href":"https:\/\/www.wepaflyer.com\/de\/wp-json\/wp\/v2\/media?parent=21627"}],"wp:term":[{"taxonomy":"product_brand","embeddable":true,"href":"https:\/\/www.wepaflyer.com\/de\/wp-json\/wp\/v2\/product_brand?post=21627"},{"taxonomy":"product_cat","embeddable":true,"href":"https:\/\/www.wepaflyer.com\/de\/wp-json\/wp\/v2\/product_cat?post=21627"},{"taxonomy":"product_tag","embeddable":true,"href":"https:\/\/www.wepaflyer.com\/de\/wp-json\/wp\/v2\/product_tag?post=21627"}],"curies":[{"name":"wp","href":"https:\/\/api.w.org\/{rel}","templated":true}]}}