{"id":21624,"date":"2023-12-28T11:44:39","date_gmt":"2023-12-28T10:44:39","guid":{"rendered":"https:\/\/www.wepaflyer.com\/?post_type=product&#038;p=21624"},"modified":"2026-01-21T13:18:01","modified_gmt":"2026-01-21T12:18:01","slug":"a-rolle-40-m-15-kg-garn","status":"publish","type":"product","link":"https:\/\/www.wepaflyer.com\/de\/produkt\/a-rolle-40-m-15-kg-garn\/","title":{"rendered":"A-Rolle + 40 m 15 kg Garn"},"content":{"rendered":"<h3>A-REEL + 40 m. 15 kg Schnur<\/h3>\n<h5>Verschiedene Farben | 12 x 7,5 cm.<\/h5>\n<p>Stabile Drachenrolle f\u00fcr 1-Leiner-Drachen und kleinere Lenkdrachen. Ca. 40 Meter Drachenfaden mit einer Bruchfestigkeit von 15 kg. ist abgewickelt. Die Leine kann hinter dem Haken an der Rolle befestigt werden, sodass Sie die L\u00e4nge der Drachenleine genau k\u00fcrzen k\u00f6nnen.<\/p>\n<p>Erh\u00e4ltlich in den abgebildeten Farben.<\/p>\n<p>Die Spule besteht aus robustem PE-Material, das Garn ist aus gezwirnter Polyester-Nylon-Qualit\u00e4t. Wenn Sie das Garn nach Gebrauch wieder auf die Spule wickeln, achten Sie darauf, dass die Aufwickelspannung nicht zu gro\u00df ist, da dies dazu f\u00fchren kann, dass sich die Spule verbiegt.<\/p>\n<p><b>Mengenrabatte<\/b>; Beim Kauf gr\u00f6\u00dferer Mengen gew\u00e4hren wir folgende Mengenrabatte:<\/p>\n<ul>\n<li><b>ab 100 St\u00fcck: 10%<\/b><\/li>\n<li><b>ab 250 St\u00fcck: 20%<\/b><\/li>\n<li><b>ab 500 St\u00fcck: 30%<\/b><\/li>\n<li><b>ab 1.000 St\u00fcck: 40%<\/b><\/li>\n<li><b>ab 2.500 St\u00fcck: 50%<\/b><\/li>\n<\/ul>\n<p>Der Mengenrabatt wird direkt im Warenkorb abgerechnet.<\/p>\n","protected":false},"excerpt":{"rendered":"<p>Verschiedene Farben | 12 x 7,5 cm.<\/p>\n","protected":false},"featured_media":10497,"comment_status":"closed","ping_status":"closed","template":"","meta":{"_acf_changed":false},"product_brand":[],"product_cat":[1385,2190,2186],"product_tag":[],"class_list":{"0":"post-21624","1":"product","2":"type-product","3":"status-publish","4":"has-post-thumbnail","6":"product_cat-drachen-zubehor","7":"product_cat-drachengriffe","8":"product_cat-drachen-lenkschlaufen","9":"pa_breedte-cm-19-de","10":"pa_lengte-cm-12-de","12":"first","13":"instock","14":"taxable","15":"shipping-taxable","16":"purchasable","17":"product-type-simple"},"acf":[],"_links":{"self":[{"href":"https:\/\/www.wepaflyer.com\/de\/wp-json\/wp\/v2\/product\/21624","targetHints":{"allow":["GET"]}}],"collection":[{"href":"https:\/\/www.wepaflyer.com\/de\/wp-json\/wp\/v2\/product"}],"about":[{"href":"https:\/\/www.wepaflyer.com\/de\/wp-json\/wp\/v2\/types\/product"}],"replies":[{"embeddable":true,"href":"https:\/\/www.wepaflyer.com\/de\/wp-json\/wp\/v2\/comments?post=21624"}],"wp:featuredmedia":[{"embeddable":true,"href":"https:\/\/www.wepaflyer.com\/de\/wp-json\/wp\/v2\/media\/10497"}],"wp:attachment":[{"href":"https:\/\/www.wepaflyer.com\/de\/wp-json\/wp\/v2\/media?parent=21624"}],"wp:term":[{"taxonomy":"product_brand","embeddable":true,"href":"https:\/\/www.wepaflyer.com\/de\/wp-json\/wp\/v2\/product_brand?post=21624"},{"taxonomy":"product_cat","embeddable":true,"href":"https:\/\/www.wepaflyer.com\/de\/wp-json\/wp\/v2\/product_cat?post=21624"},{"taxonomy":"product_tag","embeddable":true,"href":"https:\/\/www.wepaflyer.com\/de\/wp-json\/wp\/v2\/product_tag?post=21624"}],"curies":[{"name":"wp","href":"https:\/\/api.w.org\/{rel}","templated":true}]}}