{"id":21623,"date":"2023-12-28T11:44:39","date_gmt":"2023-12-28T10:44:39","guid":{"rendered":"https:\/\/www.wepaflyer.com\/?post_type=product&#038;p=21623"},"modified":"2026-05-04T12:43:43","modified_gmt":"2026-05-04T10:43:43","slug":"wind-wasp-sportdrachen-mit-logo-bedruckt","status":"publish","type":"product","link":"https:\/\/www.wepaflyer.com\/de\/produkt\/wind-wasp-sportdrachen-mit-logo-bedruckt\/","title":{"rendered":"Wind Wasp Sportlenkdrachen | The Fast Kite"},"content":{"rendered":"<h3>WIND WASP SPORTDELTA PROMO SPI-NYLON<\/h3>\n<h5>WIND-WASP SPORTDELTA PROMO SPI-NYLON | 60 x 135\/150 cm. | Flugfertig<\/h5>\n<p>Der WIND WASP Sportlenkdelta \u00e4hnelt einem professionellen Wettkampfdrachen, nur kleiner, ein echter Show-Off. Er wurde speziell f\u00fcr gr\u00f6\u00dfere St\u00fcckzahlen entwickelt und gedacht. Sie werden von den Druckoptionen und Preisen \u00fcberrascht sein. Seit der Einf\u00fchrung des WindWasp vor einigen Jahren hat er sich als Volltreffer erwiesen, genau das, was viele Kunden von einem gr\u00f6\u00dferen Lenkdrachen erwarten. Sein flottes und modernes Design spricht Jung und Alt an und es stellt sich heraus, dass er ein perfekter Einstiegsdrachen f\u00fcr diejenigen ist, die noch nie oder fast nie einen Drachen geflogen sind. Das gro\u00dfe Mittelteil bietet Platz f\u00fcr die Platzierung eines gro\u00dfen Logos, die Fl\u00fcgelenden k\u00f6nnen farblich passend gestaltet werden. Einfach zu montieren, R2F = flugfertige Version, also startklar!<\/p>\n<p>Anf\u00e4ngern raten wir, zun\u00e4chst bei wenig Wind zu \u00fcben, dann lernt man den Kite und seine M\u00f6glichkeiten besser kennen. Bei sehr starkem Wind kann das Material des Storm Fly \u00fcberlastet werden, daher ist es besser, den Storm Fly eine Zeit lang am Boden zu belassen. Unschlagbar in Preis und Leistung. Folgen Sie die Anleitung, Sie k\u00f6nnen nichts falsch machen.<\/p>\n<p><strong><em>ACHTUNG! Denken Sie an gr\u00f6\u00dfere Mengen ab 500 St\u00fcck und ist der Preis ausschlaggebend? Dann k\u00f6nnen wir Ihnen dieses Modell auch in der Economic-Variante anbieten. Optisch und qua Aussehen identischer Drachen, jedoch kosteng\u00fcnstig produziert. Bitte geben Sie in Ihrer Anfrage Ihr Interesse an dieser Eco-Version an.<\/em><\/strong><\/p>\n<p>Dieser WIND WASP Sportdelta besteht aus robustem Ripstop-Nylon und hat einen Glasfaserrahmen in 4 mm. St\u00e4rke. Die Tunnel bestehen aus verst\u00e4rktem Material und die Nase ist mit Gurtband verst\u00e4rkt. Dieser Einsteigerdrachen verzeiht Anf\u00e4ngerfehler und kann einiges aushalten, was auch zum Teil seine Beliebtheit bestimmt.<br \/>\nWindWasp-Lenkdrachen sind einzeln in einer Nylon-Tragetasche mit Aufdruck verpackt und R2F (flugfertig), d. h. inklusive 2 Drachenringen mit passendem Drachenschn\u00fcren und Anleitungsblatt. Die Farben des Mittelteils und der Fl\u00fcgelenden k\u00f6nnen Sie aus den vielen verf\u00fcgbaren Stofffarben selbst w\u00e4hlen.<\/p>\n<p>Drucken mit Siebdruck oder Digitaldruck.<br \/>\nMindestauflage 100 St\u00fcck. F\u00fcr die Eco-Version 500 St\u00fcck.<br \/>\nSpezielle (Verpackungs-)W\u00fcnsche k\u00f6nnen besprochen werden.<\/p>\n<p>Wenn Sie Interesse an diesem Modell haben, fordern Sie bitte ein unverbindliches Angebot an.<\/p>\n","protected":false},"excerpt":{"rendered":"<p>WIND-WASP SPORTDELTA PROMO SPI-NYLON | 60 x 135\/150 cm. | Flugfertig<\/p>\n","protected":false},"featured_media":10490,"comment_status":"closed","ping_status":"closed","template":"","meta":{"_acf_changed":false},"product_brand":[],"product_cat":[2189,2165,1380],"product_tag":[3638],"class_list":{"0":"post-21623","1":"product","2":"type-product","3":"status-publish","4":"has-post-thumbnail","6":"product_cat-drachen-bedrucken","7":"product_cat-wepa","8":"product_cat-werbegeschenke","9":"product_tag-promokites","10":"pa_breedte-cm-150-de","11":"pa_hoogte-cm-135-de","12":"pa_lengte-cm-60-de","14":"first","15":"instock","16":"taxable","17":"shipping-taxable","18":"purchasable","19":"product-type-simple"},"acf":[],"_links":{"self":[{"href":"https:\/\/www.wepaflyer.com\/de\/wp-json\/wp\/v2\/product\/21623","targetHints":{"allow":["GET"]}}],"collection":[{"href":"https:\/\/www.wepaflyer.com\/de\/wp-json\/wp\/v2\/product"}],"about":[{"href":"https:\/\/www.wepaflyer.com\/de\/wp-json\/wp\/v2\/types\/product"}],"replies":[{"embeddable":true,"href":"https:\/\/www.wepaflyer.com\/de\/wp-json\/wp\/v2\/comments?post=21623"}],"wp:featuredmedia":[{"embeddable":true,"href":"https:\/\/www.wepaflyer.com\/de\/wp-json\/wp\/v2\/media\/10490"}],"wp:attachment":[{"href":"https:\/\/www.wepaflyer.com\/de\/wp-json\/wp\/v2\/media?parent=21623"}],"wp:term":[{"taxonomy":"product_brand","embeddable":true,"href":"https:\/\/www.wepaflyer.com\/de\/wp-json\/wp\/v2\/product_brand?post=21623"},{"taxonomy":"product_cat","embeddable":true,"href":"https:\/\/www.wepaflyer.com\/de\/wp-json\/wp\/v2\/product_cat?post=21623"},{"taxonomy":"product_tag","embeddable":true,"href":"https:\/\/www.wepaflyer.com\/de\/wp-json\/wp\/v2\/product_tag?post=21623"}],"curies":[{"name":"wp","href":"https:\/\/api.w.org\/{rel}","templated":true}]}}