{"id":21620,"date":"2023-12-28T11:44:39","date_gmt":"2023-12-28T10:44:39","guid":{"rendered":"https:\/\/www.wepaflyer.com\/?post_type=product&#038;p=21620"},"modified":"2026-01-21T13:17:56","modified_gmt":"2026-01-21T12:17:56","slug":"fixy-diamond-s-tyvek-drachendruck-mit-logo","status":"publish","type":"product","link":"https:\/\/www.wepaflyer.com\/de\/produkt\/fixy-diamond-s-tyvek-drachendruck-mit-logo\/","title":{"rendered":"Fixy Diamant S | The Easy Kite | Tyvek"},"content":{"rendered":"<h3>FIXY-DIAMANT-S PROMO TYVEK<\/h3>\n<h5>FIXY-DIAMANT-S PROMO TYVEK | 42 x 41 cm. | Flugfertig<\/h5>\n<p><span>Der beliebteste Werbedrachen unter Ber\u00fccksichtigung der Auflagen im Laufe der Jahre. Give-away, kleiner Preis, gro\u00dfer Erfolg. Ab kleinen Mengen lieferbar. Da dieser Drachen halbiert in einen A4-Umschlag passt, eignet er sich auch hervorragend als Versanddrachen.<br \/>\nBeliebter 1-Leiner-Drachen, der f\u00fcr die Allerkleinsten geeignet ist. Klassische Rautenform. Unschlagbar in Preis und Leistung. Dieses S-Modell fliegt auch bei wenig Wind.<\/span><\/p>\n<p>Die Drachen aus der FIXY-Serie haben alle eines gemeinsam: Sie erfreuen sich gro\u00dfer Beliebtheit bei Jung und Alt. Die Fixies fliegen bei wenig Wind, steigen schnell auf und bleiben stabil am Himmel. Das Einzigartigste an diesem Modell ist die durchdachte Einfachheit der Montage. Mit Hilfe von Endkappen und der am Kite angebrachten Slips k\u00f6nnen Sie den Drachen schnell und einfach zusammenbauen, spannen und ausbalancieren. Folgen Sie die Anweisungen und achten Sie auf die Symmetrie. Man kann nichts falsch machen, einfach den Drachen steigen lassen!<\/p>\n<p><strong>Der FIXY-DIAMANT-S Tyvek ist aus besonders robustem und rei\u00dffestem Tyvek-Material gefertigt und mit PSS-Recyceltest\u00e4ben ausgestattet, was ihn robust und leicht macht. <span class=\"Y2IQFc\" lang=\"de\">Diese Tyvek-Drachen eignen sich ideal zum Ausmalen, drucken Sie (die Umrisse) Ihres Logos und die Kinder machen die sch\u00f6nsten und farbenfrohsten Kreationen daraus.<\/span><\/strong><\/p>\n<p>Der Drachen wird R2F (flugfertig) mit Flugschnur auf Drachengriff, 2 Schw\u00e4nzchen und einer Anleitung geliefert. PSS<span>-Recycelte-St\u00e4be. Einzeln verpackt in einer PE-H\u00fclle.\u00a0<\/span><span class=\"Y2IQFc\" lang=\"de\">Zus\u00e4tzlich zu einem \u201enormalen\u201c Werbedruck k\u00f6nnte es eine \u00dcberlegung wert sein, diese Drachen beispielsweise nur mit Umrissen und Logo zu bedrucken, damit die Kinder die Drachen komplett selbst ausmalen k\u00f6nnen, da dies auf Tyvek sehr gut funktioniert. <strong>Tyvek ist nur in Wei\u00df erh\u00e4ltlich und kann nur einfarbig bedruckt werden.<\/strong><\/span><\/p>\n<p>Bedruckung mittels Siebdruck.<br \/>\nMindestauflage 25 St\u00fcck.<br \/>\nSpezielle (Verpackungs-)W\u00fcnsche sind besprechbar.<\/p>\n<p>Wenn Sie Interesse an diesem Modell haben, fordern Sie bitte ein unverbindliches Angebot an.<\/p>\n","protected":false},"excerpt":{"rendered":"<p>FIXY-DIAMANT-S PROMO TYVEK | 42 x 41 cm. | Flugfertig<\/p>\n","protected":false},"featured_media":10475,"comment_status":"closed","ping_status":"closed","template":"","meta":{"_acf_changed":false},"product_brand":[],"product_cat":[2189,2165,1380],"product_tag":[],"class_list":{"0":"post-21620","1":"product","2":"type-product","3":"status-publish","4":"has-post-thumbnail","6":"product_cat-drachen-bedrucken","7":"product_cat-wepa","8":"product_cat-werbegeschenke","9":"pa_breedte-cm-41-de","10":"pa_lengte-cm-42-de","12":"first","13":"instock","14":"taxable","15":"shipping-taxable","16":"purchasable","17":"product-type-simple"},"acf":[],"_links":{"self":[{"href":"https:\/\/www.wepaflyer.com\/de\/wp-json\/wp\/v2\/product\/21620","targetHints":{"allow":["GET"]}}],"collection":[{"href":"https:\/\/www.wepaflyer.com\/de\/wp-json\/wp\/v2\/product"}],"about":[{"href":"https:\/\/www.wepaflyer.com\/de\/wp-json\/wp\/v2\/types\/product"}],"replies":[{"embeddable":true,"href":"https:\/\/www.wepaflyer.com\/de\/wp-json\/wp\/v2\/comments?post=21620"}],"wp:featuredmedia":[{"embeddable":true,"href":"https:\/\/www.wepaflyer.com\/de\/wp-json\/wp\/v2\/media\/10475"}],"wp:attachment":[{"href":"https:\/\/www.wepaflyer.com\/de\/wp-json\/wp\/v2\/media?parent=21620"}],"wp:term":[{"taxonomy":"product_brand","embeddable":true,"href":"https:\/\/www.wepaflyer.com\/de\/wp-json\/wp\/v2\/product_brand?post=21620"},{"taxonomy":"product_cat","embeddable":true,"href":"https:\/\/www.wepaflyer.com\/de\/wp-json\/wp\/v2\/product_cat?post=21620"},{"taxonomy":"product_tag","embeddable":true,"href":"https:\/\/www.wepaflyer.com\/de\/wp-json\/wp\/v2\/product_tag?post=21620"}],"curies":[{"name":"wp","href":"https:\/\/api.w.org\/{rel}","templated":true}]}}