{"id":21618,"date":"2023-12-28T11:44:39","date_gmt":"2023-12-28T10:44:39","guid":{"rendered":"https:\/\/www.wepaflyer.com\/?post_type=product&#038;p=21618"},"modified":"2026-01-21T13:17:54","modified_gmt":"2026-01-21T12:17:54","slug":"funfoil-145-matratzendrachen-mit-logo-bedruckt","status":"publish","type":"product","link":"https:\/\/www.wepaflyer.com\/de\/produkt\/funfoil-145-matratzendrachen-mit-logo-bedruckt\/","title":{"rendered":"FunFoil 145 Lenkmatte | The Power Kite"},"content":{"rendered":"<h3>FUN FOIL 145 LENKMATTE PROMO SPI-NYLON<\/h3>\n<h5>FUN-FOIL-145 LENKMATTE PROMO SPI-NYLON | 145 x 59 cm. | Flugfertig<\/h5>\n<p>Die Fun Foil 145 ist die Gr\u00f6\u00dfere der der Fun Foils. Beliebt und gefragt wegen einer Reihe von Eigenschaften: gro\u00dfes Format, gro\u00dfe Druckfl\u00e4che, gro\u00dfe Auswahl an Farben und Designs, wettbewerbsf\u00e4hige Preise, rasche Lieferung und nicht zuletzt hervorragende Flugeigenschaften, insbesondere f\u00fcr ein Anf\u00e4nger-Foil. Dieser Drachen ist R2F = flugfertig, startbereit. Befestigen Sie die Drachenleinen und lassen Sie den Drachen steigen!<\/p>\n<p>Anf\u00e4ngern raten wir, zun\u00e4chst bei leichtem Wind zu \u00fcben, dann lernt man den Kite kennen und sieht, wie er auf bestimmte Lenkbewegungen reagiert. Diese Stunt-Foil ist f\u00fcr schwachen bis m\u00e4\u00dfigen Wind geeignet. Fliegt auch bei st\u00e4rkerem Wind, aber dann immer st\u00e4rkere Drachenleinen verwenden. Diese Foil besteht aus 12 Luftkammern und kann in mehrere Farbfelder mit aufeinander abgestimmten Bedruckungen unterteilt werden. Der Preis kann je nach Ihren W\u00fcnschen variieren. Sch\u00f6ner Einsteigerdrachen. Auch f\u00fcr die j\u00fcngeren Drachenflieger geeignet.<\/p>\n<p>Diese FUN FOIL 145 ist gefertigt aus robustem Ripstop-Nylon. Die Luftkammern sind verst\u00e4rkt und die Schlaufen sind besonders stabil. Dieser Einsteigerdrachen verzeiht Anf\u00e4ngerfehler und kann einiges aushalten, was auch zum Teil seine Beliebtheit bestimmt.<\/p>\n<p>Fun Foils 145 sind einzeln verpackt in einer Nylonh\u00fclle mit Klettverschluss und Trageschlaufe. Auch Ihr Aufdruck kann auf diesem Transportbeutel platziert werden.<br \/>\nDie Fun Foil 145 ist R2F (flugfertig), d.h. inklusive 2 Drachen-Ringen mit passenden Lenkschn\u00fcren und Anleitung. Alternativ k\u00f6nnen Sie sich bei dieser Fun Foil 145 auch f\u00fcr Lenkschn\u00fcre auf Wickelgriff und Schlaufen (Straps) zu angepassten Preisen entscheiden. Die Farben der Fun Foil 145 k\u00f6nnen Sie aus den vielen verf\u00fcgbaren Tuchfarben selbst ausw\u00e4hlen.<\/p>\n<p>Drucken mit Siebdruck oder Digitaldruck.<br \/>\nMindestauflage 100 St\u00fcck.<br \/>\nSpezielle (Verpackungs-)W\u00fcnsche k\u00f6nnen besprochen werden, z. B. auch verpackt in G\u00fcrteltasche mit G\u00fcrtelschlaufe erh\u00e4ltlich.<\/p>\n<p>Wenn Sie Interesse an diesem Modell haben, fordern Sie bitte ein unverbindliches Angebot an.<\/p>\n","protected":false},"excerpt":{"rendered":"<p>FUN-FOIL-145 LENKMATTE PROMO SPI-NYLON | 145 x 59 cm. | Flugfertig<\/p>\n","protected":false},"featured_media":10455,"comment_status":"closed","ping_status":"closed","template":"","meta":{"_acf_changed":false},"product_brand":[],"product_cat":[2189,2165,1380],"product_tag":[],"class_list":{"0":"post-21618","1":"product","2":"type-product","3":"status-publish","4":"has-post-thumbnail","6":"product_cat-drachen-bedrucken","7":"product_cat-wepa","8":"product_cat-werbegeschenke","9":"pa_breedte-cm-59-de","10":"pa_lengte-cm-145-de","12":"first","13":"instock","14":"taxable","15":"shipping-taxable","16":"purchasable","17":"product-type-simple"},"acf":[],"_links":{"self":[{"href":"https:\/\/www.wepaflyer.com\/de\/wp-json\/wp\/v2\/product\/21618","targetHints":{"allow":["GET"]}}],"collection":[{"href":"https:\/\/www.wepaflyer.com\/de\/wp-json\/wp\/v2\/product"}],"about":[{"href":"https:\/\/www.wepaflyer.com\/de\/wp-json\/wp\/v2\/types\/product"}],"replies":[{"embeddable":true,"href":"https:\/\/www.wepaflyer.com\/de\/wp-json\/wp\/v2\/comments?post=21618"}],"wp:featuredmedia":[{"embeddable":true,"href":"https:\/\/www.wepaflyer.com\/de\/wp-json\/wp\/v2\/media\/10455"}],"wp:attachment":[{"href":"https:\/\/www.wepaflyer.com\/de\/wp-json\/wp\/v2\/media?parent=21618"}],"wp:term":[{"taxonomy":"product_brand","embeddable":true,"href":"https:\/\/www.wepaflyer.com\/de\/wp-json\/wp\/v2\/product_brand?post=21618"},{"taxonomy":"product_cat","embeddable":true,"href":"https:\/\/www.wepaflyer.com\/de\/wp-json\/wp\/v2\/product_cat?post=21618"},{"taxonomy":"product_tag","embeddable":true,"href":"https:\/\/www.wepaflyer.com\/de\/wp-json\/wp\/v2\/product_tag?post=21618"}],"curies":[{"name":"wp","href":"https:\/\/api.w.org\/{rel}","templated":true}]}}