{"id":21613,"date":"2023-12-28T11:44:39","date_gmt":"2023-12-28T10:44:39","guid":{"rendered":"https:\/\/www.wepaflyer.com\/?post_type=product&#038;p=21613"},"modified":"2026-01-21T13:17:48","modified_gmt":"2026-01-21T12:17:48","slug":"lx-diamant-65-drachen-mit-logo-bedruckt","status":"publish","type":"product","link":"https:\/\/www.wepaflyer.com\/de\/produkt\/lx-diamant-65-drachen-mit-logo-bedruckt\/","title":{"rendered":"LX Diamant 65 | The Strong Kite"},"content":{"rendered":"<h3>LX-DIAMANT-65 PROMO SPI-NYLON<\/h3>\n<h5>LX-DIAMANT-65 PROMO SPI-NYLON | 64 x 58 cm. | Flugfertig<\/h5>\n<p>Attraktiver Werbedrachen aus unserer LX-Serie. LX steht f\u00fcr solide Verarbeitung und Qualit\u00e4t. Drachen geeignet f\u00fcr alle Zielgruppen, insbesondere Kinder. Give-away, kleiner Preis, gro\u00dfer Erfolg. Ab kleinen Mengen lieferbar. Dies ist das Vorzugsmodell, wenn Sie mehr als nur einfache Qualit\u00e4t suchen.<\/p>\n<p>Beliebter 1-Leiner-Drachen, der f\u00fcr die Allerkleinsten geeignet ist. Klassische Rautenform. Unschlagbar in Preis und Leistung. Dieser LX-Diamant fliegt bei wenig Wind und man kann ihn auch bei wirklich starkem Wind starten, aber Vorsicht, es gibt Grenzen. Wenn der Drachen anf\u00e4ngt, sich zu drehen, beschweren Sie den Schweif, damit er wieder stabil fliegt. Folgen Sie die Anleitung und Sie k\u00f6nnen nichts falsch machen, lassen Sie einfach den Drachen steigen!<\/p>\n<p>Der Drachen wird R2F (flugfertig) mit Flugschnur auf Drachengriff, 2 Schw\u00e4nzchen und einer Anleitung geliefert. Hergestellt aus robustem Spinnakertuch und in allen Farben des Regenbogens erh\u00e4ltlich; starke und flexibele Glasfaser-St\u00e4be. Einzeln verpackt in einer PE-H\u00fclle.<\/p>\n<p><strong>Dieses Modell kann auch als Lenkdrachen mit 2 Leinen gefertigt werden. Selbstverst\u00e4ndlich sind dann zwei Griffen mit Drachenleinen im Lieferumfang enthalten. Wenn Sie an dieser Version interessiert sind, beziehen Sie sich bei der Angebotsanfrage bitte auf ACRO-LX-Diamant-65.<\/strong><\/p>\n<p>Drucken mit Siebdruck oder Digitaldruck.<br \/>\nMindestauflage 50 St\u00fcck.<br \/>\nSpezielle (Verpackungs-)W\u00fcnsche sind besprechbar.<\/p>\n<p>Wenn Sie Interesse an diesem Modell haben, fordern Sie bitte ein unverbindliches Angebot an.<\/p>\n","protected":false},"excerpt":{"rendered":"<p>LX-DIAMANT-65 PROMO SPI-NYLON | 64 x 58 cm. | Flugfertig<\/p>\n","protected":false},"featured_media":10423,"comment_status":"closed","ping_status":"closed","template":"","meta":{"_acf_changed":false},"product_brand":[],"product_cat":[2189,2165,1380],"product_tag":[],"class_list":{"0":"post-21613","1":"product","2":"type-product","3":"status-publish","4":"has-post-thumbnail","6":"product_cat-drachen-bedrucken","7":"product_cat-wepa","8":"product_cat-werbegeschenke","9":"pa_breedte-cm-58-de","10":"pa_lengte-cm-64-de","12":"first","13":"instock","14":"taxable","15":"shipping-taxable","16":"purchasable","17":"product-type-simple"},"acf":[],"_links":{"self":[{"href":"https:\/\/www.wepaflyer.com\/de\/wp-json\/wp\/v2\/product\/21613","targetHints":{"allow":["GET"]}}],"collection":[{"href":"https:\/\/www.wepaflyer.com\/de\/wp-json\/wp\/v2\/product"}],"about":[{"href":"https:\/\/www.wepaflyer.com\/de\/wp-json\/wp\/v2\/types\/product"}],"replies":[{"embeddable":true,"href":"https:\/\/www.wepaflyer.com\/de\/wp-json\/wp\/v2\/comments?post=21613"}],"wp:featuredmedia":[{"embeddable":true,"href":"https:\/\/www.wepaflyer.com\/de\/wp-json\/wp\/v2\/media\/10423"}],"wp:attachment":[{"href":"https:\/\/www.wepaflyer.com\/de\/wp-json\/wp\/v2\/media?parent=21613"}],"wp:term":[{"taxonomy":"product_brand","embeddable":true,"href":"https:\/\/www.wepaflyer.com\/de\/wp-json\/wp\/v2\/product_brand?post=21613"},{"taxonomy":"product_cat","embeddable":true,"href":"https:\/\/www.wepaflyer.com\/de\/wp-json\/wp\/v2\/product_cat?post=21613"},{"taxonomy":"product_tag","embeddable":true,"href":"https:\/\/www.wepaflyer.com\/de\/wp-json\/wp\/v2\/product_tag?post=21613"}],"curies":[{"name":"wp","href":"https:\/\/api.w.org\/{rel}","templated":true}]}}