{"id":21612,"date":"2023-12-28T11:44:39","date_gmt":"2023-12-28T10:44:39","guid":{"rendered":"https:\/\/www.wepaflyer.com\/?post_type=product&#038;p=21612"},"modified":"2026-01-21T13:17:46","modified_gmt":"2026-01-21T12:17:46","slug":"nylon-drachen-fixy-diamond-xs-mit-logo-bedruckt","status":"publish","type":"product","link":"https:\/\/www.wepaflyer.com\/de\/produkt\/nylon-drachen-fixy-diamond-xs-mit-logo-bedruckt\/","title":{"rendered":"Fixy Diamant XS | The Easy Kite"},"content":{"rendered":"<h3>FIXY-DIAMANT-XS PROMO SPI-NYLON<\/h3>\n<h5>FIXY-DIAMANT-XS PROMO SPI-NYLON | 36 x 35 cm. | Flugfertig<\/h5>\n<p>Sehr beliebter kleiner Werbedrachen. Give-away, kleiner Preis, gro\u00dfer Erfolg. Ab kleinen Mengen lieferbar. Da dieser Drachen halbiert in einen A4-Umschlag passt, eignet er sich auch hervorragend als Versanddrachen.<br \/>\nBeliebter 1-Leiner-Drachen, der f\u00fcr die Allerkleinsten geeignet ist. Klassische Rautenform. Unschlagbar in Preis und Leistung. Dieses XS-Modell braucht etwas mehr Wind.<\/p>\n<p>Die Drachen aus der FIXY-Serie haben alle eines gemeinsam: Sie erfreuen sich gro\u00dfer Beliebtheit bei Jung und Alt. Die Fixies fliegen bei wenig Wind, steigen schnell auf und bleiben stabil am Himmel. Das Einzigartigste an diesem Modell ist die durchdachte Einfachheit der Montage. Mit Hilfe von Endkappen und der am Kite angebrachten Slips k\u00f6nnen Sie den Drachen schnell und einfach zusammenbauen, spannen und ausbalancieren. Folgen Sie die Anweisungen und achten Sie auf die Symmetrie. Man kann nichts falsch machen, einfach den Drachen steigen lassen!<\/p>\n<p>Der Drachen wird R2F (flugfertig)) mit Flugschnur auf Drachengriff, 2 Schw\u00e4nzchen und einer Anleitung geliefert. Hergestellt aus robustem Spinnakertuch und in allen Farben des Regenbogens erh\u00e4ltlich; PSS-Recycelte-St\u00e4be. Einzeln verpackt in einer PE-H\u00fclle.<\/p>\n<p>Bedruckung mittels Siebdruck oder Digitaldruck.<br \/>\nMindestauflage 25 St\u00fcck.<br \/>\nSpezielle (Verpackungs-)W\u00fcnsche sind besprechbar.<\/p>\n<p>Wenn Sie Interesse an diesem Modell haben, fordern Sie bitte ein unverbindliches Angebot an.<\/p>\n","protected":false},"excerpt":{"rendered":"<p>FIXY-DIAMANT-XS PROMO SPI-NYLON | 36 x 35 cm. | Flugfertig<\/p>\n","protected":false},"featured_media":10416,"comment_status":"closed","ping_status":"closed","template":"","meta":{"_acf_changed":false},"product_brand":[],"product_cat":[2189,2165,1380],"product_tag":[],"class_list":{"0":"post-21612","1":"product","2":"type-product","3":"status-publish","4":"has-post-thumbnail","6":"product_cat-drachen-bedrucken","7":"product_cat-wepa","8":"product_cat-werbegeschenke","9":"pa_breedte-cm-35-de","10":"pa_lengte-cm-36-de","12":"first","13":"instock","14":"taxable","15":"shipping-taxable","16":"purchasable","17":"product-type-simple"},"acf":[],"_links":{"self":[{"href":"https:\/\/www.wepaflyer.com\/de\/wp-json\/wp\/v2\/product\/21612","targetHints":{"allow":["GET"]}}],"collection":[{"href":"https:\/\/www.wepaflyer.com\/de\/wp-json\/wp\/v2\/product"}],"about":[{"href":"https:\/\/www.wepaflyer.com\/de\/wp-json\/wp\/v2\/types\/product"}],"replies":[{"embeddable":true,"href":"https:\/\/www.wepaflyer.com\/de\/wp-json\/wp\/v2\/comments?post=21612"}],"wp:featuredmedia":[{"embeddable":true,"href":"https:\/\/www.wepaflyer.com\/de\/wp-json\/wp\/v2\/media\/10416"}],"wp:attachment":[{"href":"https:\/\/www.wepaflyer.com\/de\/wp-json\/wp\/v2\/media?parent=21612"}],"wp:term":[{"taxonomy":"product_brand","embeddable":true,"href":"https:\/\/www.wepaflyer.com\/de\/wp-json\/wp\/v2\/product_brand?post=21612"},{"taxonomy":"product_cat","embeddable":true,"href":"https:\/\/www.wepaflyer.com\/de\/wp-json\/wp\/v2\/product_cat?post=21612"},{"taxonomy":"product_tag","embeddable":true,"href":"https:\/\/www.wepaflyer.com\/de\/wp-json\/wp\/v2\/product_tag?post=21612"}],"curies":[{"name":"wp","href":"https:\/\/api.w.org\/{rel}","templated":true}]}}